{"id":54,"date":"2014-03-24T15:50:30","date_gmt":"2014-03-24T15:50:30","guid":{"rendered":"https:\/\/www.mbi-geodata.com\/fr\/area-boundaries\/postal-zip\/"},"modified":"2018-02-19T11:20:42","modified_gmt":"2018-02-19T10:20:42","slug":"zones-postales","status":"publish","type":"page","link":"https:\/\/www.mbi-geodata.com\/p6\/donnees-cartographiques-donnees-vectorielles\/zones-postales\/","title":{"rendered":"LES ZONES POSTALES"},"content":{"rendered":"<div class=\"n2-td n2-first\">\n<div class=\"n2-code\"><span style=\"color: #999999; font-family: 'Trebuchet MS', Arial, Helvetica, sans-serif; font-weight: bold;\">ZONES POSTALES &#8211; LA BASE POUR VOS DONNEES<\/span><\/div>\n<\/div>\n<p>MB-International propose des zones postales (contours postaux) pour plus de 190 pays dans le monde permettant aux entreprises de r\u00e9aliser des analyses g\u00e9ospatiales strat\u00e9giques. Les donn\u00e9es garantissent une continuit\u00e9 g\u00e9ometrique entre les pays contigus. Les donn\u00e9es ont \u00e9t\u00e9 mises au point par MB-International sur la base d\u2019un r\u00e9seau international de sources de donn\u00e9es officielles et de fournisseurs de donn\u00e9es locaux.<\/p>\n<p>Pour effectuer des analyses et mieux planifier certaines d\u00e9cisions, il est judicieux de coupler les donn\u00e9es d\u00e9j\u00e0 disponibles comme les donn\u00e9es des clients existants (coordonn\u00e9es, montant des achats par exemple) et de les enrichir avec des donn\u00e9es g\u00e9ographiques. Ainsi vous obtenez des r\u00e9sultats visualisables, pr\u00e9cis et rapidement d\u00e9codables.<\/p>\n<p>D\u2019autres donn\u00e9es comme des informations socio-\u00e9conomiques ou le pouvoir d\u2019achat peuvent \u00eatre ajout\u00e9es si n\u00e9cessaire.<\/p>\n<h2 class=\"advantages\">LES AVANTAGES DES ZONES POSTALES INTERNATIONALES DE MB-INTERNATIONAL<\/h2>\n<ul>\n<li>Coh\u00e9rentes et comparables \u00e0 l&rsquo;\u00e9chelle mondiale<\/li>\n<li>Une couverture globale des contours g\u00e9ographiques postaux&nbsp;<\/li>\n<li>Les contours g\u00e9ographiques sont compatibles avec nos donn\u00e9es internationales socio-\u00e9conomiques ainsi que avec nos donn\u00e9es sur le pouvoir d\u2019achat<\/li>\n<li>Une proc\u00e9dure stricte de contr\u00f4le de la qualit\u00e9 garantit des donn\u00e9es fiables<\/li>\n<li>Continuit\u00e9 g\u00e9ometrique entre les pays contigus<\/li>\n<li>Les donn\u00e9es cartographiques sont comparables entre elles<\/li>\n<li>Homog\u00e9n\u00e9it\u00e9 des donn\u00e9es pour tous les pays (m\u00eames structures et dates comparables), ce qui permet une mise en parall\u00e8le des indicateurs sur les diff\u00e9rents pays<\/li>\n<li>Toutes les limites sont topologiquement correctes<\/li>\n<li>Mises \u00e0 jour r\u00e9guli\u00e8res des donn\u00e9es.<\/li>\n<\/ul>\n<h2 class=\"use-cases\">NOMBREUSES POSSIBILITES D&rsquo;APPLICATION<\/h2>\n<ul class=\"twocollist\">\n<li>Sectorisation commerciale des territoires<\/li>\n<li>Gestion des ventes<\/li>\n<li>Evaluation de site<\/li>\n<li>Analyse d\u2019implantation<\/li>\n<li>Etudes de march\u00e9 et analyse du potential de march\u00e9<\/li>\n<li>Analyse et planification de r\u00e9seaux de vente<\/li>\n<li>Etudes des points de vente<\/li>\n<li>Expansion et consolidation<\/li>\n<li>Etudes de clients et portrait de la provenance de la client\u00e8le (par ex. dans le commerce de d\u00e9tail avec donn\u00e9es de ventes issues de tickets de caisse avec code postal)<\/li>\n<li>Visualisations des clients<\/li>\n<li>Cartes th\u00e9matiques<\/li>\n<li>Social Media Marketing<\/li>\n<li>Postcode look-up tables<\/li>\n<li>Applications internet<\/li>\n<li>G\u00e9ocodage<\/li>\n<\/ul>\n<p>Sur demande, nous livrons \u00e9galement des d\u00e9coupages g\u00e9ographiques adapt\u00e9s \u00e0 vos besoins sp\u00e9cifiques, au niveau national ou international et \u00e0 l&rsquo;\u00e9chelle d\u00e9sir\u00e9e.<\/p>\n<p>Du choix de la prochaine site de vente \u00e0 l&rsquo;analyse de votre chiffre d&rsquo;affaires actuel, la visualisation de vos donn\u00e9es peut vous aider \u00e0 prendre des d\u00e9cisions plus rentables. Mettez vos r\u00e9sultats en perspectives pour mieux agir !<\/p>\n<div>\n<h2 class=\"formats\">Nos ZONES POSTALES vectorielles sont disponibles dans les FORMATS STANDARDS<\/h2>\n<ul>\n<li>Esri Shape file (.shp)<\/li>\n<li>Esri Geodatabase (.gdb)<\/li>\n<li>MapInfo (.tab)<\/li>\n<li>MapInfo MIF\/MID&nbsp;&nbsp;<\/li>\n<\/ul>\n<hr>\n<p>Dans la s\u00e9lection suivante, vous recevez un aper\u00e7u de l\u2019\u00e9ventail des donn\u00e9es dans les diff\u00e9rents pays. Nos donn\u00e9es de test sont disponibles pour la plupart des pays europ\u00e9ens. Il s&rsquo;agit l\u00e0 d&rsquo;un extrait de notre gamme de donn\u00e9es. N&rsquo;h\u00e9sitez pas \u00e0 nous contacter si vous avez des questions ou si les donn\u00e9es que vous recherchez ne sont pas incluses &#8211; nous serons ravis de vous aider !<\/p>\n<div class=\"menu-world-areas-container\"><ul id=\"short_menu_69eae46620cf3\" class=\"shortcode_menu worldareas  \"><li id=\"menu-item-3559\" class=\"menu-item menu-item-type-post_type menu-item-object-page menu-item-3559\"><a href=\"https:\/\/www.mbi-geodata.com\/p6\/fournisseur-de-donnees-geographiques-socio-economiques-internationales\/europe-occidentale\/\">Europe occidentale<\/a><\/li>\n<li id=\"menu-item-3558\" class=\"menu-item menu-item-type-post_type menu-item-object-page menu-item-3558\"><a href=\"https:\/\/www.mbi-geodata.com\/p6\/fournisseur-de-donnees-geographiques-socio-economiques-internationales\/europe-orientale\/\">Europe orientale<\/a><\/li>\n<li id=\"menu-item-3561\" class=\"menu-item menu-item-type-post_type menu-item-object-page menu-item-3561\"><a href=\"https:\/\/www.mbi-geodata.com\/p6\/fournisseur-de-donnees-geographiques-socio-economiques-internationales\/amerique-du-nord\/\">Am\u00e9rique du nord<\/a><\/li>\n<li id=\"menu-item-3560\" class=\"menu-item menu-item-type-post_type menu-item-object-page menu-item-3560\"><a href=\"https:\/\/www.mbi-geodata.com\/p6\/fournisseur-de-donnees-geographiques-socio-economiques-internationales\/amerique-du-sud\/\">Am\u00e9rique du sud<\/a><\/li>\n<li id=\"menu-item-3562\" class=\"menu-item menu-item-type-post_type menu-item-object-page menu-item-3562\"><a href=\"https:\/\/www.mbi-geodata.com\/p6\/fournisseur-de-donnees-geographiques-socio-economiques-internationales\/asie\/\">Asie<\/a><\/li>\n<li id=\"menu-item-3564\" class=\"menu-item menu-item-type-post_type menu-item-object-page menu-item-3564\"><a href=\"https:\/\/www.mbi-geodata.com\/p6\/fournisseur-de-donnees-geographiques-socio-economiques-internationales\/oceanie\/\">Oc\u00e9anie<\/a><\/li>\n<li id=\"menu-item-3563\" class=\"menu-item menu-item-type-post_type menu-item-object-page menu-item-3563\"><a href=\"https:\/\/www.mbi-geodata.com\/p6\/fournisseur-de-donnees-geographiques-socio-economiques-internationales\/afrique\/\">Afrique<\/a><\/li>\n<\/ul><\/div><div class=\"clear\"><\/div>\n\t\t\t<style>\n\t\t\t\t#short_menu_69eae46620cf3 {  }\n\t\t\t\t#short_menu_69eae46620cf3 ul.wpsm-arrow-enabled:before {  } \n\t\t\t\t#short_menu_69eae46620cf3 ul, #short_menu_69eae46620cf3 ul ul {  }\n\t\t\t\t#short_menu_69eae46620cf3 a {  }\n\t\t\t\t#short_menu_69eae46620cf3 a:hover {  }\n\t\t\t\t#short_menu_69eae46620cf3 ul a {  }\n\t\t\t\t#short_menu_69eae46620cf3 ul a:hover {  }\n\t\t\t\t\n\t\t\t<\/style>\n\t\t\t<script type=\"text\/javascript\">\n\t\t\t\tvar show_arrow = \"true\";var $sm = jQuery.noConflict();\n\t\t\t\t\tjQuery(function ($) {\n\t\t\t\t\t\t$(\"#short_menu_69eae46620cf3\").tinyNav();\n\t\t\t\t\t\t$(\"#short_menu_69eae46620cf3\").next().addClass(\"shortcode-menu-mobile\");\n\t\t\t\t\t\t\n\t\t\t\t\t\tshortcode_menu_responsive();\n\t\t\t\t\t});\n\t\t\t\t\tjQuery(window).resize(function($){\n\t\t\t\t\t\tshortcode_menu_responsive();\n\t\t\t\t\t});\n\t\t\t\t\tfunction shortcode_menu_responsive()\n\t\t\t\t\t{\n\t\t\t\t\t\tvar window_width = $sm(window).width();\n\t\t\t\t\t\tif(window_width <= 650)\n\t\t\t\t\t\t{\n\t\t\t\t\t\t\t$sm(\"#short_menu_69eae46620cf3\").hide();\n\t\t\t\t\t\t\t$sm(\"#short_menu_69eae46620cf3\").next().show();\n\t\t\t\t\t\t}\n\t\t\t\t\t\telse\n\t\t\t\t\t\t{\n\t\t\t\t\t\t\t$sm(\"#short_menu_69eae46620cf3\").show();\n\t\t\t\t\t\t\t$sm(\"#short_menu_69eae46620cf3\").next().hide();\n\t\t\t\t\t\t}\n\t\t\t\t\t}<\/script>\n<p>&nbsp;<\/p>\n<\/div>\n","protected":false},"excerpt":{"rendered":"<p>ZONES POSTALES &#8211; LA BASE POUR VOS DONNEES MB-International propose des zones postales (contours postaux) pour plus de 190 pays dans le monde permettant aux entreprises de r\u00e9aliser des analyses g\u00e9ospatiales strat\u00e9giques. Les donn\u00e9es garantissent une continuit\u00e9 g\u00e9ometrique entre les pays contigus. Les donn\u00e9es ont \u00e9t\u00e9 mises au point par MB-International sur la base d\u2019un [&hellip;]<\/p>\n","protected":false},"author":5,"featured_media":0,"parent":3499,"menu_order":0,"comment_status":"open","ping_status":"open","template":"","meta":{"_acf_changed":false,"ngg_post_thumbnail":0,"footnotes":""},"class_list":["post-54","page","type-page","status-publish","hentry"],"acf":[],"_links":{"self":[{"href":"https:\/\/www.mbi-geodata.com\/p6\/wp-json\/wp\/v2\/pages\/54","targetHints":{"allow":["GET"]}}],"collection":[{"href":"https:\/\/www.mbi-geodata.com\/p6\/wp-json\/wp\/v2\/pages"}],"about":[{"href":"https:\/\/www.mbi-geodata.com\/p6\/wp-json\/wp\/v2\/types\/page"}],"author":[{"embeddable":true,"href":"https:\/\/www.mbi-geodata.com\/p6\/wp-json\/wp\/v2\/users\/5"}],"replies":[{"embeddable":true,"href":"https:\/\/www.mbi-geodata.com\/p6\/wp-json\/wp\/v2\/comments?post=54"}],"version-history":[{"count":1,"href":"https:\/\/www.mbi-geodata.com\/p6\/wp-json\/wp\/v2\/pages\/54\/revisions"}],"predecessor-version":[{"id":3603,"href":"https:\/\/www.mbi-geodata.com\/p6\/wp-json\/wp\/v2\/pages\/54\/revisions\/3603"}],"up":[{"embeddable":true,"href":"https:\/\/www.mbi-geodata.com\/p6\/wp-json\/wp\/v2\/pages\/3499"}],"wp:attachment":[{"href":"https:\/\/www.mbi-geodata.com\/p6\/wp-json\/wp\/v2\/media?parent=54"}],"curies":[{"name":"wp","href":"https:\/\/api.w.org\/{rel}","templated":true}]}}