{"id":387,"date":"2014-03-24T17:18:54","date_gmt":"2014-03-24T16:18:54","guid":{"rendered":"https:\/\/www.mbi-geodata.com\/fr\/data-offering\/africa\/angola-maps\/"},"modified":"2014-03-24T17:18:54","modified_gmt":"2014-03-24T16:18:54","slug":"angola","status":"publish","type":"page","link":"https:\/\/www.mbi-geodata.com\/p6\/fournisseur-de-donnees-geographiques-socio-economiques-internationales\/afrique\/angola\/","title":{"rendered":"Cartes d&rsquo;Angola"},"content":{"rendered":"<p>D\u00e9couvrez ci-dessous un aper\u00e7u de nos donn\u00e9es socio-\u00e9conomiques pour Angola au niveau Municipios. Nous vous offrons des donn\u00e9es suivantes: Population ainsi que <a href=\"https:\/\/www.mbi-geodata.com\/fr\/produits-cartographiques\/\">des d\u00e9coupages\/contours g\u00e9ographiques<\/a> appropri\u00e9s.<\/p>\n<div class=\"geodata__wrap\"><table class=\"geodata geodata_1\"><tbody><tr><th class=\"section-heading\" scope=\"row\" colspan=\"2\">Niveau g\u00e9ographique<\/th><\/tr><tr class=\"section1\"><th class=\"row-th\" scope=\"row\">Niveau de secteur<\/th><th class=\"col-th\" scope=\"col\"><b>Administratif<\/b><\/th><\/tr><tr class=\"section1\">\n<th class=\"row-th\"  scope=\"row\">Nom<\/th><th class=\"col-th\" scope=\"col\">Munic\u00edpios<\/th><\/tr><tr class=\"section1 section1_last\">\n<th class=\"row-th\" scope=\"row\">Nombre de secteurs<\/th><td>161<\/td><\/tr>\n<tr><th class=\"section-heading\" scope=\"row\" colspan=\"2\">G\u00e9ometrie<\/th><\/tr><tr><th class=\"row-th\" scope=\"row\"><a href=\"https:\/\/www.mbi-geodata.com\/p6\/cartographie-routiere-here\/true-house-coordinates\/\" target=\"_blank\">Polygones<\/a><\/th><td><svg xmlns=\"http:\/\/www.w3.org\/2000\/svg\" xml:space=\"preserve\" viewBox=\"0 0 32 32\" width=\"32\" height=\"32\"><title>Oui\/Disponible<\/title><path fill=\"#28a745\" d=\"M16 4C9 4 4 9 4 16s5 12 12 12 12-5 12-12S23 4 16 4zm5 10-7 6-3-4v-2h1l3 3 5-5h1v2z\"\/><\/svg><\/td><\/tr><tr><th class=\"section-heading\" scope=\"row\" colspan=\"2\">Donn\u00e9es \/ variables<\/th><\/tr><tr><th class=\"row-th\" scope=\"row\"><a href=\"https:\/\/www.mbi-geodata.com\/p6\/donnees-socio-demographiques\/population-totale\/\" target=\"_blank\">Population<\/a><\/th><td><svg xmlns=\"http:\/\/www.w3.org\/2000\/svg\" xml:space=\"preserve\" viewBox=\"0 0 32 32\" width=\"32\" height=\"32\"><title>Oui\/Disponible<\/title><path fill=\"#28a745\" d=\"M16 4C9 4 4 9 4 16s5 12 12 12 12-5 12-12S23 4 16 4zm5 10-7 6-3-4v-2h1l3 3 5-5h1v2z\"\/><\/svg><\/td><\/tr>\n<\/tbody><\/table><\/div>\n\n<p>Pour une utilisation dans un SIG (Syst\u00e8me d&rsquo;Information G\u00e9ographique), nous fournissons les donn\u00e9es cartographiques dans tous les formats standards, par exemple *.tab (MapInfo Professional) ou shape file (*.shp) pour ArcGIS et ArcView. Sur demande nous pouvons \u00e9galement fournir les donn\u00e9es cartographiques pour Google Earth (KML) et\/ou PostGIS.<\/p>\n<p>Si vous le souhaitez, nous pouvons croiser les limites cartographiques avec des donn\u00e9es socio-\u00e9conomiques ou vos donn\u00e9es de r\u00e9f\u00e9rence. Vous pouvez ensuite charger les donn\u00e9es sans \u00e9tape interm\u00e9diaire dans votre syst\u00e8me et ainsi les utiliser directement.<\/p>\n<p><a href=\"https:\/\/www.mbi-geodata.com\/fr\/nous-contacter\/?subject=Cartes+de+Angola\">N&rsquo;h\u00e9sitez pas \u00e0 nous contacter<\/a> si vous avez besoin des donn\u00e9es de test, si vous avez des questions, ou si les donn\u00e9es que vous recherchez ne sont pas\u00a0incluses &#8211; nous serons ravis de vous aider !<\/p>\n","protected":false},"excerpt":{"rendered":"<p>D\u00e9couvrez ci-dessous un aper\u00e7u de nos donn\u00e9es socio-\u00e9conomiques pour Angola au niveau Municipios. Nous vous offrons des donn\u00e9es suivantes: Population ainsi que des d\u00e9coupages\/contours g\u00e9ographiques appropri\u00e9s. Pour une utilisation dans un SIG (Syst\u00e8me d&rsquo;Information G\u00e9ographique), nous fournissons les donn\u00e9es cartographiques dans tous les formats standards, par exemple *.tab (MapInfo Professional) ou shape file (*.shp) pour [&hellip;]<\/p>\n","protected":false},"author":5,"featured_media":0,"parent":46,"menu_order":0,"comment_status":"closed","ping_status":"closed","template":"","meta":{"_acf_changed":false,"ngg_post_thumbnail":0,"footnotes":""},"class_list":["post-387","page","type-page","status-publish","hentry"],"acf":[],"_links":{"self":[{"href":"https:\/\/www.mbi-geodata.com\/p6\/wp-json\/wp\/v2\/pages\/387","targetHints":{"allow":["GET"]}}],"collection":[{"href":"https:\/\/www.mbi-geodata.com\/p6\/wp-json\/wp\/v2\/pages"}],"about":[{"href":"https:\/\/www.mbi-geodata.com\/p6\/wp-json\/wp\/v2\/types\/page"}],"author":[{"embeddable":true,"href":"https:\/\/www.mbi-geodata.com\/p6\/wp-json\/wp\/v2\/users\/5"}],"replies":[{"embeddable":true,"href":"https:\/\/www.mbi-geodata.com\/p6\/wp-json\/wp\/v2\/comments?post=387"}],"version-history":[{"count":0,"href":"https:\/\/www.mbi-geodata.com\/p6\/wp-json\/wp\/v2\/pages\/387\/revisions"}],"up":[{"embeddable":true,"href":"https:\/\/www.mbi-geodata.com\/p6\/wp-json\/wp\/v2\/pages\/46"}],"wp:attachment":[{"href":"https:\/\/www.mbi-geodata.com\/p6\/wp-json\/wp\/v2\/media?parent=387"}],"curies":[{"name":"wp","href":"https:\/\/api.w.org\/{rel}","templated":true}]}}