{"id":3498,"date":"2014-03-24T15:41:56","date_gmt":"2014-03-24T15:41:56","guid":{"rendered":"https:\/\/www.mbi-geodata.com\/fr\/data-offering\/"},"modified":"2018-02-18T18:13:15","modified_gmt":"2018-02-18T17:13:15","slug":"fournisseur-de-donnees-geographiques-socio-economiques-internationales","status":"publish","type":"page","link":"https:\/\/www.mbi-geodata.com\/p6\/","title":{"rendered":"FOURNISSEUR DE DONNEES GEOGRAPHIQUES ET SOCIO-ECONOMIQUES INTERNATIONALES"},"content":{"rendered":"<p>MB-International, sp\u00e9cialiste pour l&rsquo;optimisation de la gestion territoriale et d&rsquo;implantation, vous offre une source unique de donn\u00e9es g\u00e9ographiques et socio-\u00e9conomiques couvrant diff\u00e9rents niveaux g\u00e9ographiques pour plus de 190 pays.<\/p>\n<p>MB-International produit et vend ses propres donn\u00e9es socio-\u00e9conomiques ainsi que des fonds de cartes en diff\u00e9rents types de d\u00e9coupages g\u00e9ographiques.<br \/>\nLes donn\u00e9es socio-\u00e9conomiques portent notamment sur la population, la structure des m\u00e9nages, les classes d\u2019\u00e2ges ainsi que le pouvoir d\u2019achat.<br \/>\nLes produits cartographiques sont des fonds de cartes bas\u00e9s sur des codes postaux, des limites administratives et des fonds de cartes \u00ab&nbsp;micro&nbsp;\u00bb, une unit\u00e9 g\u00e9ographique encore plus fine que celle de la commune.<\/p>\n<p>Les donn\u00e9es socio-\u00e9conomiques peuvent \u00eatre coupl\u00e9es aux jeux de donn\u00e9es cartographiques et permettent ainsi une analyse rapide et efficace du territoire. L\u2019offre est compl\u00e9t\u00e9e par des donn\u00e9es routi\u00e8res.<\/p>\n<p><strong>Des donn\u00e9es internationales, strat\u00e9giques, compl\u00e8tes et actualis\u00e9es r\u00e9guli\u00e8rement pour que vos d\u00e9cisions soient solidement appuy\u00e9es sur des informations valid\u00e9es.<\/strong><\/p>\n<hr>\n<p>Cliquez sur le pays qui vous int\u00e9resse et d\u00e9couvrez notre offre de donn\u00e9es :<\/p>\n<p align=\"left\"><div class=\"worldmap-outer\"><div id=\"worldmap1\" class=\"worldmap\"><div class=\"spacer\"><\/div><\/div><\/div><\/p>\n<hr>\n<p>Dans la s\u00e9lection suivante, vous recevez un aper\u00e7u de l\u2019\u00e9ventail des donn\u00e9es dans les diff\u00e9rents pays. Nos donn\u00e9es de test sont disponibles pour la plupart des pays europ\u00e9ens. Il s&rsquo;agit l\u00e0 d&rsquo;un extrait de notre gamme de donn\u00e9es. N&rsquo;h\u00e9sitez pas \u00e0 nous contacter si vous avez des questions ou si les donn\u00e9es que vous recherchez ne sont pas incluses &#8211; nous serons ravis de vous aider !<\/p>\n<div class=\"menu-world-areas-container\"><ul id=\"short_menu_69f1b9db2a9ce\" class=\"shortcode_menu worldareas  \"><li id=\"menu-item-3559\" class=\"menu-item menu-item-type-post_type menu-item-object-page menu-item-3559\"><a href=\"https:\/\/www.mbi-geodata.com\/p6\/fournisseur-de-donnees-geographiques-socio-economiques-internationales\/europe-occidentale\/\">Europe occidentale<\/a><\/li>\n<li id=\"menu-item-3558\" class=\"menu-item menu-item-type-post_type menu-item-object-page menu-item-3558\"><a href=\"https:\/\/www.mbi-geodata.com\/p6\/fournisseur-de-donnees-geographiques-socio-economiques-internationales\/europe-orientale\/\">Europe orientale<\/a><\/li>\n<li id=\"menu-item-3561\" class=\"menu-item menu-item-type-post_type menu-item-object-page menu-item-3561\"><a href=\"https:\/\/www.mbi-geodata.com\/p6\/fournisseur-de-donnees-geographiques-socio-economiques-internationales\/amerique-du-nord\/\">Am\u00e9rique du nord<\/a><\/li>\n<li id=\"menu-item-3560\" class=\"menu-item menu-item-type-post_type menu-item-object-page menu-item-3560\"><a href=\"https:\/\/www.mbi-geodata.com\/p6\/fournisseur-de-donnees-geographiques-socio-economiques-internationales\/amerique-du-sud\/\">Am\u00e9rique du sud<\/a><\/li>\n<li id=\"menu-item-3562\" class=\"menu-item menu-item-type-post_type menu-item-object-page menu-item-3562\"><a href=\"https:\/\/www.mbi-geodata.com\/p6\/fournisseur-de-donnees-geographiques-socio-economiques-internationales\/asie\/\">Asie<\/a><\/li>\n<li id=\"menu-item-3564\" class=\"menu-item menu-item-type-post_type menu-item-object-page menu-item-3564\"><a href=\"https:\/\/www.mbi-geodata.com\/p6\/fournisseur-de-donnees-geographiques-socio-economiques-internationales\/oceanie\/\">Oc\u00e9anie<\/a><\/li>\n<li id=\"menu-item-3563\" class=\"menu-item menu-item-type-post_type menu-item-object-page menu-item-3563\"><a href=\"https:\/\/www.mbi-geodata.com\/p6\/fournisseur-de-donnees-geographiques-socio-economiques-internationales\/afrique\/\">Afrique<\/a><\/li>\n<\/ul><\/div><div class=\"clear\"><\/div>\n\t\t\t<style>\n\t\t\t\t#short_menu_69f1b9db2a9ce {  }\n\t\t\t\t#short_menu_69f1b9db2a9ce ul.wpsm-arrow-enabled:before {  } \n\t\t\t\t#short_menu_69f1b9db2a9ce ul, #short_menu_69f1b9db2a9ce ul ul {  }\n\t\t\t\t#short_menu_69f1b9db2a9ce a {  }\n\t\t\t\t#short_menu_69f1b9db2a9ce a:hover {  }\n\t\t\t\t#short_menu_69f1b9db2a9ce ul a {  }\n\t\t\t\t#short_menu_69f1b9db2a9ce ul a:hover {  }\n\t\t\t\t\n\t\t\t<\/style>\n\t\t\t<script type=\"text\/javascript\">\n\t\t\t\tvar show_arrow = \"true\";var $sm = jQuery.noConflict();\n\t\t\t\t\tjQuery(function ($) {\n\t\t\t\t\t\t$(\"#short_menu_69f1b9db2a9ce\").tinyNav();\n\t\t\t\t\t\t$(\"#short_menu_69f1b9db2a9ce\").next().addClass(\"shortcode-menu-mobile\");\n\t\t\t\t\t\t\n\t\t\t\t\t\tshortcode_menu_responsive();\n\t\t\t\t\t});\n\t\t\t\t\tjQuery(window).resize(function($){\n\t\t\t\t\t\tshortcode_menu_responsive();\n\t\t\t\t\t});\n\t\t\t\t\tfunction shortcode_menu_responsive()\n\t\t\t\t\t{\n\t\t\t\t\t\tvar window_width = $sm(window).width();\n\t\t\t\t\t\tif(window_width <= 650)\n\t\t\t\t\t\t{\n\t\t\t\t\t\t\t$sm(\"#short_menu_69f1b9db2a9ce\").hide();\n\t\t\t\t\t\t\t$sm(\"#short_menu_69f1b9db2a9ce\").next().show();\n\t\t\t\t\t\t}\n\t\t\t\t\t\telse\n\t\t\t\t\t\t{\n\t\t\t\t\t\t\t$sm(\"#short_menu_69f1b9db2a9ce\").show();\n\t\t\t\t\t\t\t$sm(\"#short_menu_69f1b9db2a9ce\").next().hide();\n\t\t\t\t\t\t}\n\t\t\t\t\t}<\/script>\n<h2 class=\"formats\">Nos donn\u00e9es socio-\u00e9conomiques sont disponibles dans les FORMATS STANDARDS<\/h2>\n<ul>\n<li>Tab delimited file (TXT)<\/li>\n<li>dBase (DBF)<\/li>\n<li>Base de donn\u00e9es Microsoft Access (MDB)<\/li>\n<li>Excel (xls)<\/li>\n<\/ul>\n<h2 class=\"formats\">Nos donn\u00e9es cartographiques vectorielles sont disponibles dans les FORMATS STANDARDS<\/h2>\n<ul>\n<li>ESRI Shape file<\/li>\n<li>MapInfo Professional (*.tab)<\/li>\n<li>MapInfo MIF\/MID<\/li>\n<\/ul>\n<p>Sur demande nous pouvons \u00e9galement fournir les donn\u00e9es cartographiques pour Google Earth (KML) et\/ou PostGIS.<\/p>\n<p>Si vous le souhaitez, nous pouvons croiser les limites cartographiques avec des donn\u00e9es socio-\u00e9conomiques ou vos donn\u00e9es de r\u00e9f\u00e9rence. Vous pouvez ensuite charger les donn\u00e9es sans \u00e9tape interm\u00e9diaire dans votre syst\u00e8me et ainsi les utiliser directement. Vous obtenez une visualisation pr\u00e9cise, dynamique et surtout rapidement d\u00e9codable.<br \/>\nC&rsquo;est avec plaisir que nous vous ferons parvenir une offre personnalis\u00e9e. Nous serons \u00e9galement heureux de vous informer quant \u00e0 la disponibilit\u00e9 des donn\u00e9es dans les pays de votre choix.<\/p>\n","protected":false},"excerpt":{"rendered":"<p>MB-International, sp\u00e9cialiste pour l&rsquo;optimisation de la gestion territoriale et d&rsquo;implantation, vous offre une source unique de donn\u00e9es g\u00e9ographiques et socio-\u00e9conomiques couvrant diff\u00e9rents niveaux g\u00e9ographiques pour plus de 190 pays. MB-International produit et vend ses propres donn\u00e9es socio-\u00e9conomiques ainsi que des fonds de cartes en diff\u00e9rents types de d\u00e9coupages g\u00e9ographiques. Les donn\u00e9es socio-\u00e9conomiques portent notamment sur [&hellip;]<\/p>\n","protected":false},"author":5,"featured_media":0,"parent":0,"menu_order":0,"comment_status":"open","ping_status":"open","template":"","meta":{"_acf_changed":false,"ngg_post_thumbnail":0,"footnotes":""},"class_list":["post-3498","page","type-page","status-publish","hentry"],"acf":[],"_links":{"self":[{"href":"https:\/\/www.mbi-geodata.com\/p6\/wp-json\/wp\/v2\/pages\/3498","targetHints":{"allow":["GET"]}}],"collection":[{"href":"https:\/\/www.mbi-geodata.com\/p6\/wp-json\/wp\/v2\/pages"}],"about":[{"href":"https:\/\/www.mbi-geodata.com\/p6\/wp-json\/wp\/v2\/types\/page"}],"author":[{"embeddable":true,"href":"https:\/\/www.mbi-geodata.com\/p6\/wp-json\/wp\/v2\/users\/5"}],"replies":[{"embeddable":true,"href":"https:\/\/www.mbi-geodata.com\/p6\/wp-json\/wp\/v2\/comments?post=3498"}],"version-history":[{"count":1,"href":"https:\/\/www.mbi-geodata.com\/p6\/wp-json\/wp\/v2\/pages\/3498\/revisions"}],"predecessor-version":[{"id":3593,"href":"https:\/\/www.mbi-geodata.com\/p6\/wp-json\/wp\/v2\/pages\/3498\/revisions\/3593"}],"wp:attachment":[{"href":"https:\/\/www.mbi-geodata.com\/p6\/wp-json\/wp\/v2\/media?parent=3498"}],"curies":[{"name":"wp","href":"https:\/\/api.w.org\/{rel}","templated":true}]}}