{"id":450,"date":"2014-03-25T17:56:26","date_gmt":"2014-03-25T16:56:26","guid":{"rendered":"https:\/\/www.mbi-geodata.com\/de\/datenangebot\/asien\/landkarten-fuer-philippinen\/"},"modified":"2014-03-25T17:56:26","modified_gmt":"2014-03-25T16:56:26","slug":"landkarten-fuer-philippinen","status":"publish","type":"page","link":"https:\/\/www.mbi-geodata.com\/p2\/mbi-ihr-lieferant-und-hersteller-von-weltweiten-geodaten\/asien\/landkarten-fuer-philippinen\/","title":{"rendered":"Geodaten f\u00fcr Philippinen"},"content":{"rendered":"<p>Nachfolgend finden Sie einen Auszug aus unserem Angebot an Markt- und\u00a0Geodaten f\u00fcr Philippinen auf Ebene der Cities and Municipalities und Barangays.<br \/>\nWir bieten Ihnen Daten wie Bev\u00f6lkerung, Kaufkraft, Haushalte, Geschlecht, Altersklassen und Kaufkraft f\u00fcr Produktgruppen sowie die dazu passenden <a href=\"https:\/\/www.mbi-geodata.com\/de\/gebietsgrenzen\/\">Gebietsgrenzen<\/a>.<\/p>\n<div class=\"geodata__wrap\"><table class=\"geodata geodata_3\"><tbody><tr><th class=\"section-heading\" scope=\"row\" colspan=\"4\">R\u00e4umliche Gebietsebene<\/th><\/tr><tr class=\"section1\"><th class=\"row-th\" scope=\"row\">Gebietsebene<\/th><th class=\"col-th\" scope=\"col\"><b>Postleitzahl<\/b><\/th><th class=\"col-th\" scope=\"col\"><b>Administrativ<\/b><\/th><th class=\"col-th\" scope=\"col\"><b>Mikro<\/b><\/th><\/tr><tr class=\"section1\">\n<th class=\"row-th\"  scope=\"row\">Gebietsname<\/th><th class=\"col-th\" scope=\"col\">PC 4-digit<\/th><th class=\"col-th\" scope=\"col\">Municipalities and Cities<\/th><th class=\"col-th\" scope=\"col\">Barangays<\/th><\/tr><tr class=\"section1 section1_last\">\n<th class=\"row-th\" scope=\"row\">Anzahl Gebiete<\/th><td>1819<\/td><td>1633<\/td><td>app. 42000<\/td><\/tr>\n<tr><th class=\"section-heading\" scope=\"row\" colspan=\"4\">Geometrie<\/th><\/tr><tr><th class=\"row-th\" scope=\"row\"><a href=\"https:\/\/www.mbi-geodata.com\/p2\/mbi-ihr-lieferant-und-hersteller-von-weltweiten-geodaten\/asien\/landkarten-fuer-philippinen\/\" target=\"_blank\">Polygone<\/a><\/th><td><svg xmlns=\"http:\/\/www.w3.org\/2000\/svg\" xml:space=\"preserve\" viewBox=\"0 0 32 32\" width=\"32\" height=\"32\"><title>Ja\/Verf\u00fcgbar<\/title><path fill=\"#28a745\" d=\"M16 4C9 4 4 9 4 16s5 12 12 12 12-5 12-12S23 4 16 4zm5 10-7 6-3-4v-2h1l3 3 5-5h1v2z\"\/><\/svg><\/td><td><svg xmlns=\"http:\/\/www.w3.org\/2000\/svg\" xml:space=\"preserve\" viewBox=\"0 0 32 32\" width=\"32\" height=\"32\"><title>Ja\/Verf\u00fcgbar<\/title><path fill=\"#28a745\" d=\"M16 4C9 4 4 9 4 16s5 12 12 12 12-5 12-12S23 4 16 4zm5 10-7 6-3-4v-2h1l3 3 5-5h1v2z\"\/><\/svg><\/td><td><svg xmlns=\"http:\/\/www.w3.org\/2000\/svg\" xml:space=\"preserve\" viewBox=\"0 0 32 32\" width=\"32\" height=\"32\"><title>Ja\/Verf\u00fcgbar<\/title><path fill=\"#28a745\" d=\"M16 4C9 4 4 9 4 16s5 12 12 12 12-5 12-12S23 4 16 4zm5 10-7 6-3-4v-2h1l3 3 5-5h1v2z\"\/><\/svg><\/td><\/tr><tr><th class=\"section-heading\" scope=\"row\" colspan=\"4\">Daten \/ Variablen<\/th><\/tr><tr><th class=\"row-th\" scope=\"row\"><a href=\"https:\/\/www.mbi-geodata.com\/p2\/soziodemographie\/bevoelkerung\/\" target=\"_blank\">Bev\u00f6lkerung<\/a><\/th><td><svg xmlns=\"http:\/\/www.w3.org\/2000\/svg\" xml:space=\"preserve\" viewBox=\"0 0 32 32\" width=\"32\" height=\"32\"><title>Nein\/Nicht verf\u00fcgbar<\/title><path fill=\"#444\" d=\"M16 4C9 4 4 9 4 16s5 12 12 12 12-5 12-12S23 4 16 4zm5 15v2h-2l-3-4-3 4h-2v-2l4-3-4-3v-2h2l3 4 3-4h2v2l-4 3 4 3z\"\/><\/svg><\/td><td><svg xmlns=\"http:\/\/www.w3.org\/2000\/svg\" xml:space=\"preserve\" viewBox=\"0 0 32 32\" width=\"32\" height=\"32\"><title>Ja\/Verf\u00fcgbar<\/title><path fill=\"#28a745\" d=\"M16 4C9 4 4 9 4 16s5 12 12 12 12-5 12-12S23 4 16 4zm5 10-7 6-3-4v-2h1l3 3 5-5h1v2z\"\/><\/svg><\/td><td><svg xmlns=\"http:\/\/www.w3.org\/2000\/svg\" xml:space=\"preserve\" viewBox=\"0 0 32 32\" width=\"32\" height=\"32\"><title>Ja\/Verf\u00fcgbar<\/title><path fill=\"#28a745\" d=\"M16 4C9 4 4 9 4 16s5 12 12 12 12-5 12-12S23 4 16 4zm5 10-7 6-3-4v-2h1l3 3 5-5h1v2z\"\/><\/svg><\/td><\/tr><tr><th class=\"row-th\" scope=\"row\"><a href=\"https:\/\/www.mbi-geodata.com\/p2\/soziodemographie\/altersklassen\/\" target=\"_blank\">Altersklassen<\/a><\/th><td><svg xmlns=\"http:\/\/www.w3.org\/2000\/svg\" xml:space=\"preserve\" viewBox=\"0 0 32 32\" width=\"32\" height=\"32\"><title>Nein\/Nicht verf\u00fcgbar<\/title><path fill=\"#444\" d=\"M16 4C9 4 4 9 4 16s5 12 12 12 12-5 12-12S23 4 16 4zm5 15v2h-2l-3-4-3 4h-2v-2l4-3-4-3v-2h2l3 4 3-4h2v2l-4 3 4 3z\"\/><\/svg><\/td><td><svg xmlns=\"http:\/\/www.w3.org\/2000\/svg\" xml:space=\"preserve\" viewBox=\"0 0 32 32\" width=\"32\" height=\"32\"><title>Ja\/Verf\u00fcgbar<\/title><path fill=\"#28a745\" d=\"M16 4C9 4 4 9 4 16s5 12 12 12 12-5 12-12S23 4 16 4zm5 10-7 6-3-4v-2h1l3 3 5-5h1v2z\"\/><\/svg><\/td><td><svg xmlns=\"http:\/\/www.w3.org\/2000\/svg\" xml:space=\"preserve\" viewBox=\"0 0 32 32\" width=\"32\" height=\"32\"><title>Nein\/Nicht verf\u00fcgbar<\/title><path fill=\"#444\" d=\"M16 4C9 4 4 9 4 16s5 12 12 12 12-5 12-12S23 4 16 4zm5 15v2h-2l-3-4-3 4h-2v-2l4-3-4-3v-2h2l3 4 3-4h2v2l-4 3 4 3z\"\/><\/svg><\/td><\/tr><tr><th class=\"row-th\" scope=\"row\"><a href=\"https:\/\/www.mbi-geodata.com\/p2\/soziodemographie\/geschlecht\/\" target=\"_blank\">Geschlecht<\/a><\/th><td><svg xmlns=\"http:\/\/www.w3.org\/2000\/svg\" xml:space=\"preserve\" viewBox=\"0 0 32 32\" width=\"32\" height=\"32\"><title>Nein\/Nicht verf\u00fcgbar<\/title><path fill=\"#444\" d=\"M16 4C9 4 4 9 4 16s5 12 12 12 12-5 12-12S23 4 16 4zm5 15v2h-2l-3-4-3 4h-2v-2l4-3-4-3v-2h2l3 4 3-4h2v2l-4 3 4 3z\"\/><\/svg><\/td><td><svg xmlns=\"http:\/\/www.w3.org\/2000\/svg\" xml:space=\"preserve\" viewBox=\"0 0 32 32\" width=\"32\" height=\"32\"><title>Ja\/Verf\u00fcgbar<\/title><path fill=\"#28a745\" d=\"M16 4C9 4 4 9 4 16s5 12 12 12 12-5 12-12S23 4 16 4zm5 10-7 6-3-4v-2h1l3 3 5-5h1v2z\"\/><\/svg><\/td><td><svg xmlns=\"http:\/\/www.w3.org\/2000\/svg\" xml:space=\"preserve\" viewBox=\"0 0 32 32\" width=\"32\" height=\"32\"><title>Nein\/Nicht verf\u00fcgbar<\/title><path fill=\"#444\" d=\"M16 4C9 4 4 9 4 16s5 12 12 12 12-5 12-12S23 4 16 4zm5 15v2h-2l-3-4-3 4h-2v-2l4-3-4-3v-2h2l3 4 3-4h2v2l-4 3 4 3z\"\/><\/svg><\/td><\/tr><tr><th class=\"row-th\" scope=\"row\"><a href=\"https:\/\/www.mbi-geodata.com\/p2\/soziodemographie\/haushalte\/\" target=\"_blank\">Haushalte<\/a><\/th><td><svg xmlns=\"http:\/\/www.w3.org\/2000\/svg\" xml:space=\"preserve\" viewBox=\"0 0 32 32\" width=\"32\" height=\"32\"><title>Nein\/Nicht verf\u00fcgbar<\/title><path fill=\"#444\" d=\"M16 4C9 4 4 9 4 16s5 12 12 12 12-5 12-12S23 4 16 4zm5 15v2h-2l-3-4-3 4h-2v-2l4-3-4-3v-2h2l3 4 3-4h2v2l-4 3 4 3z\"\/><\/svg><\/td><td><svg xmlns=\"http:\/\/www.w3.org\/2000\/svg\" xml:space=\"preserve\" viewBox=\"0 0 32 32\" width=\"32\" height=\"32\"><title>Ja\/Verf\u00fcgbar<\/title><path fill=\"#28a745\" d=\"M16 4C9 4 4 9 4 16s5 12 12 12 12-5 12-12S23 4 16 4zm5 10-7 6-3-4v-2h1l3 3 5-5h1v2z\"\/><\/svg><\/td><td><svg xmlns=\"http:\/\/www.w3.org\/2000\/svg\" xml:space=\"preserve\" viewBox=\"0 0 32 32\" width=\"32\" height=\"32\"><title>Nein\/Nicht verf\u00fcgbar<\/title><path fill=\"#444\" d=\"M16 4C9 4 4 9 4 16s5 12 12 12 12-5 12-12S23 4 16 4zm5 15v2h-2l-3-4-3 4h-2v-2l4-3-4-3v-2h2l3 4 3-4h2v2l-4 3 4 3z\"\/><\/svg><\/td><\/tr><tr><th class=\"row-th\" scope=\"row\"><a href=\"https:\/\/www.mbi-geodata.com\/p2\/kaufkraft\/kaufkraft-allgemein\/\" target=\"_blank\">Kaufkraft<\/a><\/th><td><svg xmlns=\"http:\/\/www.w3.org\/2000\/svg\" xml:space=\"preserve\" viewBox=\"0 0 32 32\" width=\"32\" height=\"32\"><title>Nein\/Nicht verf\u00fcgbar<\/title><path fill=\"#444\" d=\"M16 4C9 4 4 9 4 16s5 12 12 12 12-5 12-12S23 4 16 4zm5 15v2h-2l-3-4-3 4h-2v-2l4-3-4-3v-2h2l3 4 3-4h2v2l-4 3 4 3z\"\/><\/svg><\/td><td><svg xmlns=\"http:\/\/www.w3.org\/2000\/svg\" xml:space=\"preserve\" viewBox=\"0 0 32 32\" width=\"32\" height=\"32\"><title>Ja\/Verf\u00fcgbar<\/title><path fill=\"#28a745\" d=\"M16 4C9 4 4 9 4 16s5 12 12 12 12-5 12-12S23 4 16 4zm5 10-7 6-3-4v-2h1l3 3 5-5h1v2z\"\/><\/svg><\/td><td><svg xmlns=\"http:\/\/www.w3.org\/2000\/svg\" xml:space=\"preserve\" viewBox=\"0 0 32 32\" width=\"32\" height=\"32\"><title>Nein\/Nicht verf\u00fcgbar<\/title><path fill=\"#444\" d=\"M16 4C9 4 4 9 4 16s5 12 12 12 12-5 12-12S23 4 16 4zm5 15v2h-2l-3-4-3 4h-2v-2l4-3-4-3v-2h2l3 4 3-4h2v2l-4 3 4 3z\"\/><\/svg><\/td><\/tr><tr><th class=\"row-th\" scope=\"row\"><a href=\"https:\/\/www.mbi-geodata.com\/p2\/kaufkraft\/kaufkraft-in-produktgruppen\/\" target=\"_blank\">Kaufkraft f\u00fcr Produktgruppen<\/a><\/th><td><svg xmlns=\"http:\/\/www.w3.org\/2000\/svg\" xml:space=\"preserve\" viewBox=\"0 0 32 32\" width=\"32\" height=\"32\"><title>Nein\/Nicht verf\u00fcgbar<\/title><path fill=\"#444\" d=\"M16 4C9 4 4 9 4 16s5 12 12 12 12-5 12-12S23 4 16 4zm5 15v2h-2l-3-4-3 4h-2v-2l4-3-4-3v-2h2l3 4 3-4h2v2l-4 3 4 3z\"\/><\/svg><\/td><td><svg xmlns=\"http:\/\/www.w3.org\/2000\/svg\" xml:space=\"preserve\" viewBox=\"0 0 32 32\" width=\"32\" height=\"32\"><title>Ja\/Verf\u00fcgbar<\/title><path fill=\"#28a745\" d=\"M16 4C9 4 4 9 4 16s5 12 12 12 12-5 12-12S23 4 16 4zm5 10-7 6-3-4v-2h1l3 3 5-5h1v2z\"\/><\/svg><\/td><td><svg xmlns=\"http:\/\/www.w3.org\/2000\/svg\" xml:space=\"preserve\" viewBox=\"0 0 32 32\" width=\"32\" height=\"32\"><title>Nein\/Nicht verf\u00fcgbar<\/title><path fill=\"#444\" d=\"M16 4C9 4 4 9 4 16s5 12 12 12 12-5 12-12S23 4 16 4zm5 15v2h-2l-3-4-3 4h-2v-2l4-3-4-3v-2h2l3 4 3-4h2v2l-4 3 4 3z\"\/><\/svg><\/td><\/tr><tr><th class=\"row-th\" scope=\"row\">Consumer Styles<\/th><td><svg xmlns=\"http:\/\/www.w3.org\/2000\/svg\" xml:space=\"preserve\" viewBox=\"0 0 32 32\" width=\"32\" height=\"32\"><title>Nein\/Nicht verf\u00fcgbar<\/title><path fill=\"#444\" d=\"M16 4C9 4 4 9 4 16s5 12 12 12 12-5 12-12S23 4 16 4zm5 15v2h-2l-3-4-3 4h-2v-2l4-3-4-3v-2h2l3 4 3-4h2v2l-4 3 4 3z\"\/><\/svg><\/td><td><svg xmlns=\"http:\/\/www.w3.org\/2000\/svg\" xml:space=\"preserve\" viewBox=\"0 0 32 32\" width=\"32\" height=\"32\"><title>Ja\/Verf\u00fcgbar<\/title><path fill=\"#28a745\" d=\"M16 4C9 4 4 9 4 16s5 12 12 12 12-5 12-12S23 4 16 4zm5 10-7 6-3-4v-2h1l3 3 5-5h1v2z\"\/><\/svg><\/td><td><svg xmlns=\"http:\/\/www.w3.org\/2000\/svg\" xml:space=\"preserve\" viewBox=\"0 0 32 32\" width=\"32\" height=\"32\"><title>Nein\/Nicht verf\u00fcgbar<\/title><path fill=\"#444\" d=\"M16 4C9 4 4 9 4 16s5 12 12 12 12-5 12-12S23 4 16 4zm5 15v2h-2l-3-4-3 4h-2v-2l4-3-4-3v-2h2l3 4 3-4h2v2l-4 3 4 3z\"\/><\/svg><\/td><\/tr>\n<\/tbody><\/table><\/div>\n\n<p>Zur Verwendung in einem GIS (Geographisches Informationssystem) liefern wir\u00a0Ihnen digitale Gebietsgrenzen in allen g\u00e4ngigen Formaten wie *.tab f\u00fcr\u00a0MapInfo Professional oder shape file (*.shp) f\u00fcr ESRI ArcGis und ArcView.<\/p>\n<p>Auf Anfrage stellen wir auch Gebietsgrenzen f\u00fcr Google Earth (KML) und\u00a0PostGis bereit. Auf Wunsch binden wir die Daten dabei gleich in Ihre\u00a0digitalen Grenzen ein &#8211; Sie k\u00f6nnen die Daten dann ohne Zwischenschritte\u00a0direkt in Ihr System laden und sofort verwenden.<\/p>\n<p>Bitte <a href=\"https:\/\/www.mbi-geodata.com\/de\/kontakt\/?subject=Geodaten+f%C3%BCr+Philippinen\">kontaktieren Sie uns<\/a> falls\u00a0Sie Testdaten ben\u00f6tigen bzw. f\u00fcr weitere Informationen. Sollten die\u00a0gesuchten Daten nicht aufgelistet sein sollten, recherchieren wir gerne f\u00fcr\u00a0Sie alternative Daten.<\/p>\n","protected":false},"excerpt":{"rendered":"<p>Nachfolgend finden Sie einen Auszug aus unserem Angebot an Markt- und\u00a0Geodaten f\u00fcr Philippinen auf Ebene der Cities and Municipalities und Barangays. Wir bieten Ihnen Daten wie Bev\u00f6lkerung, Kaufkraft, Haushalte, Geschlecht, Altersklassen und Kaufkraft f\u00fcr Produktgruppen sowie die dazu passenden Gebietsgrenzen. Zur Verwendung in einem GIS (Geographisches Informationssystem) liefern wir\u00a0Ihnen digitale Gebietsgrenzen in allen g\u00e4ngigen Formaten [&hellip;]<\/p>\n","protected":false},"author":5,"featured_media":0,"parent":28,"menu_order":0,"comment_status":"closed","ping_status":"closed","template":"","meta":{"_acf_changed":false,"ngg_post_thumbnail":0,"footnotes":""},"class_list":["post-450","page","type-page","status-publish","hentry"],"acf":[],"_links":{"self":[{"href":"https:\/\/www.mbi-geodata.com\/p2\/wp-json\/wp\/v2\/pages\/450","targetHints":{"allow":["GET"]}}],"collection":[{"href":"https:\/\/www.mbi-geodata.com\/p2\/wp-json\/wp\/v2\/pages"}],"about":[{"href":"https:\/\/www.mbi-geodata.com\/p2\/wp-json\/wp\/v2\/types\/page"}],"author":[{"embeddable":true,"href":"https:\/\/www.mbi-geodata.com\/p2\/wp-json\/wp\/v2\/users\/5"}],"replies":[{"embeddable":true,"href":"https:\/\/www.mbi-geodata.com\/p2\/wp-json\/wp\/v2\/comments?post=450"}],"version-history":[{"count":0,"href":"https:\/\/www.mbi-geodata.com\/p2\/wp-json\/wp\/v2\/pages\/450\/revisions"}],"up":[{"embeddable":true,"href":"https:\/\/www.mbi-geodata.com\/p2\/wp-json\/wp\/v2\/pages\/28"}],"wp:attachment":[{"href":"https:\/\/www.mbi-geodata.com\/p2\/wp-json\/wp\/v2\/media?parent=450"}],"curies":[{"name":"wp","href":"https:\/\/api.w.org\/{rel}","templated":true}]}}