{"id":43,"date":"2014-03-11T13:42:25","date_gmt":"2014-03-11T12:42:25","guid":{"rendered":"https:\/\/www.mbi-geodata.com\/de\/soziodemographie\/geschlecht\/"},"modified":"2014-03-11T13:42:25","modified_gmt":"2014-03-11T12:42:25","slug":"geschlecht","status":"publish","type":"page","link":"https:\/\/www.mbi-geodata.com\/p2\/soziodemographie\/geschlecht\/","title":{"rendered":"GESCHLECHT"},"content":{"rendered":"<p>[smartslider3 slider=27]<\/p>\n<h2 class=\"sociodemographics\">WAS BEINHALTET DIE VARIABLE GESCHLECHT?<\/h2>\n<ul>\n<li>Zweistellige L\u00e4nderkennung nach ISO 3166<\/li>\n<li>Administrativer Schl\u00fcssel \/ Postalischer Schl\u00fcssel \/ Mikro-Schl\u00fcssel<\/li>\n<li>Name des administrativen Gebietes \/ Name des bev\u00f6lkerungsreichsten administrativen Gebietes \/ Name des jeweiligen Mikro-Gebietes bzw. der n\u00e4chsth\u00f6heren Ebene<\/li>\n<li>Bev\u00f6lkerung m\u00e4nnlich \/ Bev\u00f6lkerung weiblich: Anzahl<\/li>\n<\/ul>\n<p>Nachfolgend finden Sie ein Beispiel der Variablen&nbsp;&#8222;Geschlecht&#8220;&nbsp;auf Gemeindeebene&nbsp; f\u00fcr die Tschechische Republik.<\/p>\n<table style=\"width: 100%\" border=\"0\" cellspacing=\"0\" cellpadding=\"0\">\n<thead>\n<tr>\n<td><strong>Gemeindekennziffer<\/strong><\/td>\n<td><strong>Name<\/strong><\/td>\n<td colspan=\"2\" align=\"center\"><strong>Alle<\/strong><\/td>\n<\/tr>\n<tr>\n<td>&nbsp;<\/td>\n<td>Gemeinde\/Obce<\/td>\n<td align=\"right\">M\u00e4nnlich<\/td>\n<td align=\"right\">Weiblich<\/td>\n<\/tr>\n<\/thead>\n<tbody>\n<tr>\n<td>532100<\/td>\n<td>Blevice<\/td>\n<td align=\"right\">133<\/td>\n<td align=\"right\">152<\/td>\n<\/tr>\n<tr>\n<td>532169<\/td>\n<td>Bu\u0161t\u011bhrad<\/td>\n<td align=\"right\">1.333<\/td>\n<td align=\"right\">1.458<\/td>\n<\/tr>\n<tr>\n<td>532282<\/td>\n<td>D\u0159etovice<\/td>\n<td align=\"right\">237<\/td>\n<td align=\"right\">263<\/td>\n<\/tr>\n<tr>\n<td>532495<\/td>\n<td>Kole\u010d<\/td>\n<td align=\"right\">314<\/td>\n<td align=\"right\">309<\/td>\n<\/tr>\n<tr>\n<td>532681<\/td>\n<td>Otvovice<\/td>\n<td align=\"right\">339<\/td>\n<td align=\"right\">335<\/td>\n<\/tr>\n<tr>\n<td>532827<\/td>\n<td>Slatina<\/td>\n<td align=\"right\">221<\/td>\n<td align=\"right\">223<\/td>\n<\/tr>\n<tr>\n<td>532851<\/td>\n<td>Stehel\u010deves<\/td>\n<td align=\"right\">381<\/td>\n<td align=\"right\">342<\/td>\n<\/tr>\n<tr>\n<td>532975<\/td>\n<td>T\u0159ebusice<\/td>\n<td align=\"right\">273<\/td>\n<td align=\"right\">237<\/td>\n<\/tr>\n<tr>\n<td>533092<\/td>\n<td>Z\u00e1kolany<\/td>\n<td align=\"right\">263<\/td>\n<td align=\"right\">278<\/td>\n<\/tr>\n<tr>\n<td>534951<\/td>\n<td>Kralupy nad Vltavou<\/td>\n<td align=\"right\">8.614<\/td>\n<td align=\"right\">9.112<\/td>\n<\/tr>\n<tr>\n<td>\u2026<\/td>\n<td>&nbsp;<\/td>\n<td>&nbsp;<\/td>\n<td>&nbsp;<\/td>\n<\/tr>\n<tr>\n<td>Tschechische Republik<\/td>\n<td>&nbsp;<\/td>\n<td align=\"right\">5.161.340<\/td>\n<td align=\"right\">5.357.230<\/td>\n<\/tr>\n<\/tbody>\n<\/table>\n<h2 class=\"area-boundaries\">AUF WELCHEN GEBIETSEBENEN STEHEN DIE DATEN ZUR VERF\u00dcGUNG?<\/h2>\n<ul>\n<li><a href=\"https:\/\/www.mbi-geodata.com\/de\/gebietsgrenzen\/postleitzahlgrenzen-vektordaten\/\">POSTLEITZAHLEBENE<br \/>\n<\/a>Weltweite Postleitzahlenkarte mit einer r\u00e4umlichen Verteilung von Postleitzahlen. Die einzelnen Postleitzahlen werden als Postleitzahlgebiet dargestellt<\/li>\n<li><a title=\"Administrativ\" href=\"https:\/\/www.mbi-geodata.com\/de\/gebietsgrenzen\/administrativ\/\">ADMINISTRATIVE EBENE<br \/>\n<\/a>Gemeindegrenzen plus die \u00fcbergeordneten Grenzen wie Kreisgrenzen, Regierungsbezirke und L\u00e4ndergrenzen<\/li>\n<li><a href=\"https:\/\/www.mbi-geodata.com\/de\/gebietsgrenzen\/mikro\/\">MIKROGEOGRAPHISCHE EBENE<br \/>\n<\/a>Unterteilt in der Regel eine administrative oder postalische Gebietsebene weiter<\/li>\n<\/ul>\n<h2 class=\"formats\">STANDARD DATEN-FORMATE<\/h2>\n<ul>\n<li>Tab delimited file (TXT)<\/li>\n<li>KML<\/li>\n<li>Access database (MDB)<\/li>\n<li>Excel (xls)<\/li>\n<\/ul>\n<h2 class=\"formats\">STANDARD GIS-FORMATE F\u00dcR UNSERE GEBIETSGRENZEN (VEKTORDATEN)<\/h2>\n<p>Zur Verwendung in einem GIS (Geographisches Informationssystem) k\u00f6nnen wir Ihnen passende digitale&nbsp;<a title=\"Gebietsgrenzen\" href=\"https:\/\/www.mbi-geodata.com\/de\/gebietsgrenzen\/\">GEBIETSGRENZEN<\/a>&nbsp;in folgenden Formaten liefern:<\/p>\n<ul>\n<li>Esri Shape file (.shp)<\/li>\n<li>Esri Geodatabase (.gdb)<\/li>\n<li>MapInfo (.tab)<\/li>\n<li>MapInfo MIF\/MID<\/li>\n<\/ul>\n<p>Auf&nbsp;<a title=\"Kontakt\" href=\"https:\/\/www.mbi-geodata.com\/de\/kontakt\/\">ANFRAGE<\/a>&nbsp;erstellen wir Ihnen gerne ein individuelles und unverbindliches Angebot. Gerne beraten wir Sie auch \u00fcber die Datenverf\u00fcgbarkeit in den einzelnen L\u00e4ndern.<\/p>\n<hr>\n<p>\u00dcber nachfolgende Kontinent-Auswahl erhalten Sie einen \u00dcberblick \u00fcber das Datenangebot in den einzelnen L\u00e4ndern.&nbsp;<strong>Testdaten&nbsp;<\/strong>stehen f\u00fcr die einzelnen L\u00e4nder West- und Osteuropas f\u00fcr Sie zur Verf\u00fcgung. Dabei handelt es sich um einen Auszug aus unserem Datenspektrum. Sollten die von Ihnen gew\u00fcnschten Variablen bzw. digitalen Gebietsgrenzen nicht enthalten sein&nbsp;<a title=\"Kontakt\" href=\"https:\/\/www.mbi-geodata.com\/de\/kontakt\/\">KONTAKTIEREN<\/a>&nbsp;Sie uns bitte.<\/p>\n<div class=\"menu-world-areas-container\"><ul id=\"short_menu_69d0d538a8b36\" class=\"shortcode_menu worldareas  \"><li id=\"menu-item-6122\" class=\"menu-item menu-item-type-post_type menu-item-object-page menu-item-6122\"><a href=\"https:\/\/www.mbi-geodata.com\/p2\/mbi-ihr-lieferant-und-hersteller-von-weltweiten-geodaten\/afrika\/\">GEODATEN F\u00dcR AFRIKA<\/a><\/li>\n<li id=\"menu-item-6123\" class=\"menu-item menu-item-type-post_type menu-item-object-page menu-item-6123\"><a href=\"https:\/\/www.mbi-geodata.com\/p2\/mbi-ihr-lieferant-und-hersteller-von-weltweiten-geodaten\/asien\/\">GEODATEN F\u00dcR ASIEN<\/a><\/li>\n<li id=\"menu-item-6127\" class=\"menu-item menu-item-type-post_type menu-item-object-page menu-item-6127\"><a href=\"https:\/\/www.mbi-geodata.com\/p2\/mbi-ihr-lieferant-und-hersteller-von-weltweiten-geodaten\/suedamerika\/\">GEODATEN F\u00dcR S\u00dcDAMERIKA<\/a><\/li>\n<li id=\"menu-item-6124\" class=\"menu-item menu-item-type-post_type menu-item-object-page menu-item-6124\"><a href=\"https:\/\/www.mbi-geodata.com\/p2\/mbi-ihr-lieferant-und-hersteller-von-weltweiten-geodaten\/nordamerika\/\">GEODATEN F\u00dcR NORDAMERIKA<\/a><\/li>\n<li id=\"menu-item-6125\" class=\"menu-item menu-item-type-post_type menu-item-object-page menu-item-6125\"><a href=\"https:\/\/www.mbi-geodata.com\/p2\/mbi-ihr-lieferant-und-hersteller-von-weltweiten-geodaten\/osteuropa\/\">GEODATEN F\u00dcR OSTEUROPA<\/a><\/li>\n<li id=\"menu-item-6128\" class=\"menu-item menu-item-type-post_type menu-item-object-page menu-item-6128\"><a href=\"https:\/\/www.mbi-geodata.com\/p2\/mbi-ihr-lieferant-und-hersteller-von-weltweiten-geodaten\/westeuropa\/\">GEODATEN F\u00dcR WESTEUROPA<\/a><\/li>\n<li id=\"menu-item-6126\" class=\"menu-item menu-item-type-post_type menu-item-object-page menu-item-6126\"><a href=\"https:\/\/www.mbi-geodata.com\/p2\/mbi-ihr-lieferant-und-hersteller-von-weltweiten-geodaten\/ozeanien\/\">GEODATEN F\u00dcR OZEANIEN<\/a><\/li>\n<\/ul><\/div><div class=\"clear\"><\/div>\n\t\t\t<style>\n\t\t\t\t#short_menu_69d0d538a8b36 {  }\n\t\t\t\t#short_menu_69d0d538a8b36 ul.wpsm-arrow-enabled:before {  } \n\t\t\t\t#short_menu_69d0d538a8b36 ul, #short_menu_69d0d538a8b36 ul ul {  }\n\t\t\t\t#short_menu_69d0d538a8b36 a {  }\n\t\t\t\t#short_menu_69d0d538a8b36 a:hover {  }\n\t\t\t\t#short_menu_69d0d538a8b36 ul a {  }\n\t\t\t\t#short_menu_69d0d538a8b36 ul a:hover {  }\n\t\t\t\t\n\t\t\t<\/style>\n\t\t\t<script type=\"text\/javascript\">\n\t\t\t\tvar show_arrow = \"true\";var $sm = jQuery.noConflict();\n\t\t\t\t\tjQuery(function ($) {\n\t\t\t\t\t\t$(\"#short_menu_69d0d538a8b36\").tinyNav();\n\t\t\t\t\t\t$(\"#short_menu_69d0d538a8b36\").next().addClass(\"shortcode-menu-mobile\");\n\t\t\t\t\t\t\n\t\t\t\t\t\tshortcode_menu_responsive();\n\t\t\t\t\t});\n\t\t\t\t\tjQuery(window).resize(function($){\n\t\t\t\t\t\tshortcode_menu_responsive();\n\t\t\t\t\t});\n\t\t\t\t\tfunction shortcode_menu_responsive()\n\t\t\t\t\t{\n\t\t\t\t\t\tvar window_width = $sm(window).width();\n\t\t\t\t\t\tif(window_width <= 650)\n\t\t\t\t\t\t{\n\t\t\t\t\t\t\t$sm(\"#short_menu_69d0d538a8b36\").hide();\n\t\t\t\t\t\t\t$sm(\"#short_menu_69d0d538a8b36\").next().show();\n\t\t\t\t\t\t}\n\t\t\t\t\t\telse\n\t\t\t\t\t\t{\n\t\t\t\t\t\t\t$sm(\"#short_menu_69d0d538a8b36\").show();\n\t\t\t\t\t\t\t$sm(\"#short_menu_69d0d538a8b36\").next().hide();\n\t\t\t\t\t\t}\n\t\t\t\t\t}<\/script>\n<p>&nbsp;<\/p>\n","protected":false},"excerpt":{"rendered":"<p>[smartslider3 slider=27] WAS BEINHALTET DIE VARIABLE GESCHLECHT? Zweistellige L\u00e4nderkennung nach ISO 3166 Administrativer Schl\u00fcssel \/ Postalischer Schl\u00fcssel \/ Mikro-Schl\u00fcssel Name des administrativen Gebietes \/ Name des bev\u00f6lkerungsreichsten administrativen Gebietes \/ Name des jeweiligen Mikro-Gebietes bzw. der n\u00e4chsth\u00f6heren Ebene Bev\u00f6lkerung m\u00e4nnlich \/ Bev\u00f6lkerung weiblich: Anzahl Nachfolgend finden Sie ein Beispiel der Variablen&nbsp;&#8222;Geschlecht&#8220;&nbsp;auf Gemeindeebene&nbsp; f\u00fcr die Tschechische [&hellip;]<\/p>\n","protected":false},"author":5,"featured_media":0,"parent":6103,"menu_order":0,"comment_status":"closed","ping_status":"open","template":"","meta":{"_acf_changed":false,"ngg_post_thumbnail":0,"footnotes":""},"class_list":["post-43","page","type-page","status-publish","hentry"],"acf":[],"_links":{"self":[{"href":"https:\/\/www.mbi-geodata.com\/p2\/wp-json\/wp\/v2\/pages\/43","targetHints":{"allow":["GET"]}}],"collection":[{"href":"https:\/\/www.mbi-geodata.com\/p2\/wp-json\/wp\/v2\/pages"}],"about":[{"href":"https:\/\/www.mbi-geodata.com\/p2\/wp-json\/wp\/v2\/types\/page"}],"author":[{"embeddable":true,"href":"https:\/\/www.mbi-geodata.com\/p2\/wp-json\/wp\/v2\/users\/5"}],"replies":[{"embeddable":true,"href":"https:\/\/www.mbi-geodata.com\/p2\/wp-json\/wp\/v2\/comments?post=43"}],"version-history":[{"count":0,"href":"https:\/\/www.mbi-geodata.com\/p2\/wp-json\/wp\/v2\/pages\/43\/revisions"}],"up":[{"embeddable":true,"href":"https:\/\/www.mbi-geodata.com\/p2\/wp-json\/wp\/v2\/pages\/6103"}],"wp:attachment":[{"href":"https:\/\/www.mbi-geodata.com\/p2\/wp-json\/wp\/v2\/media?parent=43"}],"curies":[{"name":"wp","href":"https:\/\/api.w.org\/{rel}","templated":true}]}}