{"id":40,"date":"2014-03-11T13:42:25","date_gmt":"2014-03-11T12:42:25","guid":{"rendered":"https:\/\/www.mbi-geodata.com\/de\/soziodemographie\/altersklassen\/"},"modified":"2014-03-11T13:42:25","modified_gmt":"2014-03-11T12:42:25","slug":"altersklassen","status":"publish","type":"page","link":"https:\/\/www.mbi-geodata.com\/p2\/soziodemographie\/altersklassen\/","title":{"rendered":"ALTERSKLASSEN"},"content":{"rendered":"<p>[smartslider3 slider=29]<\/p>\n<h2 class=\"sociodemographics\">WAS SIND ALTERSKLASSEN?<\/h2>\n<p>Altersklassen helfen Unternehmen, ihre Produkte und&nbsp;Dienstleistungen dort anzubieten bzw. Werbung dort zu streuen, wo sich die Personen oder&nbsp;Haushalte mit dem gr\u00f6\u00dften Interesse daf\u00fcr befinden. Beispielweise&nbsp;k\u00f6nnen Prospekte effizienter verteilt werden, indem nur die Gebiete beworben werden, in denen&nbsp;Erfolg versprechende Altersklassen \u00fcberdurchschnittlich vertreten sind.<\/p>\n<p>Die Variablen <strong>Altersklassen<\/strong> beinhalten:<\/p>\n<ul class=\"twocollist\">\n<li>Zweistellige L\u00e4nderkennung nach ISO 3166<\/li>\n<li>Administrativer Schl\u00fcssel \/ Postalischer Schl\u00fcssel \/ Mikro-Schl\u00fcssel<\/li>\n<li>Name des administrativen Gebietes \/ Name des bev\u00f6lkerungsreichsten administrativen Gebietes \/ Name des jeweiligen Mikro-Gebietes bzw. der n\u00e4chsth\u00f6heren Ebene<\/li>\n<li>Bev\u00f6lkerung nach Alter: 0 &#8211; 14 Jahre, gesamt<\/li>\n<li>Bev\u00f6lkerung nach Alter: 0 &#8211; 14 Jahre, m\u00e4nnlich<\/li>\n<li>Bev\u00f6lkerung nach Alter: 0 &#8211; 14 Jahre, weiblich<\/li>\n<li>Bev\u00f6lkerung nach Alter: 15 &#8211; 29 Jahre, gesamt<\/li>\n<li>Bev\u00f6lkerung nach Alter: 15 &#8211; 29 Jahre, m\u00e4nnlich<\/li>\n<li>Bev\u00f6lkerung nach Alter: 15 &#8211; 29 Jahre, weiblich<\/li>\n<li>Bev\u00f6lkerung nach Alter: 30 &#8211; 44 Jahre, gesamt<\/li>\n<li>Bev\u00f6lkerung nach Alter: 30 &#8211; 44 Jahre, m\u00e4nnlich<\/li>\n<li>Bev\u00f6lkerung nach Alter: 30 &#8211; 44 Jahre, weiblich<\/li>\n<li>Bev\u00f6lkerung nach Alter: 45 &#8211; 59 Jahre, gesamt<\/li>\n<li>Bev\u00f6lkerung nach Alter: 45 &#8211; 59 Jahre, m\u00e4nnlich<\/li>\n<li>Bev\u00f6lkerung nach Alter: 45 &#8211; 59 Jahre, weiblich<\/li>\n<li>Bev\u00f6lkerung nach Alter: 60 Jahre und \u00e4lter, gesamt<\/li>\n<li>Bev\u00f6lkerung nach Alter: 60 Jahre und \u00e4lter, m\u00e4nnlich<\/li>\n<li>Bev\u00f6lkerung nach Alter: 60 Jahre und \u00e4lter, weiblich<\/li>\n<\/ul>\n<p>Nachfolgend finden Sie ein Beispiel der&nbsp;Variablen&nbsp;<strong>&#8222;Altersklassen&#8220;&nbsp;<\/strong>auf Gemeindeebene f\u00fcr die&nbsp;Tschechische Republik.<\/p>\n<table border=\"0\" cellspacing=\"0\" cellpadding=\"0\">\n<thead>\n<tr>\n<th scope=\"col\"><strong>Gemeinde- kennziffer<\/strong><\/th>\n<th scope=\"col\"><strong>Name<\/strong><\/th>\n<th colspan=\"2\" scope=\"col\" align=\"center\"><strong>Bev\u00f6lkerung nach<br \/>\nAlter und Geschlecht<\/strong><\/th>\n<th colspan=\"3\" scope=\"col\" align=\"center\"><strong>Bev\u00f6lkerung nach<br \/>\nAlter und Geschlecht<\/strong><\/th>\n<\/tr>\n<tr>\n<th>&nbsp;<\/th>\n<th>&nbsp;<\/th>\n<th colspan=\"2\" align=\"center\" width=\"179\">alle<\/th>\n<th colspan=\"3\" align=\"center\">0 bis 14<\/th>\n<\/tr>\n<tr>\n<th>&nbsp;<\/th>\n<th>Gemeinde\/Obce<\/th>\n<th align=\"right\">Anzahl<\/th>\n<th align=\"right\" width=\"96\">Promilleanteil vom Land<\/th>\n<th align=\"right\" width=\"87\">alle<\/th>\n<th align=\"right\" width=\"98\">m\u00e4nnlich<\/th>\n<th align=\"right\" width=\"107\">weiblich<\/th>\n<\/tr>\n<\/thead>\n<tbody>\n<tr>\n<td>532100<\/td>\n<td>Blevice<\/td>\n<td align=\"right\">133<\/td>\n<td align=\"right\">152<\/td>\n<td align=\"right\">38<\/td>\n<td align=\"right\">19<\/td>\n<td align=\"right\">19<\/td>\n<\/tr>\n<tr>\n<td>532169<\/td>\n<td>Bu\u0161t\u011bhrad<\/td>\n<td align=\"right\">1.333<\/td>\n<td align=\"right\">1.458<\/td>\n<td align=\"right\">385<\/td>\n<td align=\"right\">197<\/td>\n<td align=\"right\">188<\/td>\n<\/tr>\n<tr>\n<td>532282<\/td>\n<td>D\u0159etovice<\/td>\n<td align=\"right\">237<\/td>\n<td align=\"right\">263<\/td>\n<td align=\"right\">81<\/td>\n<td align=\"right\">42<\/td>\n<td align=\"right\">39<\/td>\n<\/tr>\n<tr>\n<td>532495<\/td>\n<td>Kole\u010d<\/td>\n<td align=\"right\">314<\/td>\n<td align=\"right\">309<\/td>\n<td align=\"right\">103<\/td>\n<td align=\"right\">56<\/td>\n<td align=\"right\">47<\/td>\n<\/tr>\n<tr>\n<td>532681<\/td>\n<td>Otvovice<\/td>\n<td align=\"right\">339<\/td>\n<td align=\"right\">335<\/td>\n<td align=\"right\">96<\/td>\n<td align=\"right\">52<\/td>\n<td align=\"right\">44<\/td>\n<\/tr>\n<tr>\n<td>532827<\/td>\n<td>Slatina<\/td>\n<td align=\"right\">221<\/td>\n<td align=\"right\">223<\/td>\n<td align=\"right\">66<\/td>\n<td align=\"right\">35<\/td>\n<td align=\"right\">31<\/td>\n<\/tr>\n<tr>\n<td>532851<\/td>\n<td>Stehel\u010deves<\/td>\n<td align=\"right\">381<\/td>\n<td align=\"right\">342<\/td>\n<td align=\"right\">94<\/td>\n<td align=\"right\">52<\/td>\n<td align=\"right\">42<\/td>\n<\/tr>\n<tr>\n<td>532975<\/td>\n<td>T\u0159ebusice<\/td>\n<td align=\"right\">273<\/td>\n<td align=\"right\">237<\/td>\n<td align=\"right\">95<\/td>\n<td align=\"right\">53<\/td>\n<td align=\"right\">42<\/td>\n<\/tr>\n<tr>\n<td>533092<\/td>\n<td>Z\u00e1kolany<\/td>\n<td align=\"right\">263<\/td>\n<td align=\"right\">278<\/td>\n<td align=\"right\">69<\/td>\n<td align=\"right\">36<\/td>\n<td align=\"right\">33<\/td>\n<\/tr>\n<tr>\n<td>534951<\/td>\n<td width=\"126\">Kralupy nad Vltavou<\/td>\n<td align=\"right\">8.614<\/td>\n<td align=\"right\">9.112<\/td>\n<td align=\"right\">2.559<\/td>\n<td align=\"right\">1.323<\/td>\n<td align=\"right\">1.236<\/td>\n<\/tr>\n<tr>\n<td>\u2026<\/td>\n<td>&nbsp;<\/td>\n<td>&nbsp;<\/td>\n<td>&nbsp;<\/td>\n<td>&nbsp;<\/td>\n<td>&nbsp;<\/td>\n<td>&nbsp;<\/td>\n<\/tr>\n<tr>\n<td colspan=\"2\">Tschechische Republik<\/td>\n<td align=\"right\">5.161.340<\/td>\n<td align=\"right\">5.357.230<\/td>\n<td align=\"right\">1.486.964<\/td>\n<td align=\"right\">766.176<\/td>\n<td align=\"right\">720.788<\/td>\n<\/tr>\n<\/tbody>\n<\/table>\n<table border=\"0\" cellspacing=\"0\" cellpadding=\"0\">\n<thead>\n<tr>\n<td width=\"83\"><strong>Gemeinde- kennziffer<\/strong><\/td>\n<td width=\"125\"><strong>Name<\/strong><\/td>\n<td colspan=\"3\" align=\"center\" width=\"242\"><strong>Bev\u00f6lkerung nach Alter und<br \/>\nGeschlecht<\/strong><\/td>\n<td colspan=\"3\" align=\"center\" width=\"231\"><strong>Bev\u00f6lkerung nach Alter und<br \/>\nGeschlecht<\/strong><\/td>\n<\/tr>\n<tr>\n<td>&nbsp;<\/td>\n<td>&nbsp;<\/td>\n<td colspan=\"3\" align=\"center\" width=\"242\">15 bis 29<\/td>\n<td colspan=\"3\" align=\"center\">30 bis 44<\/td>\n<\/tr>\n<tr>\n<td>&nbsp;<\/td>\n<td width=\"125\">Gemeinde\/Obce<\/td>\n<td align=\"right\" width=\"83\">alle<\/td>\n<td align=\"right\" width=\"83\">m\u00e4nnlich<\/td>\n<td align=\"right\" width=\"76\">weiblich<\/td>\n<td align=\"right\" width=\"74\">alle<\/td>\n<td align=\"right\" width=\"83\">m\u00e4nnlich<\/td>\n<td align=\"right\" width=\"74\">weiblich<\/td>\n<\/tr>\n<\/thead>\n<tbody>\n<tr>\n<td>532100<\/td>\n<td>Blevice<\/td>\n<td align=\"right\">47<\/td>\n<td align=\"right\">23<\/td>\n<td align=\"right\">24<\/td>\n<td align=\"right\">60<\/td>\n<td align=\"right\">29<\/td>\n<td align=\"right\">31<\/td>\n<\/tr>\n<tr>\n<td>532169<\/td>\n<td>Bu\u0161t\u011bhrad<\/td>\n<td align=\"right\">514<\/td>\n<td align=\"right\">257<\/td>\n<td align=\"right\">257<\/td>\n<td align=\"right\">624<\/td>\n<td align=\"right\">312<\/td>\n<td align=\"right\">312<\/td>\n<\/tr>\n<tr>\n<td>532282<\/td>\n<td>D\u0159etovice<\/td>\n<td align=\"right\">84<\/td>\n<td align=\"right\">41<\/td>\n<td align=\"right\">43<\/td>\n<td align=\"right\">113<\/td>\n<td align=\"right\">56<\/td>\n<td align=\"right\">57<\/td>\n<\/tr>\n<tr>\n<td>532495<\/td>\n<td>Kole\u010d<\/td>\n<td align=\"right\">98<\/td>\n<td align=\"right\">52<\/td>\n<td align=\"right\">46<\/td>\n<td align=\"right\">134<\/td>\n<td align=\"right\">71<\/td>\n<td align=\"right\">63<\/td>\n<\/tr>\n<tr>\n<td>532681<\/td>\n<td>Otvovice<\/td>\n<td align=\"right\">114<\/td>\n<td align=\"right\">60<\/td>\n<td align=\"right\">54<\/td>\n<td align=\"right\">143<\/td>\n<td align=\"right\">76<\/td>\n<td align=\"right\">67<\/td>\n<\/tr>\n<tr>\n<td>532827<\/td>\n<td>Slatina<\/td>\n<td align=\"right\">91<\/td>\n<td align=\"right\">47<\/td>\n<td align=\"right\">44<\/td>\n<td align=\"right\">99<\/td>\n<td align=\"right\">51<\/td>\n<td align=\"right\">48<\/td>\n<\/tr>\n<tr>\n<td>532851<\/td>\n<td>Stehel\u010deves<\/td>\n<td align=\"right\">136<\/td>\n<td align=\"right\">75<\/td>\n<td align=\"right\">61<\/td>\n<td align=\"right\">161<\/td>\n<td align=\"right\">89<\/td>\n<td align=\"right\">72<\/td>\n<\/tr>\n<tr>\n<td>532975<\/td>\n<td>T\u0159ebusice<\/td>\n<td align=\"right\">102<\/td>\n<td align=\"right\">56<\/td>\n<td align=\"right\">46<\/td>\n<td align=\"right\">128<\/td>\n<td align=\"right\">70<\/td>\n<td align=\"right\">58<\/td>\n<\/tr>\n<tr>\n<td>533092<\/td>\n<td>Z\u00e1kolany<\/td>\n<td align=\"right\">121<\/td>\n<td align=\"right\">62<\/td>\n<td align=\"right\">59<\/td>\n<td align=\"right\">102<\/td>\n<td align=\"right\">52<\/td>\n<td align=\"right\">50<\/td>\n<\/tr>\n<tr>\n<td>534951<\/td>\n<td width=\"125\">Kralupy nad Vltavou<\/td>\n<td align=\"right\">3.440<\/td>\n<td align=\"right\">1.742<\/td>\n<td align=\"right\">1.698<\/td>\n<td align=\"right\">3.986<\/td>\n<td align=\"right\">2.014<\/td>\n<td align=\"right\">1.972<\/td>\n<\/tr>\n<tr>\n<td>\u2026<\/td>\n<td>&nbsp;<\/td>\n<td>&nbsp;<\/td>\n<td>&nbsp;<\/td>\n<td>&nbsp;<\/td>\n<td>&nbsp;<\/td>\n<td>&nbsp;<\/td>\n<td>&nbsp;<\/td>\n<\/tr>\n<tr>\n<td colspan=\"2\">Tschechische Republik<\/td>\n<td align=\"right\">2.139.542<\/td>\n<td align=\"right\">1.103.498<\/td>\n<td align=\"right\">1.036.044<\/td>\n<td align=\"right\">2.349.629<\/td>\n<td align=\"right\">1.207.899<\/td>\n<td align=\"right\">1.141.730<\/td>\n<\/tr>\n<\/tbody>\n<\/table>\n<table border=\"0\" cellspacing=\"0\" cellpadding=\"0\">\n<thead>\n<tr>\n<td align=\"center\" width=\"83\"><strong>Gemeinde-<br \/>\nkennziffer<\/strong><\/td>\n<td align=\"center\" width=\"125\"><strong>Name<\/strong><\/td>\n<td colspan=\"3\" align=\"center\" width=\"242\"><strong>Bev\u00f6lkerung nach Alter und<br \/>\nGeschlecht<\/strong><\/td>\n<td colspan=\"3\" align=\"center\" width=\"231\"><strong>Bev\u00f6lkerung nach Alter und<br \/>\nGeschlecht<\/strong><\/td>\n<\/tr>\n<tr>\n<td>&nbsp;<\/td>\n<td>&nbsp;<\/td>\n<td colspan=\"3\" align=\"center\" width=\"242\">45 bis 59<\/td>\n<td colspan=\"3\" align=\"center\">60 und \u00e4lter<\/td>\n<\/tr>\n<tr>\n<td>&nbsp;<\/td>\n<td width=\"125\">Gemeinde\/Obce<\/td>\n<td align=\"right\" width=\"83\">alle<\/td>\n<td align=\"right\" width=\"83\">m\u00e4nnlich<\/td>\n<td align=\"right\" width=\"76\">weiblich<\/td>\n<td align=\"right\" width=\"74\">alle<\/td>\n<td align=\"right\" width=\"83\">m\u00e4nnlich<\/td>\n<td align=\"right\" width=\"74\">weiblich<\/td>\n<\/tr>\n<\/thead>\n<tbody>\n<tr>\n<td>532100<\/td>\n<td>Blevice<\/td>\n<td align=\"right\">68<\/td>\n<td align=\"right\">32<\/td>\n<td align=\"right\">36<\/td>\n<td align=\"right\">72<\/td>\n<td align=\"right\">30<\/td>\n<td align=\"right\">42<\/td>\n<\/tr>\n<tr>\n<td>532169<\/td>\n<td>Bu\u0161t\u011bhrad<\/td>\n<td align=\"right\">595<\/td>\n<td align=\"right\">292<\/td>\n<td align=\"right\">303<\/td>\n<td align=\"right\">673<\/td>\n<td align=\"right\">275<\/td>\n<td align=\"right\">398<\/td>\n<\/tr>\n<tr>\n<td>532282<\/td>\n<td>D\u0159etovice<\/td>\n<td align=\"right\">101<\/td>\n<td align=\"right\">49<\/td>\n<td align=\"right\">52<\/td>\n<td align=\"right\">121<\/td>\n<td align=\"right\">49<\/td>\n<td align=\"right\">72<\/td>\n<\/tr>\n<tr>\n<td>532495<\/td>\n<td>Kole\u010d<\/td>\n<td align=\"right\">135<\/td>\n<td align=\"right\">70<\/td>\n<td align=\"right\">65<\/td>\n<td align=\"right\">153<\/td>\n<td align=\"right\">65<\/td>\n<td align=\"right\">88<\/td>\n<\/tr>\n<tr>\n<td>532681<\/td>\n<td>Otvovice<\/td>\n<td align=\"right\">144<\/td>\n<td align=\"right\">75<\/td>\n<td align=\"right\">69<\/td>\n<td align=\"right\">177<\/td>\n<td align=\"right\">76<\/td>\n<td align=\"right\">101<\/td>\n<\/tr>\n<tr>\n<td>532827<\/td>\n<td>Slatina<\/td>\n<td align=\"right\">102<\/td>\n<td align=\"right\">52<\/td>\n<td align=\"right\">50<\/td>\n<td align=\"right\">86<\/td>\n<td align=\"right\">36<\/td>\n<td align=\"right\">50<\/td>\n<\/tr>\n<tr>\n<td>532851<\/td>\n<td>Stehel\u010deves<\/td>\n<td align=\"right\">174<\/td>\n<td align=\"right\">93<\/td>\n<td align=\"right\">81<\/td>\n<td align=\"right\">158<\/td>\n<td align=\"right\">72<\/td>\n<td align=\"right\">86<\/td>\n<\/tr>\n<tr>\n<td>532975<\/td>\n<td>T\u0159ebusice<\/td>\n<td align=\"right\">97<\/td>\n<td align=\"right\">52<\/td>\n<td align=\"right\">45<\/td>\n<td align=\"right\">88<\/td>\n<td align=\"right\">42<\/td>\n<td align=\"right\">46<\/td>\n<\/tr>\n<tr>\n<td>533092<\/td>\n<td>Z\u00e1kolany<\/td>\n<td align=\"right\">113<\/td>\n<td align=\"right\">57<\/td>\n<td align=\"right\">56<\/td>\n<td align=\"right\">136<\/td>\n<td align=\"right\">56<\/td>\n<td align=\"right\">80<\/td>\n<\/tr>\n<tr>\n<td>534951<\/td>\n<td width=\"125\">Kralupy nad Vltavou<\/td>\n<td align=\"right\">4.026<\/td>\n<td align=\"right\">1.971<\/td>\n<td align=\"right\">2.055<\/td>\n<td align=\"right\">3.715<\/td>\n<td align=\"right\">1.564<\/td>\n<td align=\"right\">2.151<\/td>\n<\/tr>\n<tr>\n<td>\u2026<\/td>\n<td>&nbsp;<\/td>\n<td>&nbsp;<\/td>\n<td>&nbsp;<\/td>\n<td>&nbsp;<\/td>\n<td>&nbsp;<\/td>\n<td>&nbsp;<\/td>\n<td>&nbsp;<\/td>\n<\/tr>\n<tr>\n<td colspan=\"2\">Tschechische Republik<\/td>\n<td align=\"right\">2.267.569<\/td>\n<td align=\"right\">1.127.693<\/td>\n<td align=\"right\">1.139.876<\/td>\n<td align=\"right\">2.274.866<\/td>\n<td align=\"right\">956.074<\/td>\n<td align=\"right\">1.318.792<\/td>\n<\/tr>\n<\/tbody>\n<\/table>\n<h2 class=\"area-boundaries\">AUF WELCHEN GEBIETSEBENEN STEHEN DIE DATEN ZUR VERF\u00dcGUNG?<\/h2>\n<ul>\n<li><a href=\"https:\/\/www.mbi-geodata.com\/de\/gebietsgrenzen\/postleitzahlgrenzen-vektordaten\/\">POSTLEITZAHLEBENE<br \/>\n<\/a>Weltweite Postleitzahlenkarte mit einer r\u00e4umlichen Verteilung von Postleitzahlen. Die einzelnen Postleitzahlen werden als Postleitzahlgebiet dargestellt<\/li>\n<li><a title=\"Administrativ\" href=\"https:\/\/www.mbi-geodata.com\/de\/gebietsgrenzen\/administrativ\/\">ADMINISTRATIVE EBENE<br \/>\n<\/a>Gemeindegrenzen plus die \u00fcbergeordneten Grenzen wie Kreisgrenzen, Regierungsbezirke und L\u00e4ndergrenzen<\/li>\n<li><a href=\"https:\/\/www.mbi-geodata.com\/de\/gebietsgrenzen\/mikro\/\">MIKROGEOGRAPHSCHE EBENE<br \/>\n<\/a>Unterteilt in der Regel eine administrative oder postalische Gebietsebene weiter<\/li>\n<\/ul>\n<h2 class=\"formats\">STANDARD DATEN-FORMATE<\/h2>\n<ul>\n<li>Tab delimited file (TXT)<\/li>\n<li>KML<\/li>\n<li>Access database (MDB)<\/li>\n<li>Excel (xls)<\/li>\n<\/ul>\n<h2 class=\"formats\">STANDARD GIS-FORMATE F\u00dcR UNSERE GEBIETSGRENZEN (VEKTORDATEN)<\/h2>\n<p>Zur Verwendung in einem GIS (Geographisches Informationssystem) k\u00f6nnen wir Ihnen passende digitale&nbsp;<a title=\"Gebietsgrenzen\" href=\"https:\/\/www.mbi-geodata.com\/de\/gebietsgrenzen\/\">GEBIETSGRENZEN<\/a>&nbsp;in folgenden Formaten liefern:<\/p>\n<ul>\n<li>Esri Shape file (.shp)<\/li>\n<li>Esri Geodatabase (.gdb)<\/li>\n<li>MapInfo (.tab)<\/li>\n<li>MapInfo MIF\/MID<\/li>\n<\/ul>\n<p>Auf&nbsp;<a title=\"Kontakt\" href=\"https:\/\/www.mbi-geodata.com\/de\/kontakt\/\">ANFRAGE<\/a>&nbsp;erstellen wir Ihnen gerne ein individuelles und unverbindliches Angebot. Gerne beraten wir Sie auch \u00fcber die Datenverf\u00fcgbarkeit in den einzelnen L\u00e4ndern.<\/p>\n<hr>\n<p>\u00dcber nachfolgende Kontinent-Auswahl erhalten Sie einen \u00dcberblick \u00fcber das Datenangebot in den einzelnen L\u00e4ndern.&nbsp;<strong>Testdaten&nbsp;<\/strong>stehen f\u00fcr die einzelnen L\u00e4nder West- und Osteuropas f\u00fcr Sie zur Verf\u00fcgung. Dabei handelt es sich um einen Auszug aus unserem Datenspektrum. Sollten die von Ihnen gew\u00fcnschten Variablen bzw. digitalen Gebietsgrenzen nicht enthalten sein&nbsp;<a title=\"Kontakt\" href=\"https:\/\/www.mbi-geodata.com\/de\/kontakt\/\">KONTAKTIEREN<\/a>&nbsp;Sie uns bitte.<\/p>\n<div class=\"menu-world-areas-container\"><ul id=\"short_menu_69d0ccdf3f847\" class=\"shortcode_menu worldareas  \"><li id=\"menu-item-6122\" class=\"menu-item menu-item-type-post_type menu-item-object-page menu-item-6122\"><a href=\"https:\/\/www.mbi-geodata.com\/p2\/mbi-ihr-lieferant-und-hersteller-von-weltweiten-geodaten\/afrika\/\">GEODATEN F\u00dcR AFRIKA<\/a><\/li>\n<li id=\"menu-item-6123\" class=\"menu-item menu-item-type-post_type menu-item-object-page menu-item-6123\"><a href=\"https:\/\/www.mbi-geodata.com\/p2\/mbi-ihr-lieferant-und-hersteller-von-weltweiten-geodaten\/asien\/\">GEODATEN F\u00dcR ASIEN<\/a><\/li>\n<li id=\"menu-item-6127\" class=\"menu-item menu-item-type-post_type menu-item-object-page menu-item-6127\"><a href=\"https:\/\/www.mbi-geodata.com\/p2\/mbi-ihr-lieferant-und-hersteller-von-weltweiten-geodaten\/suedamerika\/\">GEODATEN F\u00dcR S\u00dcDAMERIKA<\/a><\/li>\n<li id=\"menu-item-6124\" class=\"menu-item menu-item-type-post_type menu-item-object-page menu-item-6124\"><a href=\"https:\/\/www.mbi-geodata.com\/p2\/mbi-ihr-lieferant-und-hersteller-von-weltweiten-geodaten\/nordamerika\/\">GEODATEN F\u00dcR NORDAMERIKA<\/a><\/li>\n<li id=\"menu-item-6125\" class=\"menu-item menu-item-type-post_type menu-item-object-page menu-item-6125\"><a href=\"https:\/\/www.mbi-geodata.com\/p2\/mbi-ihr-lieferant-und-hersteller-von-weltweiten-geodaten\/osteuropa\/\">GEODATEN F\u00dcR OSTEUROPA<\/a><\/li>\n<li id=\"menu-item-6128\" class=\"menu-item menu-item-type-post_type menu-item-object-page menu-item-6128\"><a href=\"https:\/\/www.mbi-geodata.com\/p2\/mbi-ihr-lieferant-und-hersteller-von-weltweiten-geodaten\/westeuropa\/\">GEODATEN F\u00dcR WESTEUROPA<\/a><\/li>\n<li id=\"menu-item-6126\" class=\"menu-item menu-item-type-post_type menu-item-object-page menu-item-6126\"><a href=\"https:\/\/www.mbi-geodata.com\/p2\/mbi-ihr-lieferant-und-hersteller-von-weltweiten-geodaten\/ozeanien\/\">GEODATEN F\u00dcR OZEANIEN<\/a><\/li>\n<\/ul><\/div><div class=\"clear\"><\/div>\n\t\t\t<style>\n\t\t\t\t#short_menu_69d0ccdf3f847 {  }\n\t\t\t\t#short_menu_69d0ccdf3f847 ul.wpsm-arrow-enabled:before {  } \n\t\t\t\t#short_menu_69d0ccdf3f847 ul, #short_menu_69d0ccdf3f847 ul ul {  }\n\t\t\t\t#short_menu_69d0ccdf3f847 a {  }\n\t\t\t\t#short_menu_69d0ccdf3f847 a:hover {  }\n\t\t\t\t#short_menu_69d0ccdf3f847 ul a {  }\n\t\t\t\t#short_menu_69d0ccdf3f847 ul a:hover {  }\n\t\t\t\t\n\t\t\t<\/style>\n\t\t\t<script type=\"text\/javascript\">\n\t\t\t\tvar show_arrow = \"true\";var $sm = jQuery.noConflict();\n\t\t\t\t\tjQuery(function ($) {\n\t\t\t\t\t\t$(\"#short_menu_69d0ccdf3f847\").tinyNav();\n\t\t\t\t\t\t$(\"#short_menu_69d0ccdf3f847\").next().addClass(\"shortcode-menu-mobile\");\n\t\t\t\t\t\t\n\t\t\t\t\t\tshortcode_menu_responsive();\n\t\t\t\t\t});\n\t\t\t\t\tjQuery(window).resize(function($){\n\t\t\t\t\t\tshortcode_menu_responsive();\n\t\t\t\t\t});\n\t\t\t\t\tfunction shortcode_menu_responsive()\n\t\t\t\t\t{\n\t\t\t\t\t\tvar window_width = $sm(window).width();\n\t\t\t\t\t\tif(window_width <= 650)\n\t\t\t\t\t\t{\n\t\t\t\t\t\t\t$sm(\"#short_menu_69d0ccdf3f847\").hide();\n\t\t\t\t\t\t\t$sm(\"#short_menu_69d0ccdf3f847\").next().show();\n\t\t\t\t\t\t}\n\t\t\t\t\t\telse\n\t\t\t\t\t\t{\n\t\t\t\t\t\t\t$sm(\"#short_menu_69d0ccdf3f847\").show();\n\t\t\t\t\t\t\t$sm(\"#short_menu_69d0ccdf3f847\").next().hide();\n\t\t\t\t\t\t}\n\t\t\t\t\t}<\/script>\n<p>&nbsp;<\/p>\n","protected":false},"excerpt":{"rendered":"<p>[smartslider3 slider=29] WAS SIND ALTERSKLASSEN? Altersklassen helfen Unternehmen, ihre Produkte und&nbsp;Dienstleistungen dort anzubieten bzw. Werbung dort zu streuen, wo sich die Personen oder&nbsp;Haushalte mit dem gr\u00f6\u00dften Interesse daf\u00fcr befinden. Beispielweise&nbsp;k\u00f6nnen Prospekte effizienter verteilt werden, indem nur die Gebiete beworben werden, in denen&nbsp;Erfolg versprechende Altersklassen \u00fcberdurchschnittlich vertreten sind. Die Variablen Altersklassen beinhalten: Zweistellige L\u00e4nderkennung nach ISO [&hellip;]<\/p>\n","protected":false},"author":5,"featured_media":0,"parent":6103,"menu_order":0,"comment_status":"closed","ping_status":"open","template":"","meta":{"_acf_changed":false,"ngg_post_thumbnail":0,"footnotes":""},"class_list":["post-40","page","type-page","status-publish","hentry"],"acf":[],"_links":{"self":[{"href":"https:\/\/www.mbi-geodata.com\/p2\/wp-json\/wp\/v2\/pages\/40","targetHints":{"allow":["GET"]}}],"collection":[{"href":"https:\/\/www.mbi-geodata.com\/p2\/wp-json\/wp\/v2\/pages"}],"about":[{"href":"https:\/\/www.mbi-geodata.com\/p2\/wp-json\/wp\/v2\/types\/page"}],"author":[{"embeddable":true,"href":"https:\/\/www.mbi-geodata.com\/p2\/wp-json\/wp\/v2\/users\/5"}],"replies":[{"embeddable":true,"href":"https:\/\/www.mbi-geodata.com\/p2\/wp-json\/wp\/v2\/comments?post=40"}],"version-history":[{"count":0,"href":"https:\/\/www.mbi-geodata.com\/p2\/wp-json\/wp\/v2\/pages\/40\/revisions"}],"up":[{"embeddable":true,"href":"https:\/\/www.mbi-geodata.com\/p2\/wp-json\/wp\/v2\/pages\/6103"}],"wp:attachment":[{"href":"https:\/\/www.mbi-geodata.com\/p2\/wp-json\/wp\/v2\/media?parent=40"}],"curies":[{"name":"wp","href":"https:\/\/api.w.org\/{rel}","templated":true}]}}