{"id":37,"date":"2014-03-11T13:42:25","date_gmt":"2014-03-11T12:42:25","guid":{"rendered":"https:\/\/www.mbi-geodata.com\/de\/kaufkraft\/zentralitaetskennziffern\/"},"modified":"2014-03-11T13:42:25","modified_gmt":"2014-03-11T12:42:25","slug":"zentralitaetskennziffern","status":"publish","type":"page","link":"https:\/\/www.mbi-geodata.com\/p2\/kaufkraft\/zentralitaetskennziffern\/","title":{"rendered":"ZENTRALIT\u00c4TSKENNZIFFERN"},"content":{"rendered":"<p>[smartslider3 slider=23]<\/p>\n<h2 class=\"purchasing-power\">WAS SIND ZENTRALIT\u00c4TSKENNZIFFERN?<\/h2>\n<p>Die Zentralit\u00e4tskennziffer ist ein Ma\u00df f\u00fcr die Attraktivit\u00e4t eines Standortes als Einkaufsort. Sie gibt an, inwieweit der \u00f6rtliche Einzelhandel in der Lage ist, \u00fcber\u00f6rtliche Kundschaft anzuziehen.<\/p>\n<p>St\u00e4dte mit hoher Einkaufsattraktivit\u00e4t weisen Zentralit\u00e4tskennziffern von \u00fcber 100 aus, da sie mehr Einzelhandelsrelevante Kaufkraft anderer Gebiete an sich binden, als sie eigene Einzelhandelsrelevante Kaufkraft an andere Gebiete abgeben.<\/p>\n<p>Sie wird als Quotient aus&nbsp;<a title=\"Umsatzkennziffern\" href=\"https:\/\/www.mbi-geodata.com\/de\/kaufkraft\/umsatzkennziffern\/\">UMSATZKENNZIFFER<\/a>&nbsp;und&nbsp;<a title=\"Einzelhandelsrelevante Kaufkraft\" href=\"https:\/\/www.mbi-geodata.com\/de\/kaufkraft\/einzelhandelsrelevante-kaufkraft\/\">EINZELHANDELSRELEVANTER KAUFKRAFT<\/a>&nbsp;(multipliziert mit 100) bestimmt.<\/p>\n<table class=\" layouttable\" border=\"0\" cellspacing=\"0\" cellpadding=\"0\">\n<tbody>\n<tr>\n<td rowspan=\"2\">Zentralit\u00e4tskennziffer =&nbsp;(<\/td>\n<td align=\"center\" valign=\"bottom\"><span style=\"text-decoration: underline\">Umsatzkennziffer in \u2030<\/span><\/td>\n<td rowspan=\"2\">) x 100<\/td>\n<\/tr>\n<tr>\n<td align=\"center\" valign=\"top\">Einzelhandelsrel. Kaufkraft in \u2030<\/td>\n<\/tr>\n<\/tbody>\n<\/table>\n<h2 class=\"advantages\">VORTEILE DER ZENTRALIT\u00c4TSKENNZIFFERN VON MBI<\/h2>\n<ul>\n<li>Weltweit einheitlich und vergleichbar<\/li>\n<li>unsere Daten&nbsp;werden einer strengen Qualit\u00e4tskontrolle unterzogen und mittels umfangreicher Eigenrecherchen stetig aktualisiert<\/li>\n<li>Zentralit\u00e4tskennziffern erm\u00f6glichen es Unternehmen ihre regionalen M\u00e4rkte mit Pr\u00e4zision und Genauigkeit&nbsp;zu betrachten und zu analysieren<\/li>\n<li>Zentralit\u00e4tskennziffern k\u00f6nnen geographisch visualisiert werden &#8211; zusammen mit unseren Postleitzahlgrenzen, administrativen Grenzen oder mikrogeographischen Grenzen erm\u00f6glichen sie eine noch effektivere und effizientere Entscheidungsfindung.&nbsp;<\/li>\n<\/ul>\n<h2 class=\"use-cases\">VIELSEITIGE ANWENDUNGSM\u00d6GLICHKEITEN DER ZENTRALIT\u00c4TSKENNZIFFERN<\/h2>\n<p>Unsere Kennziffern unterst\u00fctzen Sie bei:<\/p>\n<div>\n<ul>\n<li>Ihren Regionalanalysen als valide Datengrundlagen<\/li>\n<li>der schnellen Identifikation wirtschaftlich lohnender Absatzm\u00e4rkte mithilfe der Darstellung sowohl von Wertangaben als auch von Indizes<\/li>\n<li>der professionellen Planung neuer Standorte anhand ihrer Erfolgsaussichten<\/li>\n<li>dem fairen Vergleich des Potenzials von Au\u00dfendienstgebieten und der objektiven Bewertung von Verkaufsleistungen<\/li>\n<li>der Neueinteilung von Au\u00dfendienstgebieten anhand ihrer Absatzchancen<\/li>\n<\/ul>\n<p>Mit Hilfe der Zentralit\u00e4tskennziffern lassen sich f\u00fcr&nbsp;Unternehmen aller Branchen<\/p>\n<ul class=\"twocollist\">\n<li>Regionale Absatzchancen und Marktpotentiale quantifizieren<\/li>\n<li>Gebiete nach St\u00e4rken und Schw\u00e4chen bewerten<\/li>\n<li>Unausgesch\u00f6pfte Potenziale lokalisieren<\/li>\n<li>Realistische Planziele formulieren<\/li>\n<li>Marketing-Aktivit\u00e4ten lokal fokussieren&nbsp;<\/li>\n<li>Markt- und Vertriebsgebiete optimieren<\/li>\n<li>Marketing-Kampagnen r\u00e4umlich visualisieren<\/li>\n<li>Expansionsstrategien entwickeln<\/li>\n<\/ul>\n<\/div>\n<div>\n<h2 class=\"product-flyer\">PRODUKT-FLYER ZENTRALIT\u00c4TSKENNZIFFERN VON MB-INTERNATIONAL<\/h2>\n<div>\n<p><a href=\"https:\/\/www.mbi-geodata.com\/de\/wp-content\/uploads\/sites\/2\/2017\/05\/MBI_Retail_Centrality.pdf\">MBI RETAIL CENTRALITY<\/a><\/p>\n<\/div>\n<h2 class=\"area-boundaries\">AUF WELCHEN GEBIETSEBENEN STEHEN DIE DATEN ZUR VERF\u00dcGUNG?<\/h2>\n<ul>\n<li><a href=\"https:\/\/www.mbi-geodata.com\/de\/gebietsgrenzen\/postleitzahlgrenzen-vektordaten\/\">POSTLEITZAHLEBENE<br \/>\n<\/a>Weltweite Postleitzahlenkarte mit einer r\u00e4umlichen Verteilung von Postleitzahlen. Die einzelnen Postleitzahlen werden als Postleitzahlgebiet dargestellt<\/li>\n<li><a title=\"Administrativ\" href=\"https:\/\/www.mbi-geodata.com\/de\/gebietsgrenzen\/administrativ\/\">ADMINISTRATIVE EBENE<br \/>\n<\/a>Gemeindegrenzen plus die \u00fcbergeordneten Grenzen wie Kreisgrenzen, Regierungsbezirke und L\u00e4ndergrenzen<\/li>\n<li><a href=\"https:\/\/www.mbi-geodata.com\/de\/gebietsgrenzen\/mikro\/\">MIKROGEOGRAPHISCHE EBENE<br \/>\n<\/a>Unterteilt in der Regel eine administrative oder postalische Gebietsebene weiter<\/li>\n<\/ul>\n<h2 class=\"formats\">STANDARD DATEN-FORMATE<\/h2>\n<ul>\n<li>Tab delimited file (TXT)<\/li>\n<li>KML<\/li>\n<li>Access database (MDB)<\/li>\n<li>Excel (xls)<\/li>\n<\/ul>\n<h2 class=\"formats\">STANDARD GIS-FORMATE F\u00dcR UNSERE GEBIETSGRENZEN (VEKTORDATEN)<\/h2>\n<p>Zur Verwendung in einem GIS (Geographisches Informationssystem) k\u00f6nnen wir Ihnen passende digitale&nbsp;<a title=\"Gebietsgrenzen\" href=\"https:\/\/www.mbi-geodata.com\/de\/gebietsgrenzen\/\">GEBIETSGRENZEN<\/a>&nbsp;in folgenden Formaten liefern:<\/p>\n<ul>\n<li>Esri Shape file (.shp)<\/li>\n<li>Esri Geodatabase (.gdb)<\/li>\n<li>MapInfo (.tab)<\/li>\n<li>MapInfo MIF\/MID<\/li>\n<\/ul>\n<p>Auf&nbsp;<a title=\"Kontakt\" href=\"https:\/\/www.mbi-geodata.com\/de\/kontakt\/\">ANFRAGE<\/a>&nbsp;erstellen wir Ihnen gerne ein individuelles und unverbindliches Angebot. Gerne beraten wir Sie auch \u00fcber die Datenverf\u00fcgbarkeit in den einzelnen L\u00e4ndern.<\/p>\n<hr>\n<div>\n<p>MB-International kann Ihnen Zentralit\u00e4tskennziffern zu zahlreichen L\u00e4ndern der Welt anbieten. \u00dcber nachfolgende Kontinent-Auswahl erhalten Sie einen \u00dcberblick \u00fcber das Datenangebot in den einzelnen L\u00e4ndern.&nbsp;<strong>Testdaten&nbsp;<\/strong>stehen f\u00fcr die einzelnen L\u00e4nder West- und Osteuropas f\u00fcr Sie zur Verf\u00fcgung. Dabei handelt es sich um einen Auszug aus unserem Datenspektrum. Sollten die von Ihnen gew\u00fcnschten Variablen bzw. digitalen Gebietsgrenzen nicht enthalten sein&nbsp;<a title=\"Kontakt\" href=\"https:\/\/www.mbi-geodata.com\/de\/kontakt\/\">KONTAKTIEREN<\/a>&nbsp;Sie uns bitte.<\/p>\n<div class=\"menu-world-areas-container\"><ul id=\"short_menu_69d10fd1e6c86\" class=\"shortcode_menu worldareas  \"><li id=\"menu-item-6122\" class=\"menu-item menu-item-type-post_type menu-item-object-page menu-item-6122\"><a href=\"https:\/\/www.mbi-geodata.com\/p2\/mbi-ihr-lieferant-und-hersteller-von-weltweiten-geodaten\/afrika\/\">GEODATEN F\u00dcR AFRIKA<\/a><\/li>\n<li id=\"menu-item-6123\" class=\"menu-item menu-item-type-post_type menu-item-object-page menu-item-6123\"><a href=\"https:\/\/www.mbi-geodata.com\/p2\/mbi-ihr-lieferant-und-hersteller-von-weltweiten-geodaten\/asien\/\">GEODATEN F\u00dcR ASIEN<\/a><\/li>\n<li id=\"menu-item-6127\" class=\"menu-item menu-item-type-post_type menu-item-object-page menu-item-6127\"><a href=\"https:\/\/www.mbi-geodata.com\/p2\/mbi-ihr-lieferant-und-hersteller-von-weltweiten-geodaten\/suedamerika\/\">GEODATEN F\u00dcR S\u00dcDAMERIKA<\/a><\/li>\n<li id=\"menu-item-6124\" class=\"menu-item menu-item-type-post_type menu-item-object-page menu-item-6124\"><a href=\"https:\/\/www.mbi-geodata.com\/p2\/mbi-ihr-lieferant-und-hersteller-von-weltweiten-geodaten\/nordamerika\/\">GEODATEN F\u00dcR NORDAMERIKA<\/a><\/li>\n<li id=\"menu-item-6125\" class=\"menu-item menu-item-type-post_type menu-item-object-page menu-item-6125\"><a href=\"https:\/\/www.mbi-geodata.com\/p2\/mbi-ihr-lieferant-und-hersteller-von-weltweiten-geodaten\/osteuropa\/\">GEODATEN F\u00dcR OSTEUROPA<\/a><\/li>\n<li id=\"menu-item-6128\" class=\"menu-item menu-item-type-post_type menu-item-object-page menu-item-6128\"><a href=\"https:\/\/www.mbi-geodata.com\/p2\/mbi-ihr-lieferant-und-hersteller-von-weltweiten-geodaten\/westeuropa\/\">GEODATEN F\u00dcR WESTEUROPA<\/a><\/li>\n<li id=\"menu-item-6126\" class=\"menu-item menu-item-type-post_type menu-item-object-page menu-item-6126\"><a href=\"https:\/\/www.mbi-geodata.com\/p2\/mbi-ihr-lieferant-und-hersteller-von-weltweiten-geodaten\/ozeanien\/\">GEODATEN F\u00dcR OZEANIEN<\/a><\/li>\n<\/ul><\/div><div class=\"clear\"><\/div>\n\t\t\t<style>\n\t\t\t\t#short_menu_69d10fd1e6c86 {  }\n\t\t\t\t#short_menu_69d10fd1e6c86 ul.wpsm-arrow-enabled:before {  } \n\t\t\t\t#short_menu_69d10fd1e6c86 ul, #short_menu_69d10fd1e6c86 ul ul {  }\n\t\t\t\t#short_menu_69d10fd1e6c86 a {  }\n\t\t\t\t#short_menu_69d10fd1e6c86 a:hover {  }\n\t\t\t\t#short_menu_69d10fd1e6c86 ul a {  }\n\t\t\t\t#short_menu_69d10fd1e6c86 ul a:hover {  }\n\t\t\t\t\n\t\t\t<\/style>\n\t\t\t<script type=\"text\/javascript\">\n\t\t\t\tvar show_arrow = \"true\";var $sm = jQuery.noConflict();\n\t\t\t\t\tjQuery(function ($) {\n\t\t\t\t\t\t$(\"#short_menu_69d10fd1e6c86\").tinyNav();\n\t\t\t\t\t\t$(\"#short_menu_69d10fd1e6c86\").next().addClass(\"shortcode-menu-mobile\");\n\t\t\t\t\t\t\n\t\t\t\t\t\tshortcode_menu_responsive();\n\t\t\t\t\t});\n\t\t\t\t\tjQuery(window).resize(function($){\n\t\t\t\t\t\tshortcode_menu_responsive();\n\t\t\t\t\t});\n\t\t\t\t\tfunction shortcode_menu_responsive()\n\t\t\t\t\t{\n\t\t\t\t\t\tvar window_width = $sm(window).width();\n\t\t\t\t\t\tif(window_width <= 650)\n\t\t\t\t\t\t{\n\t\t\t\t\t\t\t$sm(\"#short_menu_69d10fd1e6c86\").hide();\n\t\t\t\t\t\t\t$sm(\"#short_menu_69d10fd1e6c86\").next().show();\n\t\t\t\t\t\t}\n\t\t\t\t\t\telse\n\t\t\t\t\t\t{\n\t\t\t\t\t\t\t$sm(\"#short_menu_69d10fd1e6c86\").show();\n\t\t\t\t\t\t\t$sm(\"#short_menu_69d10fd1e6c86\").next().hide();\n\t\t\t\t\t\t}\n\t\t\t\t\t}<\/script>\n<p>&nbsp;<\/p>\n<\/div>\n<\/div>\n","protected":false},"excerpt":{"rendered":"<p>[smartslider3 slider=23] WAS SIND ZENTRALIT\u00c4TSKENNZIFFERN? Die Zentralit\u00e4tskennziffer ist ein Ma\u00df f\u00fcr die Attraktivit\u00e4t eines Standortes als Einkaufsort. Sie gibt an, inwieweit der \u00f6rtliche Einzelhandel in der Lage ist, \u00fcber\u00f6rtliche Kundschaft anzuziehen. St\u00e4dte mit hoher Einkaufsattraktivit\u00e4t weisen Zentralit\u00e4tskennziffern von \u00fcber 100 aus, da sie mehr Einzelhandelsrelevante Kaufkraft anderer Gebiete an sich binden, als sie eigene Einzelhandelsrelevante [&hellip;]<\/p>\n","protected":false},"author":5,"featured_media":0,"parent":6096,"menu_order":0,"comment_status":"closed","ping_status":"open","template":"","meta":{"_acf_changed":false,"ngg_post_thumbnail":0,"footnotes":""},"class_list":["post-37","page","type-page","status-publish","hentry"],"acf":[],"_links":{"self":[{"href":"https:\/\/www.mbi-geodata.com\/p2\/wp-json\/wp\/v2\/pages\/37","targetHints":{"allow":["GET"]}}],"collection":[{"href":"https:\/\/www.mbi-geodata.com\/p2\/wp-json\/wp\/v2\/pages"}],"about":[{"href":"https:\/\/www.mbi-geodata.com\/p2\/wp-json\/wp\/v2\/types\/page"}],"author":[{"embeddable":true,"href":"https:\/\/www.mbi-geodata.com\/p2\/wp-json\/wp\/v2\/users\/5"}],"replies":[{"embeddable":true,"href":"https:\/\/www.mbi-geodata.com\/p2\/wp-json\/wp\/v2\/comments?post=37"}],"version-history":[{"count":0,"href":"https:\/\/www.mbi-geodata.com\/p2\/wp-json\/wp\/v2\/pages\/37\/revisions"}],"up":[{"embeddable":true,"href":"https:\/\/www.mbi-geodata.com\/p2\/wp-json\/wp\/v2\/pages\/6096"}],"wp:attachment":[{"href":"https:\/\/www.mbi-geodata.com\/p2\/wp-json\/wp\/v2\/media?parent=37"}],"curies":[{"name":"wp","href":"https:\/\/api.w.org\/{rel}","templated":true}]}}