{"id":36,"date":"2014-03-11T13:42:25","date_gmt":"2014-03-11T12:42:25","guid":{"rendered":"https:\/\/www.mbi-geodata.com\/de\/kaufkraft\/umsatzkennziffern\/"},"modified":"2014-03-11T13:42:25","modified_gmt":"2014-03-11T12:42:25","slug":"umsatzkennziffern","status":"publish","type":"page","link":"https:\/\/www.mbi-geodata.com\/p2\/kaufkraft\/umsatzkennziffern\/","title":{"rendered":"UMSATZKENNZIFFERN"},"content":{"rendered":"<p>[smartslider3 slider=22]<\/p>\n<h2 class=\"purchasing-power\">WAS SIND UMSATZKENNZIFFERN?<\/h2>\n<p>Umsatzkennziffern sind alle im \u00f6rtlichen Einzelhandel get\u00e4tigten Ums\u00e4tze. Die Eink\u00e4ufe sind im Gegensatz zur&nbsp;<a title=\"Kaufkraft allgemein\" href=\"https:\/\/www.mbi-geodata.com\/de\/kaufkraft\/kaufkraft-allgemein\/\">ALLGEMEINEN KAUFKRAFT<\/a>&nbsp;und zur&nbsp;<a title=\"Einzelhandelsrelevante Kaufkraft\" href=\"https:\/\/www.mbi-geodata.com\/de\/kaufkraft\/einzelhandelsrelevante-kaufkraft\/\">EINZELHANDELSRELEVANTEN KAUFKRAFT<\/a>&nbsp;am Einkaufsort der Konsumenten erfasst.<\/p>\n<h2 class=\"advantages\">VORTEILE DER UMSATZKENNZIFFERN VON MB-INTERNATIONAL<\/h2>\n<ul>\n<li>Weltweit einheitlich und vergleichbar<\/li>\n<li>unsere Daten&nbsp;werden einer strengen Qualit\u00e4tskontrolle unterzogen und mittels umfangreicher Eigenrecherchen stetig aktualisiert<\/li>\n<li>Umsatzkennziffern erm\u00f6glichen es Unternehmen ihre regionalen M\u00e4rkte mit Pr\u00e4zision und Genauigkeit&nbsp;zu betrachten und zu analysieren<\/li>\n<li>Umsatzkennziffern k\u00f6nnen geographisch visualisiert werden &#8211; zusammen mit unseren Postleitzahlgrenzen, administrativen Grenzen oder mikrogeographischen Grenzen erm\u00f6glichen sie eine noch effektivere und effizientere Entscheidungsfindung.&nbsp;<\/li>\n<\/ul>\n<h2 class=\"use-cases\">VIELSEITIGE ANWENDUNGSM\u00d6GLICHKEITEN DER UMSATZKENNZIFFERN<\/h2>\n<p>Unsere Kennziffern unterst\u00fctzen Sie bei:<\/p>\n<div>\n<ul>\n<li>Ihren Regionalanalysen als valide Datengrundlagen<\/li>\n<li>der schnellen Identifikation wirtschaftlich lohnender Absatzm\u00e4rkte mithilfe der Darstellung sowohl von Wertangaben als auch von Indizes<\/li>\n<li>der professionellen Planung neuer Standorte anhand ihrer Erfolgsaussichten<\/li>\n<li>dem fairen Vergleich des Potenzials von Au\u00dfendienstgebieten und der objektiven Bewertung von Verkaufsleistungen<\/li>\n<li>der Neueinteilung von Au\u00dfendienstgebieten anhand ihrer Absatzchancen<\/li>\n<\/ul>\n<p>Mit Hilfe von Umsatzkennziffern lassen sich f\u00fcr&nbsp;Unternehmen aller Branchen<\/p>\n<ul class=\"twocollist\">\n<li>Regionale Absatzchancen und Marktpotentiale quantifizieren<\/li>\n<li>Gebiete nach St\u00e4rken und Schw\u00e4chen bewerten<\/li>\n<li>Unausgesch\u00f6pfte Potenziale lokalisieren<\/li>\n<li>Realistische Planziele formulieren<\/li>\n<li>Marketing-Aktivit\u00e4ten lokal fokussieren&nbsp;<\/li>\n<li>Markt- und Vertriebsgebiete optimieren<\/li>\n<li>Marketing-Kampagnen r\u00e4umlich visualisieren<\/li>\n<li>Expansionsstrategien entwickeln<\/li>\n<\/ul>\n<h2 class=\"product-flyer\">PRODUKT-FLYER UMSATZKENNZIFFERN VON MB-INTERNATIONAL<\/h2>\n<div>\n<div>\n<p><a href=\"https:\/\/www.mbi-geodata.com\/de\/wp-content\/uploads\/sites\/2\/2017\/05\/MBI_Retail_Turnover.pdf\">MBI RETAIL TURNOVER<\/a>&nbsp;<\/p>\n<\/div>\n<\/div>\n<h2 class=\"example\">BEISPIEL UMSATZKENNZIFFERN<\/h2>\n<p>Umsatzkennziffern auf Gemeindeebene f\u00fcr Tschechien<\/p>\n<table border=\"0\" cellspacing=\"0\" cellpadding=\"0\">\n<thead>\n<tr>\n<td><strong>Gemeinde-<br \/>\nkennziffer<\/strong><\/td>\n<td><strong>Name<\/strong><\/td>\n<td colspan=\"2\" align=\"center\"><strong>Bev\u00f6lkerung<\/strong><\/td>\n<td colspan=\"4\" align=\"center\"><strong>Umsatzkennziffer<\/strong><\/td>\n<\/tr>\n<tr>\n<td>&nbsp;<\/td>\n<td>Gemeinde\/Obce<\/td>\n<td align=\"right\">Jahres-<br \/>\ndurchschnitt<\/td>\n<td align=\"right\">Promille-anteil vom Land<\/td>\n<td align=\"right\">in Mio.<br \/>\nEuro<\/td>\n<td align=\"right\">Promilleanteil vom Land<\/td>\n<td align=\"right\">Euro<br \/>\npro Kopf<\/td>\n<td align=\"right\">Index<br \/>\nLand = 100<\/td>\n<\/tr>\n<\/thead>\n<tbody>\n<tr>\n<td>500496<\/td>\n<td>Olomouc<\/td>\n<td align=\"right\">100.291<\/td>\n<td align=\"right\">9,535<\/td>\n<td align=\"right\">347,14<\/td>\n<td align=\"right\">11,222<\/td>\n<td align=\"right\">3.463<\/td>\n<td align=\"right\">117,3<\/td>\n<\/tr>\n<tr>\n<td>505188<\/td>\n<td>\u0160ternberk<\/td>\n<td align=\"right\">13.709<\/td>\n<td align=\"right\">1,303<\/td>\n<td align=\"right\">30,60<\/td>\n<td align=\"right\">0,989<\/td>\n<td align=\"right\">2.216<\/td>\n<td align=\"right\">75,1<\/td>\n<\/tr>\n<tr>\n<td>505587<\/td>\n<td>Uni\u010dov<\/td>\n<td align=\"right\">11.964<\/td>\n<td align=\"right\">1,137<\/td>\n<td align=\"right\">25,70<\/td>\n<td align=\"right\">0,831<\/td>\n<td align=\"right\">2.127<\/td>\n<td align=\"right\">72,1<\/td>\n<\/tr>\n<tr>\n<td>505927<\/td>\n<td>Opava<\/td>\n<td align=\"right\">58.294<\/td>\n<td align=\"right\">5,542<\/td>\n<td align=\"right\">217,98<\/td>\n<td align=\"right\">7,047<\/td>\n<td align=\"right\">3.715<\/td>\n<td align=\"right\">125,9<\/td>\n<\/tr>\n<tr>\n<td>507016<\/td>\n<td>Hlu\u010d\u00edn<\/td>\n<td align=\"right\">14.216<\/td>\n<td align=\"right\">1,352<\/td>\n<td align=\"right\">28,18<\/td>\n<td align=\"right\">0,911<\/td>\n<td align=\"right\">1.976<\/td>\n<td align=\"right\">66,9<\/td>\n<\/tr>\n<tr>\n<td>511382<\/td>\n<td>P\u0159erov<\/td>\n<td align=\"right\">46.148<\/td>\n<td align=\"right\">4,387<\/td>\n<td align=\"right\">165,08<\/td>\n<td align=\"right\">5,337<\/td>\n<td align=\"right\">3.566<\/td>\n<td align=\"right\">120,8<\/td>\n<\/tr>\n<tr>\n<td>513750<\/td>\n<td>Hranice<\/td>\n<td align=\"right\">19.102<\/td>\n<td align=\"right\">1,816<\/td>\n<td align=\"right\">64,92<\/td>\n<td align=\"right\">2,099<\/td>\n<td align=\"right\">3.374<\/td>\n<td align=\"right\">114,3<\/td>\n<\/tr>\n<tr>\n<td>523704<\/td>\n<td>\u0160umperk<\/td>\n<td align=\"right\">27.395<\/td>\n<td align=\"right\">2,604<\/td>\n<td align=\"right\">156,91<\/td>\n<td align=\"right\">5,072<\/td>\n<td align=\"right\">5.672<\/td>\n<td align=\"right\">192,2<\/td>\n<\/tr>\n<tr>\n<td>529303<\/td>\n<td>Bene\u0161ov<\/td>\n<td align=\"right\">16.406<\/td>\n<td align=\"right\">1,560<\/td>\n<td align=\"right\">119,19<\/td>\n<td align=\"right\">3,853<\/td>\n<td align=\"right\">7.266<\/td>\n<td align=\"right\">246,2<\/td>\n<\/tr>\n<tr>\n<td>530883<\/td>\n<td>Vla\u0161im<\/td>\n<td align=\"right\">12.036<\/td>\n<td align=\"right\">1,144<\/td>\n<td align=\"right\">50,31<\/td>\n<td align=\"right\">1,626<\/td>\n<td align=\"right\">4.174<\/td>\n<td align=\"right\">141,4<\/td>\n<\/tr>\n<tr>\n<td>\u2026<\/td>\n<td>&nbsp;<\/td>\n<td>&nbsp;<\/td>\n<td>&nbsp;<\/td>\n<td>&nbsp;<\/td>\n<td>&nbsp;<\/td>\n<td>&nbsp;<\/td>\n<td>&nbsp;<\/td>\n<\/tr>\n<tr>\n<td colspan=\"2\">Tschechische Republik<\/td>\n<td align=\"right\">10.518.570<\/td>\n<td align=\"right\">1.000,000<\/td>\n<td align=\"right\">30.932,82<\/td>\n<td align=\"right\">1.000,000<\/td>\n<td align=\"right\">2.941<\/td>\n<td align=\"right\">100,0<\/td>\n<\/tr>\n<\/tbody>\n<\/table>\n<h2 class=\"area-boundaries\">AUF WELCHEN GEBIETSEBENEN STEHEN DIE DATEN ZUR VERF\u00dcGUNG?<\/h2>\n<ul>\n<li><a href=\"https:\/\/www.mbi-geodata.com\/de\/gebietsgrenzen\/postleitzahlgrenzen-vektordaten\/\">POSTLEITZAHLEBENE<br \/>\n<\/a>Weltweite Postleitzahlenkarte mit einer r\u00e4umlichen Verteilung von Postleitzahlen. Die einzelnen Postleitzahlen werden als Postleitzahlgebiet dargestellt<\/li>\n<li><a title=\"Administrativ\" href=\"https:\/\/www.mbi-geodata.com\/de\/gebietsgrenzen\/administrativ\/\">ADMINISTRATIVE EBENE<br \/>\n<\/a>Gemeindegrenzen plus die \u00fcbergeordneten Grenzen wie Kreisgrenzen, Regierungsbezirke und L\u00e4ndergrenzen<\/li>\n<li><a href=\"https:\/\/www.mbi-geodata.com\/de\/gebietsgrenzen\/mikro\/\">MIKROGEOGRAPHISCHE EBENE<br \/>\n<\/a>Unterteilt in der Regel eine administrative oder postalische Gebietsebene weiter<\/li>\n<\/ul>\n<h2 class=\"methods\">METHODIK<\/h2>\n<p>Die Ermittlung der Umsatzkennziffern erfolgt auf Grundlage von:<\/p>\n<div>\n<ul>\n<li>Auswertungen der Einzelhandels-Gutachten der CIMA GmbH, dem Kompetenzzentrum f\u00fcr Stadt- und Regionalentwicklung im deutschsprachigen Raum<\/li>\n<li>Branchendaten der BBE Handelsberatung, seit Jahrzehnten der Beratungsspezialist im Handel<\/li>\n<li>Zahlreichen einschl\u00e4gigen aktuellen amtlichen Statistiken, Desk Research Recherchen und Handelsdatenbanken<\/li>\n<\/ul>\n<h2 class=\"formats\">STANDARD DATEN-FORMATE<\/h2>\n<ul>\n<li>Tab delimited file (TXT)<\/li>\n<li>KML<\/li>\n<li>Access database (MDB)<\/li>\n<li>Excel (xls)<\/li>\n<\/ul>\n<h2 class=\"formats\">STANDARD GIS-FORMATE F\u00dcR UNSERE GEBIETSGRENZEN (VEKTORDATEN)<\/h2>\n<p>Zur Verwendung in einem GIS (Geographisches Informationssystem) k\u00f6nnen wir Ihnen passende digitale&nbsp;<a title=\"Gebietsgrenzen\" href=\"https:\/\/www.mbi-geodata.com\/de\/gebietsgrenzen\/\">GEBIETSGRENZEN<\/a>&nbsp;in folgenden Formaten liefern:<\/p>\n<ul>\n<li>Esri Shape file (.shp)<\/li>\n<li>Esri Geodatabase (.gdb)<\/li>\n<li>MapInfo (.tab)<\/li>\n<li>MapInfo MIF\/MID<\/li>\n<\/ul>\n<p>Auf&nbsp;<a title=\"Kontakt\" href=\"https:\/\/www.mbi-geodata.com\/de\/kontakt\/\">ANFRAGE<\/a>&nbsp;erstellen wir Ihnen gerne ein individuelles und unverbindliches Angebot. Gerne beraten wir Sie auch \u00fcber die Datenverf\u00fcgbarkeit in den einzelnen L\u00e4ndern.<\/p>\n<hr>\n<div>\n<p>MB-International kann Ihnen Umsatzkennziffern zu zahlreichen L\u00e4ndern der Welt anbieten. \u00dcber nachfolgende Kontinent-Auswahl erhalten Sie einen \u00dcberblick \u00fcber das Datenangebot in den einzelnen L\u00e4ndern.&nbsp;<strong>Testdaten&nbsp;<\/strong>stehen f\u00fcr die einzelnen L\u00e4nder West- und Osteuropas f\u00fcr Sie zur Verf\u00fcgung. Dabei handelt es sich um einen Auszug aus unserem Datenspektrum. Sollten die von Ihnen gew\u00fcnschten Variablen bzw. digitalen Gebietsgrenzen nicht enthalten sein&nbsp;<a title=\"Kontakt\" href=\"https:\/\/www.mbi-geodata.com\/de\/kontakt\/\">KONTAKTIEREN<\/a>&nbsp;Sie uns bitte.<\/p>\n<div class=\"menu-world-areas-container\"><ul id=\"short_menu_69d10fd171f2f\" class=\"shortcode_menu worldareas  \"><li id=\"menu-item-6122\" class=\"menu-item menu-item-type-post_type menu-item-object-page menu-item-6122\"><a href=\"https:\/\/www.mbi-geodata.com\/p2\/mbi-ihr-lieferant-und-hersteller-von-weltweiten-geodaten\/afrika\/\">GEODATEN F\u00dcR AFRIKA<\/a><\/li>\n<li id=\"menu-item-6123\" class=\"menu-item menu-item-type-post_type menu-item-object-page menu-item-6123\"><a href=\"https:\/\/www.mbi-geodata.com\/p2\/mbi-ihr-lieferant-und-hersteller-von-weltweiten-geodaten\/asien\/\">GEODATEN F\u00dcR ASIEN<\/a><\/li>\n<li id=\"menu-item-6127\" class=\"menu-item menu-item-type-post_type menu-item-object-page menu-item-6127\"><a href=\"https:\/\/www.mbi-geodata.com\/p2\/mbi-ihr-lieferant-und-hersteller-von-weltweiten-geodaten\/suedamerika\/\">GEODATEN F\u00dcR S\u00dcDAMERIKA<\/a><\/li>\n<li id=\"menu-item-6124\" class=\"menu-item menu-item-type-post_type menu-item-object-page menu-item-6124\"><a href=\"https:\/\/www.mbi-geodata.com\/p2\/mbi-ihr-lieferant-und-hersteller-von-weltweiten-geodaten\/nordamerika\/\">GEODATEN F\u00dcR NORDAMERIKA<\/a><\/li>\n<li id=\"menu-item-6125\" class=\"menu-item menu-item-type-post_type menu-item-object-page menu-item-6125\"><a href=\"https:\/\/www.mbi-geodata.com\/p2\/mbi-ihr-lieferant-und-hersteller-von-weltweiten-geodaten\/osteuropa\/\">GEODATEN F\u00dcR OSTEUROPA<\/a><\/li>\n<li id=\"menu-item-6128\" class=\"menu-item menu-item-type-post_type menu-item-object-page menu-item-6128\"><a href=\"https:\/\/www.mbi-geodata.com\/p2\/mbi-ihr-lieferant-und-hersteller-von-weltweiten-geodaten\/westeuropa\/\">GEODATEN F\u00dcR WESTEUROPA<\/a><\/li>\n<li id=\"menu-item-6126\" class=\"menu-item menu-item-type-post_type menu-item-object-page menu-item-6126\"><a href=\"https:\/\/www.mbi-geodata.com\/p2\/mbi-ihr-lieferant-und-hersteller-von-weltweiten-geodaten\/ozeanien\/\">GEODATEN F\u00dcR OZEANIEN<\/a><\/li>\n<\/ul><\/div><div class=\"clear\"><\/div>\n\t\t\t<style>\n\t\t\t\t#short_menu_69d10fd171f2f {  }\n\t\t\t\t#short_menu_69d10fd171f2f ul.wpsm-arrow-enabled:before {  } \n\t\t\t\t#short_menu_69d10fd171f2f ul, #short_menu_69d10fd171f2f ul ul {  }\n\t\t\t\t#short_menu_69d10fd171f2f a {  }\n\t\t\t\t#short_menu_69d10fd171f2f a:hover {  }\n\t\t\t\t#short_menu_69d10fd171f2f ul a {  }\n\t\t\t\t#short_menu_69d10fd171f2f ul a:hover {  }\n\t\t\t\t\n\t\t\t<\/style>\n\t\t\t<script type=\"text\/javascript\">\n\t\t\t\tvar show_arrow = \"true\";var $sm = jQuery.noConflict();\n\t\t\t\t\tjQuery(function ($) {\n\t\t\t\t\t\t$(\"#short_menu_69d10fd171f2f\").tinyNav();\n\t\t\t\t\t\t$(\"#short_menu_69d10fd171f2f\").next().addClass(\"shortcode-menu-mobile\");\n\t\t\t\t\t\t\n\t\t\t\t\t\tshortcode_menu_responsive();\n\t\t\t\t\t});\n\t\t\t\t\tjQuery(window).resize(function($){\n\t\t\t\t\t\tshortcode_menu_responsive();\n\t\t\t\t\t});\n\t\t\t\t\tfunction shortcode_menu_responsive()\n\t\t\t\t\t{\n\t\t\t\t\t\tvar window_width = $sm(window).width();\n\t\t\t\t\t\tif(window_width <= 650)\n\t\t\t\t\t\t{\n\t\t\t\t\t\t\t$sm(\"#short_menu_69d10fd171f2f\").hide();\n\t\t\t\t\t\t\t$sm(\"#short_menu_69d10fd171f2f\").next().show();\n\t\t\t\t\t\t}\n\t\t\t\t\t\telse\n\t\t\t\t\t\t{\n\t\t\t\t\t\t\t$sm(\"#short_menu_69d10fd171f2f\").show();\n\t\t\t\t\t\t\t$sm(\"#short_menu_69d10fd171f2f\").next().hide();\n\t\t\t\t\t\t}\n\t\t\t\t\t}<\/script>\n<p>&nbsp;<\/p>\n<\/div>\n<\/div>\n<\/div>\n","protected":false},"excerpt":{"rendered":"<p>[smartslider3 slider=22] WAS SIND UMSATZKENNZIFFERN? Umsatzkennziffern sind alle im \u00f6rtlichen Einzelhandel get\u00e4tigten Ums\u00e4tze. Die Eink\u00e4ufe sind im Gegensatz zur&nbsp;ALLGEMEINEN KAUFKRAFT&nbsp;und zur&nbsp;EINZELHANDELSRELEVANTEN KAUFKRAFT&nbsp;am Einkaufsort der Konsumenten erfasst. VORTEILE DER UMSATZKENNZIFFERN VON MB-INTERNATIONAL Weltweit einheitlich und vergleichbar unsere Daten&nbsp;werden einer strengen Qualit\u00e4tskontrolle unterzogen und mittels umfangreicher Eigenrecherchen stetig aktualisiert Umsatzkennziffern erm\u00f6glichen es Unternehmen ihre regionalen M\u00e4rkte mit [&hellip;]<\/p>\n","protected":false},"author":5,"featured_media":0,"parent":6096,"menu_order":0,"comment_status":"closed","ping_status":"open","template":"","meta":{"_acf_changed":false,"ngg_post_thumbnail":0,"footnotes":""},"class_list":["post-36","page","type-page","status-publish","hentry"],"acf":[],"_links":{"self":[{"href":"https:\/\/www.mbi-geodata.com\/p2\/wp-json\/wp\/v2\/pages\/36","targetHints":{"allow":["GET"]}}],"collection":[{"href":"https:\/\/www.mbi-geodata.com\/p2\/wp-json\/wp\/v2\/pages"}],"about":[{"href":"https:\/\/www.mbi-geodata.com\/p2\/wp-json\/wp\/v2\/types\/page"}],"author":[{"embeddable":true,"href":"https:\/\/www.mbi-geodata.com\/p2\/wp-json\/wp\/v2\/users\/5"}],"replies":[{"embeddable":true,"href":"https:\/\/www.mbi-geodata.com\/p2\/wp-json\/wp\/v2\/comments?post=36"}],"version-history":[{"count":0,"href":"https:\/\/www.mbi-geodata.com\/p2\/wp-json\/wp\/v2\/pages\/36\/revisions"}],"up":[{"embeddable":true,"href":"https:\/\/www.mbi-geodata.com\/p2\/wp-json\/wp\/v2\/pages\/6096"}],"wp:attachment":[{"href":"https:\/\/www.mbi-geodata.com\/p2\/wp-json\/wp\/v2\/media?parent=36"}],"curies":[{"name":"wp","href":"https:\/\/api.w.org\/{rel}","templated":true}]}}