{"id":35,"date":"2014-03-11T13:42:25","date_gmt":"2014-03-11T12:42:25","guid":{"rendered":"https:\/\/www.mbi-geodata.com\/de\/kaufkraft\/einzelhandelsrelevante-kaufkraft\/"},"modified":"2014-03-11T13:42:25","modified_gmt":"2014-03-11T12:42:25","slug":"einzelhandelsrelevante-kaufkraft","status":"publish","type":"page","link":"https:\/\/www.mbi-geodata.com\/p2\/kaufkraft\/einzelhandelsrelevante-kaufkraft\/","title":{"rendered":"EINZELHANDELSRELEVANTE KAUFKRAFT"},"content":{"rendered":"<p>[smartslider3 slider=21]<\/p>\n<h2 class=\"purchasing-power\">WIE DEFINIEREN WIR DIE EINZELHANDELSRELEVANTE KAUFKRAFT?<\/h2>\n<p>Die Einzelhandelsrelevante Kaufkraft bezeichnet das Volumen der Einzelhandelsausgaben der Bev\u00f6lkerung einer Region gemessen am Wohnort:&nbsp;<a title=\"Kaufkraft allgemein\" href=\"https:\/\/www.mbi-geodata.com\/de\/kaufkraft\/kaufkraft-allgemein\/\">Allgemeine Kaufkraft<\/a>&nbsp;abz\u00fcglich der Ausgaben f\u00fcr<\/p>\n<ul class=\"twocollist\">\n<li>Mieten<\/li>\n<li>Hypothekenzinsen<\/li>\n<li>Versicherung<\/li>\n<li>Kraftfahrzeuge<\/li>\n<li>Reisen oder<\/li>\n<li>Dienstleistungen<\/li>\n<\/ul>\n<p>Dies bedeutet nicht, dass die Einzelhandelsausgaben am Wohnort get\u00e4tigt werden. Die Daten zeigen das Einzelhandelspotential eines Gebietes, sowohl lokal als auch online.<\/p>\n<h2 class=\"advantages\">VORTEILE DER EINZELHANDELSRELEVANTEN KAUFKRAFT VON MBI<\/h2>\n<ul>\n<li>Weltweit einheitlich und vergleichbar<\/li>\n<li>unsere Daten&nbsp;werden einer strengen Qualit\u00e4tskontrolle unterzogen und mittels umfangreicher Eigenrecherchen stetig aktualisiert<\/li>\n<li>Kaufkraftdaten erm\u00f6glichen es Unternehmen ihre regionalen M\u00e4rkte mit Pr\u00e4zision und Genauigkeit&nbsp;zu betrachten und zu analysieren<\/li>\n<li>Kaufkraftdaten k\u00f6nnen geographisch visualisiert werden &#8211; zusammen mit unseren Postleitzahlgrenzen, administrativen Grenzen oder mikrogeographischen Grenzen erm\u00f6glichen sie eine noch effektivere und effizientere Entscheidungsfindung.&nbsp;<\/li>\n<\/ul>\n<h2 class=\"use-cases\">VIELSEITIGE ANWENDUNGSM\u00d6GLICHKEITEN DER EINZELHANDELSRELEVANTEN KAUFKRAFT<\/h2>\n<p>Unsere Kennziffern unterst\u00fctzen Sie bei:<\/p>\n<div>\n<ul>\n<li>Ihren Regionalanalysen als valide Datengrundlagen<\/li>\n<li>der schnellen Identifikation wirtschaftlich lohnender Absatzm\u00e4rkte mithilfe der Darstellung sowohl von Wertangaben als auch von Indizes<\/li>\n<li>der professionellen Planung neuer Standorte anhand ihrer Erfolgsaussichten<\/li>\n<li>dem fairen Vergleich des Potenzials von Au\u00dfendienstgebieten und der objektiven Bewertung von Verkaufsleistungen<\/li>\n<li>der Neueinteilung von Au\u00dfendienstgebieten anhand ihrer Absatzchancen<\/li>\n<\/ul>\n<p>Mit Hilfe der Einzelhandelsrelevanten Kaufkraft lassen sich f\u00fcr&nbsp;Unternehmen aller Branchen<\/p>\n<ul class=\"twocollist\">\n<li>Regionale Absatzchancen und Marktpotentiale quantifizieren<\/li>\n<li>Gebiete nach St\u00e4rken und Schw\u00e4chen bewerten<\/li>\n<li>Unausgesch\u00f6pfte Potenziale lokalisieren<\/li>\n<li>Realistische Planziele formulieren<\/li>\n<li>Marketing-Aktivit\u00e4ten lokal fokussieren&nbsp;<\/li>\n<li>Markt- und Vertriebsgebiete optimieren<\/li>\n<li>Marketing-Kampagnen r\u00e4umlich visualisieren<\/li>\n<li>Expansionsstrategien entwickeln<\/li>\n<\/ul>\n<h2 class=\"product-flyer\">PRODUKT-FLYER EINZELHANDELSRELEVANTE KAUFKRAFT VON MB-INTERNATIONAL<\/h2>\n<div>\n<p><a href=\"https:\/\/www.mbi-geodata.com\/de\/wp-content\/uploads\/sites\/2\/2017\/05\/MBI_Retail_Spending.pdf\">MBI Retail Spending<\/a><\/p>\n<\/div>\n<h2 class=\"example\">BEISPIEL EINZELHANDELSRELEVANTE KAUFKRAFT<\/h2>\n<p>Einzelhandelsrelevante Kaufkraft auf Gemeindeebene f\u00fcr Tschechien<\/p>\n<table border=\"0\" cellspacing=\"0\" cellpadding=\"0\">\n<thead>\n<tr>\n<td><strong>Gemeinde-<br \/>\nkennziffer<\/strong><\/td>\n<td><strong>Name<\/strong><\/td>\n<td colspan=\"2\" align=\"center\"><strong>Bev\u00f6lkerung<\/strong><\/td>\n<td colspan=\"4\" align=\"center\"><strong>Einzelhandelsrelevante Kaufkraft<\/strong><\/td>\n<\/tr>\n<tr>\n<td>&nbsp;<\/td>\n<td>Gemeinde\/Obce<\/td>\n<td align=\"right\">Jahres-<br \/>\ndurchschnitt<\/td>\n<td align=\"right\">Promille-anteil vom Land<\/td>\n<td align=\"right\">in Mio.<br \/>\nEuro<\/td>\n<td align=\"right\">Promilleanteil vom Land<\/td>\n<td align=\"right\">Euro<br \/>\npro Kopf<\/td>\n<td align=\"right\">Index<br \/>\nLand = 100<\/td>\n<\/tr>\n<\/thead>\n<tbody>\n<tr>\n<td>532100<\/td>\n<td>Blevice<\/td>\n<td align=\"right\">285<\/td>\n<td align=\"right\">0,027<\/td>\n<td align=\"right\">0,82<\/td>\n<td align=\"right\">0,026<\/td>\n<td align=\"right\">2.875<\/td>\n<td align=\"right\">95,0<\/td>\n<\/tr>\n<tr>\n<td>532169<\/td>\n<td>Bu\u0161t\u011bhrad<\/td>\n<td align=\"right\">2.791<\/td>\n<td align=\"right\">0,265<\/td>\n<td align=\"right\">8,32<\/td>\n<td align=\"right\">0,262<\/td>\n<td align=\"right\">3.109<\/td>\n<td align=\"right\">102,7<\/td>\n<\/tr>\n<tr>\n<td>532282<\/td>\n<td>D\u0159etovice<\/td>\n<td align=\"right\">500<\/td>\n<td align=\"right\">0,048<\/td>\n<td align=\"right\">1,30<\/td>\n<td align=\"right\">0,041<\/td>\n<td align=\"right\">2.716<\/td>\n<td align=\"right\">89,7<\/td>\n<\/tr>\n<tr>\n<td>532495<\/td>\n<td>Kole\u010d<\/td>\n<td align=\"right\">623<\/td>\n<td align=\"right\">0,059<\/td>\n<td align=\"right\">1,75<\/td>\n<td align=\"right\">0,055<\/td>\n<td align=\"right\">2.715<\/td>\n<td align=\"right\">89,7<\/td>\n<\/tr>\n<tr>\n<td>532681<\/td>\n<td>Otvovice<\/td>\n<td align=\"right\">674<\/td>\n<td align=\"right\">0,064<\/td>\n<td align=\"right\">2,09<\/td>\n<td align=\"right\">0,066<\/td>\n<td align=\"right\">2.820<\/td>\n<td align=\"right\">93,2<\/td>\n<\/tr>\n<tr>\n<td>532827<\/td>\n<td>Slatina<\/td>\n<td align=\"right\">444<\/td>\n<td align=\"right\">0,042<\/td>\n<td align=\"right\">1,27<\/td>\n<td align=\"right\">0,040<\/td>\n<td align=\"right\">2.931<\/td>\n<td align=\"right\">96,8<\/td>\n<\/tr>\n<tr>\n<td>532851<\/td>\n<td>Stehel\u010deves<\/td>\n<td align=\"right\">723<\/td>\n<td align=\"right\">0,069<\/td>\n<td align=\"right\">2,02<\/td>\n<td align=\"right\">0,064<\/td>\n<td align=\"right\">2.922<\/td>\n<td align=\"right\">96,5<\/td>\n<\/tr>\n<tr>\n<td>532975<\/td>\n<td>T\u0159ebusice<\/td>\n<td align=\"right\">510<\/td>\n<td align=\"right\">0,048<\/td>\n<td align=\"right\">1,47<\/td>\n<td align=\"right\">0,046<\/td>\n<td align=\"right\">2.950<\/td>\n<td align=\"right\">97,5<\/td>\n<\/tr>\n<tr>\n<td>533092<\/td>\n<td>Z\u00e1kolany<\/td>\n<td align=\"right\">541<\/td>\n<td align=\"right\">0,051<\/td>\n<td align=\"right\">1,53<\/td>\n<td align=\"right\">0,048<\/td>\n<td align=\"right\">2.825<\/td>\n<td align=\"right\">93,3<\/td>\n<\/tr>\n<tr>\n<td>534951<\/td>\n<td>Kralupy nad Vltavou<\/td>\n<td align=\"right\">17.726<\/td>\n<td align=\"right\">1,685<\/td>\n<td align=\"right\">56,85<\/td>\n<td align=\"right\">1,792<\/td>\n<td align=\"right\">3.240<\/td>\n<td align=\"right\">107,0<\/td>\n<\/tr>\n<tr>\n<td>\u2026<\/td>\n<td>&nbsp;<\/td>\n<td>&nbsp;<\/td>\n<td>&nbsp;<\/td>\n<td>&nbsp;<\/td>\n<td>&nbsp;<\/td>\n<td>&nbsp;<\/td>\n<td>&nbsp;<\/td>\n<\/tr>\n<tr>\n<td colspan=\"2\">Tschechische Republik<\/td>\n<td>10.518.570<\/td>\n<td>1.000,000<\/td>\n<td align=\"right\">31.841,46<\/td>\n<td align=\"right\">1.000,000<\/td>\n<td align=\"right\">3.027<\/td>\n<td align=\"right\">100,0<\/td>\n<\/tr>\n<\/tbody>\n<\/table>\n<h2 class=\"area-boundaries\">AUF WELCHEN GEBIETSEBENEN STEHEN DIE DATEN ZUR VERF\u00dcGUNG?<\/h2>\n<ul>\n<li><a href=\"https:\/\/www.mbi-geodata.com\/de\/gebietsgrenzen\/postleitzahlgrenzen-vektordaten\/\">Postleitzahlebene<br \/>\n<\/a>Weltweite Postleitzahlenkarte mit einer r\u00e4umlichen Verteilung von Postleitzahlen. Die einzelnen Postleitzahlen werden als Postleitzahlgebiet dargestellt<\/li>\n<li><a title=\"Administrativ\" href=\"https:\/\/www.mbi-geodata.com\/de\/gebietsgrenzen\/administrativ\/\">Administrative Ebene<br \/>\n<\/a>Gemeindegrenzen plus die \u00fcbergeordneten Grenzen wie Kreisgrenzen, Regierungsbezirke und L\u00e4ndergrenzen<\/li>\n<li><a href=\"https:\/\/www.mbi-geodata.com\/de\/gebietsgrenzen\/mikro\/\">mikrogeographische Ebene<br \/>\n<\/a>Unterteilt in der Regel eine administrative oder postalische Gebietsebene weiter<\/li>\n<\/ul>\n<h2 class=\"formats\">METHOLDIK<\/h2>\n<div>\n<p>Bei der Ermittlung der Einzelhandelsrelevanten Kaufkraft werden die folgenden Komponenten ber\u00fccksichtigt:<\/p>\n<\/div>\n<div>\n<ul>\n<li>Aktuellste amtliche Verbrauchsstichproben des Statistischen Bundesamtes<\/li>\n<li>Statistiken einschl\u00e4giger Handelsverb\u00e4nde<\/li>\n<li>Regionale Konsumstatistiken<\/li>\n<li>Kleinr\u00e4umige Einkommensstatistiken<\/li>\n<li>Kleinr\u00e4umige soziodemographische Daten<\/li>\n<\/ul>\n<h2 class=\"formats\">STANDARD DATEN-FORMATE<\/h2>\n<ul>\n<li>Tab delimited file (TXT)<\/li>\n<li>KML<\/li>\n<li>Access database (MDB)<\/li>\n<li>Excel (xls)<\/li>\n<\/ul>\n<h2 class=\"formats\">STANDARD GIS-FORMATE F\u00dcR UNSERE GEBIETSGRENZEN (VEKTORDATEN)<\/h2>\n<p>Zur Verwendung in einem GIS (Geographisches Informationssystem) k\u00f6nnen wir Ihnen passende digitale&nbsp;<a title=\"Gebietsgrenzen\" href=\"https:\/\/www.mbi-geodata.com\/de\/gebietsgrenzen\/\">Gebietsgrenzen<\/a>&nbsp;in folgenden Formaten liefern:<\/p>\n<ul>\n<li>Esri Shape file (.shp)<\/li>\n<li>Esri Geodatabase (.gdb)<\/li>\n<li>MapInfo (.tab)<\/li>\n<li>MapInfo MIF\/MID<\/li>\n<\/ul>\n<p>Auf&nbsp;<a title=\"Kontakt\" href=\"https:\/\/www.mbi-geodata.com\/de\/kontakt\/\">Anfrage<\/a>&nbsp;erstellen wir Ihnen gerne ein individuelles und unverbindliches Angebot. Gerne beraten wir Sie auch \u00fcber die Datenverf\u00fcgbarkeit in den einzelnen L\u00e4ndern.<\/p>\n<hr>\n<div>\n<p>MB-International kann Ihnen Umsatzkennziffern zu zahlreichen L\u00e4ndern der Welt anbieten. \u00dcber nachfolgende Kontinent-Auswahl erhalten Sie einen \u00dcberblick \u00fcber das Datenangebot in den einzelnen L\u00e4ndern.&nbsp;<strong>Testdaten&nbsp;<\/strong>stehen f\u00fcr die einzelnen L\u00e4nder West- und Osteuropas f\u00fcr Sie zur Verf\u00fcgung. Dabei handelt es sich um einen Auszug aus unserem Datenspektrum. Sollten die von Ihnen gew\u00fcnschten Variablen bzw. digitalen Gebietsgrenzen nicht enthalten sein&nbsp;<a title=\"Kontakt\" href=\"https:\/\/www.mbi-geodata.com\/de\/kontakt\/\">kontaktieren<\/a>&nbsp;Sie uns bitte.<\/p>\n<div class=\"menu-world-areas-container\"><ul id=\"short_menu_69d10fc8bedb7\" class=\"shortcode_menu worldareas  \"><li id=\"menu-item-6122\" class=\"menu-item menu-item-type-post_type menu-item-object-page menu-item-6122\"><a href=\"https:\/\/www.mbi-geodata.com\/p2\/mbi-ihr-lieferant-und-hersteller-von-weltweiten-geodaten\/afrika\/\">GEODATEN F\u00dcR AFRIKA<\/a><\/li>\n<li id=\"menu-item-6123\" class=\"menu-item menu-item-type-post_type menu-item-object-page menu-item-6123\"><a href=\"https:\/\/www.mbi-geodata.com\/p2\/mbi-ihr-lieferant-und-hersteller-von-weltweiten-geodaten\/asien\/\">GEODATEN F\u00dcR ASIEN<\/a><\/li>\n<li id=\"menu-item-6127\" class=\"menu-item menu-item-type-post_type menu-item-object-page menu-item-6127\"><a href=\"https:\/\/www.mbi-geodata.com\/p2\/mbi-ihr-lieferant-und-hersteller-von-weltweiten-geodaten\/suedamerika\/\">GEODATEN F\u00dcR S\u00dcDAMERIKA<\/a><\/li>\n<li id=\"menu-item-6124\" class=\"menu-item menu-item-type-post_type menu-item-object-page menu-item-6124\"><a href=\"https:\/\/www.mbi-geodata.com\/p2\/mbi-ihr-lieferant-und-hersteller-von-weltweiten-geodaten\/nordamerika\/\">GEODATEN F\u00dcR NORDAMERIKA<\/a><\/li>\n<li id=\"menu-item-6125\" class=\"menu-item menu-item-type-post_type menu-item-object-page menu-item-6125\"><a href=\"https:\/\/www.mbi-geodata.com\/p2\/mbi-ihr-lieferant-und-hersteller-von-weltweiten-geodaten\/osteuropa\/\">GEODATEN F\u00dcR OSTEUROPA<\/a><\/li>\n<li id=\"menu-item-6128\" class=\"menu-item menu-item-type-post_type menu-item-object-page menu-item-6128\"><a href=\"https:\/\/www.mbi-geodata.com\/p2\/mbi-ihr-lieferant-und-hersteller-von-weltweiten-geodaten\/westeuropa\/\">GEODATEN F\u00dcR WESTEUROPA<\/a><\/li>\n<li id=\"menu-item-6126\" class=\"menu-item menu-item-type-post_type menu-item-object-page menu-item-6126\"><a href=\"https:\/\/www.mbi-geodata.com\/p2\/mbi-ihr-lieferant-und-hersteller-von-weltweiten-geodaten\/ozeanien\/\">GEODATEN F\u00dcR OZEANIEN<\/a><\/li>\n<\/ul><\/div><div class=\"clear\"><\/div>\n\t\t\t<style>\n\t\t\t\t#short_menu_69d10fc8bedb7 {  }\n\t\t\t\t#short_menu_69d10fc8bedb7 ul.wpsm-arrow-enabled:before {  } \n\t\t\t\t#short_menu_69d10fc8bedb7 ul, #short_menu_69d10fc8bedb7 ul ul {  }\n\t\t\t\t#short_menu_69d10fc8bedb7 a {  }\n\t\t\t\t#short_menu_69d10fc8bedb7 a:hover {  }\n\t\t\t\t#short_menu_69d10fc8bedb7 ul a {  }\n\t\t\t\t#short_menu_69d10fc8bedb7 ul a:hover {  }\n\t\t\t\t\n\t\t\t<\/style>\n\t\t\t<script type=\"text\/javascript\">\n\t\t\t\tvar show_arrow = \"true\";var $sm = jQuery.noConflict();\n\t\t\t\t\tjQuery(function ($) {\n\t\t\t\t\t\t$(\"#short_menu_69d10fc8bedb7\").tinyNav();\n\t\t\t\t\t\t$(\"#short_menu_69d10fc8bedb7\").next().addClass(\"shortcode-menu-mobile\");\n\t\t\t\t\t\t\n\t\t\t\t\t\tshortcode_menu_responsive();\n\t\t\t\t\t});\n\t\t\t\t\tjQuery(window).resize(function($){\n\t\t\t\t\t\tshortcode_menu_responsive();\n\t\t\t\t\t});\n\t\t\t\t\tfunction shortcode_menu_responsive()\n\t\t\t\t\t{\n\t\t\t\t\t\tvar window_width = $sm(window).width();\n\t\t\t\t\t\tif(window_width <= 650)\n\t\t\t\t\t\t{\n\t\t\t\t\t\t\t$sm(\"#short_menu_69d10fc8bedb7\").hide();\n\t\t\t\t\t\t\t$sm(\"#short_menu_69d10fc8bedb7\").next().show();\n\t\t\t\t\t\t}\n\t\t\t\t\t\telse\n\t\t\t\t\t\t{\n\t\t\t\t\t\t\t$sm(\"#short_menu_69d10fc8bedb7\").show();\n\t\t\t\t\t\t\t$sm(\"#short_menu_69d10fc8bedb7\").next().hide();\n\t\t\t\t\t\t}\n\t\t\t\t\t}<\/script>\n<p>&nbsp;<\/p>\n<\/div>\n<\/div>\n<\/div>\n","protected":false},"excerpt":{"rendered":"<p>[smartslider3 slider=21] WIE DEFINIEREN WIR DIE EINZELHANDELSRELEVANTE KAUFKRAFT? Die Einzelhandelsrelevante Kaufkraft bezeichnet das Volumen der Einzelhandelsausgaben der Bev\u00f6lkerung einer Region gemessen am Wohnort:&nbsp;Allgemeine Kaufkraft&nbsp;abz\u00fcglich der Ausgaben f\u00fcr Mieten Hypothekenzinsen Versicherung Kraftfahrzeuge Reisen oder Dienstleistungen Dies bedeutet nicht, dass die Einzelhandelsausgaben am Wohnort get\u00e4tigt werden. Die Daten zeigen das Einzelhandelspotential eines Gebietes, sowohl lokal als auch [&hellip;]<\/p>\n","protected":false},"author":5,"featured_media":0,"parent":6096,"menu_order":0,"comment_status":"closed","ping_status":"open","template":"","meta":{"_acf_changed":false,"ngg_post_thumbnail":0,"footnotes":""},"class_list":["post-35","page","type-page","status-publish","hentry"],"acf":[],"_links":{"self":[{"href":"https:\/\/www.mbi-geodata.com\/p2\/wp-json\/wp\/v2\/pages\/35","targetHints":{"allow":["GET"]}}],"collection":[{"href":"https:\/\/www.mbi-geodata.com\/p2\/wp-json\/wp\/v2\/pages"}],"about":[{"href":"https:\/\/www.mbi-geodata.com\/p2\/wp-json\/wp\/v2\/types\/page"}],"author":[{"embeddable":true,"href":"https:\/\/www.mbi-geodata.com\/p2\/wp-json\/wp\/v2\/users\/5"}],"replies":[{"embeddable":true,"href":"https:\/\/www.mbi-geodata.com\/p2\/wp-json\/wp\/v2\/comments?post=35"}],"version-history":[{"count":0,"href":"https:\/\/www.mbi-geodata.com\/p2\/wp-json\/wp\/v2\/pages\/35\/revisions"}],"up":[{"embeddable":true,"href":"https:\/\/www.mbi-geodata.com\/p2\/wp-json\/wp\/v2\/pages\/6096"}],"wp:attachment":[{"href":"https:\/\/www.mbi-geodata.com\/p2\/wp-json\/wp\/v2\/media?parent=35"}],"curies":[{"name":"wp","href":"https:\/\/api.w.org\/{rel}","templated":true}]}}