{"id":34,"date":"2014-03-11T13:42:25","date_gmt":"2014-03-11T12:42:25","guid":{"rendered":"https:\/\/www.mbi-geodata.com\/de\/kaufkraft\/kaufkraft-allgemein\/"},"modified":"2014-03-11T13:42:25","modified_gmt":"2014-03-11T12:42:25","slug":"kaufkraft-allgemein","status":"publish","type":"page","link":"https:\/\/www.mbi-geodata.com\/p2\/kaufkraft\/kaufkraft-allgemein\/","title":{"rendered":"KAUFKRAFT ALLGEMEIN"},"content":{"rendered":"<div>&nbsp;<\/div>\n<p>[smartslider3 slider=17]<\/p>\n<h2 class=\"purchasing-power\">WIE DEFINIEREN WIR KAUFKRAFT?<\/h2>\n<p>Die&nbsp;<a href=\"https:\/\/www.mbi-geodata.com\/de\/kaufkraft\/kaufkraft-allgemein\/\">KAUFKRAFT&nbsp;<\/a>bezeichnet das verf\u00fcgbare Einkommen (Einkommen ohne Steuern und Sozialversicherungsbeitr\u00e4ge, inkl. empfangener Transferleistungen) der Bev\u00f6lkerung einer Region.<\/p>\n<p>Die Kaufkraft ist bei Konsumg\u00fcterherstellern, H\u00e4ndlern und Dienstleistern, die sich mit regionaler Vertriebsplanung, Absatzplanung, Standortanalysen und Geomarketing besch\u00e4ftigen, der am h\u00e4ufigsten eingesetzte Indikator f\u00fcr das Konsumpotenzial einer Region.<\/p>\n<div>\n<p>Sie ist f\u00fcr den Vertrieb Ihrer Produkte und Dienstleistungen eine geeignete Plangr\u00f6\u00dfe, wenn deren Nachfrage \u00fcberwiegend vom Einkommen des Verbrauchers abh\u00e4ngt und Sie direkt oder indirekt an den Endverbraucher verkaufen. Vor allem bei h\u00f6herwertigen G\u00fctern und Dienstleistungen ist die Nachfrage bzw. der Umsatz unmittelbar abh\u00e4ngig von der H\u00f6he der Kaufkraft.<\/p>\n<h2 class=\"advantages\">VORTEILE DER ALLGEMEINEN KAUFKRAFT VON MB-INTERNATIONAL<\/h2>\n<\/div>\n<div>\n<ul>\n<li>Weltweit einheitlich und vergleichbar<\/li>\n<li>unsere Daten&nbsp;werden einer strengen Qualit\u00e4tskontrolle unterzogen und mittels umfangreicher Eigenrecherchen stetig aktualisiert<\/li>\n<li>Kaufkraftdaten erm\u00f6glichen es Unternehmen ihre regionalen M\u00e4rkte mit Pr\u00e4zision und Genauigkeit&nbsp;zu betrachten und zu analysieren<\/li>\n<li>Kaufkraftdaten k\u00f6nnen geographisch visualisiert werden &#8211; zusammen mit unseren Postleitzahlgrenzen, administrativen Grenzen oder mikrogeographischen Grenzen erm\u00f6glichen sie eine noch effektivere und effizientere Entscheidungsfindung.&nbsp;<\/li>\n<\/ul>\n<\/div>\n<div>&nbsp;<\/div>\n<div>\n<div>\n<h2 class=\"use-cases\">VIELSEITIGE ANWENDUNGSM\u00d6GLICHKEITEN DER KAUFKRAFTKENNZIFFERN<\/h2>\n<p>Unsere Kennziffern unterst\u00fctzen Sie bei:<\/p>\n<div>\n<ul>\n<li>Ihren Regionalanalysen als valide Datengrundlagen<\/li>\n<li>der schnellen Identifikation wirtschaftlich lohnender Absatzm\u00e4rkte mithilfe der Darstellung sowohl von Wertangaben als auch von Indizes<\/li>\n<li>der professionellen Planung neuer Standorte anhand ihrer Erfolgsaussichten<\/li>\n<li>dem fairen Vergleich des Potenzials von Au\u00dfendienstgebieten und der objektiven Bewertung von Verkaufsleistungen<\/li>\n<li>der Neueinteilung von Au\u00dfendienstgebieten anhand ihrer Absatzchancen<\/li>\n<\/ul>\n<\/div>\n<p>Mit Hilfe von Kaufkraftkennziffern lassen sich f\u00fcr&nbsp;Unternehmen aller Branchen<\/p>\n<ul class=\"twocollist\">\n<li>Regionale Absatzchancen und Marktpotentiale quantifizieren<\/li>\n<li>Gebiete nach St\u00e4rken und Schw\u00e4chen bewerten<\/li>\n<li>Unausgesch\u00f6pfte Potenziale lokalisieren<\/li>\n<li>Realistische Planziele formulieren<\/li>\n<li>Marketing-Aktivit\u00e4ten lokal fokussieren&nbsp;<\/li>\n<li>Markt- und Vertriebsgebiete optimieren<\/li>\n<li>Marketing-Kampagnen r\u00e4umlich visualisieren<\/li>\n<li>Expansionsstrategien entwickeln<\/li>\n<\/ul>\n<\/div>\n<div><strong>Beispiel Lieferumfang f\u00fcr Deutschland:<\/strong><\/div>\n<p><strong>Kaufkraft 2017 f\u00fcr alle Gemeinden und Postleitgebiete Deutschlands<\/strong><\/p>\n<p>Bei Bestellung der deutschlandweiten Studie erhalten Sie:<\/p>\n<ul>\n<li>Kaufkraft im Zeitvergleich (Gemeinde-, Stadt-und Landkreisebene: 5 Jahre, PLZ zum Vorjahr)<\/li>\n<li>Bev\u00f6lkerungs- und Haushaltsprojektionen f\u00fcr 2017&nbsp;<\/li>\n<li>Kaufkraft im Zeitvergleich (5 Jahre) f\u00fcr die einzelnen europ\u00e4ischen L\u00e4nder auf nationaler Ebene<\/li>\n<\/ul>\n<p><strong>Dynamik erkennen dank Zeitreihen<\/strong><\/p>\n<p>Neben der Kaufkraftprojektion f\u00fcr das Jahr 2017 sind auf Ebene der 5-stelligen PLZ-Gebiete auch Kaufkraftwerte f\u00fcr das Jahr 2017 enthalten sowie auf Gemeinde-, Stadt- und Landkreisebene und der Bundesl\u00e4nder die Zeitreihe von 2012 bis 2017. Dabei handelt es sich nicht um die Projektionen aus der Vorjahresstudie, sondern um aktualisierte Werte, die auch etwaige Gebietsstands\u00e4nderungen ber\u00fccksichtigen. Der dadurch m\u00f6gliche Zeitvergleich erlaubt einen wertvollen Einblick in die Dynamik einer Region.<\/p>\n<h2 class=\"product-flyer\">PRODUKT-FLYER KAUFKRAFT VON MB-INTERNATIONAL<\/h2>\n<div>\n<div>\n<p><a href=\"https:\/\/www.mbi-geodata.com\/de\/wp-content\/uploads\/sites\/2\/2014\/03\/MBI_Purchasing_Power.pdf\">MBI PURCHASING POWER<\/a>&nbsp;<\/p>\n<\/div>\n<\/div>\n<h2 class=\"example\">BEISPIEL ALLGEMEINE KAUFKRAFT<\/h2>\n<p>Kaufkraft auf Gemeindeebene f\u00fcr Tschechien<\/p>\n<table border=\"0\" cellspacing=\"0\" cellpadding=\"0\">\n<thead>\n<tr>\n<td><span style=\"color: #808080\"><strong>Gemeinde-<br \/>\nkennziffer<\/strong><\/span><\/td>\n<td><span style=\"color: #808080\"><strong>Name<\/strong><\/span><\/td>\n<td colspan=\"2\" align=\"center\"><span style=\"color: #808080\"><strong>Bev\u00f6lkerung<\/strong><\/span><\/td>\n<td colspan=\"4\" align=\"center\"><span style=\"color: #808080\"><strong>Kaufkraft<\/strong><\/span><\/td>\n<\/tr>\n<tr>\n<td><span style=\"color: #808080\">&nbsp;<\/span><\/td>\n<td><span style=\"color: #808080\">Gemeinde\/Obce<\/span><\/td>\n<td align=\"right\"><span style=\"color: #808080\">Jahres-<\/span><br \/>\n<span style=\"color: #808080\"> durchschnitt<\/span><\/td>\n<td align=\"right\"><span style=\"color: #808080\">Promille-anteil vom Land<\/span><\/td>\n<td align=\"right\"><span style=\"color: #808080\">in Mio.<\/span><br \/>\n<span style=\"color: #808080\"> Euro<\/span><\/td>\n<td align=\"right\"><span style=\"color: #808080\">Promilleanteil vom Land<\/span><\/td>\n<td align=\"right\"><span style=\"color: #808080\">Euro<\/span><br \/>\n<span style=\"color: #808080\"> pro Kopf<\/span><\/td>\n<td align=\"right\"><span style=\"color: #808080\">Index<\/span><br \/>\n<span style=\"color: #808080\"> Land = 100<\/span><\/td>\n<\/tr>\n<\/thead>\n<tbody>\n<tr>\n<td>500496<\/td>\n<td>Blevice<\/td>\n<td align=\"right\">285<\/td>\n<td align=\"right\">0,027<\/td>\n<td align=\"right\">1,89<\/td>\n<td align=\"right\">0,025<\/td>\n<td align=\"right\">6.624<\/td>\n<td align=\"right\">92,7<\/td>\n<\/tr>\n<tr>\n<td>505188<\/td>\n<td>Bu\u0161t\u011bhrad<\/td>\n<td align=\"right\">2.791<\/td>\n<td align=\"right\">0,265<\/td>\n<td align=\"right\">20,51<\/td>\n<td align=\"right\">0,273<\/td>\n<td align=\"right\">7.350<\/td>\n<td align=\"right\">102,9<\/td>\n<\/tr>\n<tr>\n<td>505587<\/td>\n<td>D\u0159etovice<\/td>\n<td align=\"right\">500<\/td>\n<td align=\"right\">0,048<\/td>\n<td align=\"right\">3,07<\/td>\n<td align=\"right\">0,041<\/td>\n<td align=\"right\">6.137<\/td>\n<td align=\"right\">85,9<\/td>\n<\/tr>\n<tr>\n<td>505927<\/td>\n<td>Kole\u010d<\/td>\n<td align=\"right\">623<\/td>\n<td align=\"right\">0,059<\/td>\n<td align=\"right\">3,84<\/td>\n<td align=\"right\">0,051<\/td>\n<td align=\"right\">6.156<\/td>\n<td align=\"right\">86,2<\/td>\n<\/tr>\n<tr>\n<td>507016<\/td>\n<td>Otvovice<\/td>\n<td align=\"right\">674<\/td>\n<td align=\"right\">0,064<\/td>\n<td align=\"right\">4,31<\/td>\n<td align=\"right\">0,057<\/td>\n<td align=\"right\">6.397<\/td>\n<td align=\"right\">89,5<\/td>\n<\/tr>\n<tr>\n<td>511382<\/td>\n<td>Slatina<\/td>\n<td align=\"right\">444<\/td>\n<td align=\"right\">0,042<\/td>\n<td align=\"right\">2,98<\/td>\n<td align=\"right\">0,040<\/td>\n<td align=\"right\">6.710<\/td>\n<td align=\"right\">93,9<\/td>\n<\/tr>\n<tr>\n<td>513750<\/td>\n<td>Stehel\u010deves<\/td>\n<td align=\"right\">723<\/td>\n<td align=\"right\">0,069<\/td>\n<td align=\"right\">4,93<\/td>\n<td align=\"right\">0,066<\/td>\n<td align=\"right\">6.816<\/td>\n<td align=\"right\">95,4<\/td>\n<\/tr>\n<tr>\n<td>523704<\/td>\n<td>T\u0159ebusice<\/td>\n<td align=\"right\">510<\/td>\n<td align=\"right\">0,048<\/td>\n<td align=\"right\">3,47<\/td>\n<td align=\"right\">0,046<\/td>\n<td align=\"right\">6.809<\/td>\n<td align=\"right\">95,3<\/td>\n<\/tr>\n<tr>\n<td>529303<\/td>\n<td>Z\u00e1kolany<\/td>\n<td align=\"right\">541<\/td>\n<td align=\"right\">0,051<\/td>\n<td align=\"right\">3,48<\/td>\n<td align=\"right\">0,046<\/td>\n<td align=\"right\">6.429<\/td>\n<td align=\"right\">90,0<\/td>\n<\/tr>\n<tr>\n<td>530883<\/td>\n<td>Kralupy nad Vltavou<\/td>\n<td align=\"right\">17.726<\/td>\n<td align=\"right\">1,685<\/td>\n<td align=\"right\">136,62<\/td>\n<td align=\"right\">1,818<\/td>\n<td align=\"right\">7.707<\/td>\n<td align=\"right\">107,9<\/td>\n<\/tr>\n<tr>\n<td>\u2026<\/td>\n<td>&nbsp;<\/td>\n<td>&nbsp;<\/td>\n<td>&nbsp;<\/td>\n<td>&nbsp;<\/td>\n<td>&nbsp;<\/td>\n<td>&nbsp;<\/td>\n<td>&nbsp;<\/td>\n<\/tr>\n<tr>\n<td colspan=\"2\">Tschechische Republik<\/td>\n<td align=\"right\">10.518.570<\/td>\n<td align=\"right\">1.000,000<\/td>\n<td align=\"right\">74.892,62<\/td>\n<td align=\"right\">1.000,000<\/td>\n<td align=\"right\">7.120<\/td>\n<td align=\"right\">100,0<\/td>\n<\/tr>\n<\/tbody>\n<\/table>\n<h2 class=\"area-boundaries\">AUF WELCHEN GEBIETSEBENEN STEHEN DIE DATEN ZUR VERF\u00dcGUNG?<\/h2>\n<ul>\n<li><a href=\"https:\/\/www.mbi-geodata.com\/de\/gebietsgrenzen\/postleitzahlgrenzen-vektordaten\/\">POSTLEITZAHLEBENE<br \/>\n<\/a>Weltweite Postleitzahlenkarte mit einer r\u00e4umlichen Verteilung von Postleitzahlen. Die einzelnen Postleitzahlen werden als Postleitzahlgebiet dargestellt<\/li>\n<li><a title=\"Administrativ\" href=\"https:\/\/www.mbi-geodata.com\/de\/gebietsgrenzen\/administrativ\/\">ADMINISTRATIVE EBENE<br \/>\n<\/a>Gemeindegrenzen plus die \u00fcbergeordneten Grenzen wie Kreisgrenzen, Regierungsbezirke und L\u00e4ndergrenzen<\/li>\n<li><a href=\"https:\/\/www.mbi-geodata.com\/de\/gebietsgrenzen\/mikro\/\">MIKROGEOGRAPHISCHE EBENE<br \/>\n<\/a>Unterteilt in der Regel eine administrative oder postalische Gebietsebene weiter<\/li>\n<\/ul>\n<h2 class=\"formats\">STANDARD DATEN-FORMATE<\/h2>\n<ul>\n<li>Tab delimited file (TXT)<\/li>\n<li>KML<\/li>\n<li>Access database (MDB)<\/li>\n<li>Excel (xls)<\/li>\n<\/ul>\n<h2 class=\"formats\">STANDARD GIS-FORMATE F\u00dcR UNSERE GEBIETSGRENZEN (VEKTORDATEN)<\/h2>\n<p>Zur Verwendung in einem GIS (Geographisches Informationssystem) k\u00f6nnen wir Ihnen passende digitale&nbsp;<a title=\"Gebietsgrenzen\" href=\"https:\/\/www.mbi-geodata.com\/de\/gebietsgrenzen\/\">GEBIETSGRENZEN<\/a>&nbsp;in folgenden Formaten liefern:<\/p>\n<ul>\n<li>Esri Shape file (.shp)<\/li>\n<li>Esri Geodatabase (.gdb)<\/li>\n<li>MapInfo (.tab)<\/li>\n<li>MapInfo MIF\/MID<\/li>\n<\/ul>\n<div>\n<hr>\n<p>\u00dcber nachfolgende Kontinent-Auswahl erhalten Sie einen \u00dcberblick \u00fcber das Angebot an Kaufkraftdaten in den einzelnen L\u00e4ndern.<\/p>\n<\/div>\n<div>\n<div>\n<div>\n<p><strong>Testdaten&nbsp;<\/strong>stehen f\u00fcr die einzelnen L\u00e4nder West- und Osteuropas f\u00fcr Sie zur Verf\u00fcgung. Dabei handelt es sich um einen Auszug aus unserem Datenspektrum. Sollten die von Ihnen gew\u00fcnschten Variablen bzw. digitalen Gebietsgrenzen nicht enthalten sein&nbsp;<a title=\"Kontakt\" href=\"https:\/\/www.mbi-geodata.com\/de\/kontakt\/\">KONTAKTIEREN<\/a>&nbsp;Sie uns bitte.<\/p>\n<\/div>\n<\/div>\n<div>\n<div class=\"menu-world-areas-container\"><ul id=\"short_menu_69d0cd380a235\" class=\"shortcode_menu worldareas  \"><li id=\"menu-item-6122\" class=\"menu-item menu-item-type-post_type menu-item-object-page menu-item-6122\"><a href=\"https:\/\/www.mbi-geodata.com\/p2\/mbi-ihr-lieferant-und-hersteller-von-weltweiten-geodaten\/afrika\/\">GEODATEN F\u00dcR AFRIKA<\/a><\/li>\n<li id=\"menu-item-6123\" class=\"menu-item menu-item-type-post_type menu-item-object-page menu-item-6123\"><a href=\"https:\/\/www.mbi-geodata.com\/p2\/mbi-ihr-lieferant-und-hersteller-von-weltweiten-geodaten\/asien\/\">GEODATEN F\u00dcR ASIEN<\/a><\/li>\n<li id=\"menu-item-6127\" class=\"menu-item menu-item-type-post_type menu-item-object-page menu-item-6127\"><a href=\"https:\/\/www.mbi-geodata.com\/p2\/mbi-ihr-lieferant-und-hersteller-von-weltweiten-geodaten\/suedamerika\/\">GEODATEN F\u00dcR S\u00dcDAMERIKA<\/a><\/li>\n<li id=\"menu-item-6124\" class=\"menu-item menu-item-type-post_type menu-item-object-page menu-item-6124\"><a href=\"https:\/\/www.mbi-geodata.com\/p2\/mbi-ihr-lieferant-und-hersteller-von-weltweiten-geodaten\/nordamerika\/\">GEODATEN F\u00dcR NORDAMERIKA<\/a><\/li>\n<li id=\"menu-item-6125\" class=\"menu-item menu-item-type-post_type menu-item-object-page menu-item-6125\"><a href=\"https:\/\/www.mbi-geodata.com\/p2\/mbi-ihr-lieferant-und-hersteller-von-weltweiten-geodaten\/osteuropa\/\">GEODATEN F\u00dcR OSTEUROPA<\/a><\/li>\n<li id=\"menu-item-6128\" class=\"menu-item menu-item-type-post_type menu-item-object-page menu-item-6128\"><a href=\"https:\/\/www.mbi-geodata.com\/p2\/mbi-ihr-lieferant-und-hersteller-von-weltweiten-geodaten\/westeuropa\/\">GEODATEN F\u00dcR WESTEUROPA<\/a><\/li>\n<li id=\"menu-item-6126\" class=\"menu-item menu-item-type-post_type menu-item-object-page menu-item-6126\"><a href=\"https:\/\/www.mbi-geodata.com\/p2\/mbi-ihr-lieferant-und-hersteller-von-weltweiten-geodaten\/ozeanien\/\">GEODATEN F\u00dcR OZEANIEN<\/a><\/li>\n<\/ul><\/div><div class=\"clear\"><\/div>\n\t\t\t<style>\n\t\t\t\t#short_menu_69d0cd380a235 {  }\n\t\t\t\t#short_menu_69d0cd380a235 ul.wpsm-arrow-enabled:before {  } \n\t\t\t\t#short_menu_69d0cd380a235 ul, #short_menu_69d0cd380a235 ul ul {  }\n\t\t\t\t#short_menu_69d0cd380a235 a {  }\n\t\t\t\t#short_menu_69d0cd380a235 a:hover {  }\n\t\t\t\t#short_menu_69d0cd380a235 ul a {  }\n\t\t\t\t#short_menu_69d0cd380a235 ul a:hover {  }\n\t\t\t\t\n\t\t\t<\/style>\n\t\t\t<script type=\"text\/javascript\">\n\t\t\t\tvar show_arrow = \"true\";var $sm = jQuery.noConflict();\n\t\t\t\t\tjQuery(function ($) {\n\t\t\t\t\t\t$(\"#short_menu_69d0cd380a235\").tinyNav();\n\t\t\t\t\t\t$(\"#short_menu_69d0cd380a235\").next().addClass(\"shortcode-menu-mobile\");\n\t\t\t\t\t\t\n\t\t\t\t\t\tshortcode_menu_responsive();\n\t\t\t\t\t});\n\t\t\t\t\tjQuery(window).resize(function($){\n\t\t\t\t\t\tshortcode_menu_responsive();\n\t\t\t\t\t});\n\t\t\t\t\tfunction shortcode_menu_responsive()\n\t\t\t\t\t{\n\t\t\t\t\t\tvar window_width = $sm(window).width();\n\t\t\t\t\t\tif(window_width <= 650)\n\t\t\t\t\t\t{\n\t\t\t\t\t\t\t$sm(\"#short_menu_69d0cd380a235\").hide();\n\t\t\t\t\t\t\t$sm(\"#short_menu_69d0cd380a235\").next().show();\n\t\t\t\t\t\t}\n\t\t\t\t\t\telse\n\t\t\t\t\t\t{\n\t\t\t\t\t\t\t$sm(\"#short_menu_69d0cd380a235\").show();\n\t\t\t\t\t\t\t$sm(\"#short_menu_69d0cd380a235\").next().hide();\n\t\t\t\t\t\t}\n\t\t\t\t\t}<\/script>\n<\/div>\n<\/div>\n<p>&nbsp;<\/p>\n<\/div>\n","protected":false},"excerpt":{"rendered":"<p>&nbsp; [smartslider3 slider=17] WIE DEFINIEREN WIR KAUFKRAFT? Die&nbsp;KAUFKRAFT&nbsp;bezeichnet das verf\u00fcgbare Einkommen (Einkommen ohne Steuern und Sozialversicherungsbeitr\u00e4ge, inkl. empfangener Transferleistungen) der Bev\u00f6lkerung einer Region. Die Kaufkraft ist bei Konsumg\u00fcterherstellern, H\u00e4ndlern und Dienstleistern, die sich mit regionaler Vertriebsplanung, Absatzplanung, Standortanalysen und Geomarketing besch\u00e4ftigen, der am h\u00e4ufigsten eingesetzte Indikator f\u00fcr das Konsumpotenzial einer Region. Sie ist f\u00fcr den [&hellip;]<\/p>\n","protected":false},"author":5,"featured_media":0,"parent":6096,"menu_order":0,"comment_status":"closed","ping_status":"open","template":"","meta":{"_acf_changed":false,"ngg_post_thumbnail":0,"footnotes":""},"class_list":["post-34","page","type-page","status-publish","hentry"],"acf":[],"_links":{"self":[{"href":"https:\/\/www.mbi-geodata.com\/p2\/wp-json\/wp\/v2\/pages\/34","targetHints":{"allow":["GET"]}}],"collection":[{"href":"https:\/\/www.mbi-geodata.com\/p2\/wp-json\/wp\/v2\/pages"}],"about":[{"href":"https:\/\/www.mbi-geodata.com\/p2\/wp-json\/wp\/v2\/types\/page"}],"author":[{"embeddable":true,"href":"https:\/\/www.mbi-geodata.com\/p2\/wp-json\/wp\/v2\/users\/5"}],"replies":[{"embeddable":true,"href":"https:\/\/www.mbi-geodata.com\/p2\/wp-json\/wp\/v2\/comments?post=34"}],"version-history":[{"count":0,"href":"https:\/\/www.mbi-geodata.com\/p2\/wp-json\/wp\/v2\/pages\/34\/revisions"}],"up":[{"embeddable":true,"href":"https:\/\/www.mbi-geodata.com\/p2\/wp-json\/wp\/v2\/pages\/6096"}],"wp:attachment":[{"href":"https:\/\/www.mbi-geodata.com\/p2\/wp-json\/wp\/v2\/media?parent=34"}],"curies":[{"name":"wp","href":"https:\/\/api.w.org\/{rel}","templated":true}]}}