{"id":30,"date":"2014-03-11T13:35:41","date_gmt":"2014-03-11T12:35:41","guid":{"rendered":"https:\/\/www.mbi-geodata.com\/de\/datenangebot\/afrika\/"},"modified":"2014-03-11T13:35:41","modified_gmt":"2014-03-11T12:35:41","slug":"afrika","status":"publish","type":"page","link":"https:\/\/www.mbi-geodata.com\/p2\/mbi-ihr-lieferant-und-hersteller-von-weltweiten-geodaten\/afrika\/","title":{"rendered":"GEODATEN F\u00dcR AFRIKA"},"content":{"rendered":"<p><img loading=\"lazy\" decoding=\"async\" class=\"alignleft size-full wp-image-605\" src=\"https:\/\/www.mbi-geodata.com\/de\/wp-content\/uploads\/sites\/2\/2014\/03\/africa.png\" alt=\"Afrika\" width=\"150\" height=\"150\" srcset=\"https:\/\/www.mbi-geodata.com\/p2\/wp-content\/uploads\/sites\/7\/2014\/03\/africa.png 150w, https:\/\/www.mbi-geodata.com\/p2\/wp-content\/uploads\/sites\/7\/2014\/03\/africa-88x88.png 88w, https:\/\/www.mbi-geodata.com\/p2\/wp-content\/uploads\/sites\/7\/2014\/03\/africa-125x125.png 125w\" sizes=\"auto, (max-width: 150px) 100vw, 150px\" \/>Nachfolgend erhalten Sie einen \u00dcberblick \u00fcber unser Angebot an <strong>Markt- und Geodaten f\u00fcr<\/strong> <strong>Afrika<\/strong>.<br \/>\nWir bieten Ihnen Daten wie Bev\u00f6lkerung, Haushalte, Altersklassen, Arbeitslosenzahl, Geschlecht, Kaufkraft, Kaufkraft f\u00fcr Produktgruppen.<\/p>\n<p>Diese Variablen liegen auf&nbsp; Postleitzahlebene, administrativen Ebenen und oftmals auch auf kleinr\u00e4umigeren Gebietsebenen vor.<\/p>\n<ul class=\"country-list\"><li><a href=\"https:\/\/www.mbi-geodata.com\/p2\/mbi-ihr-lieferant-und-hersteller-von-weltweiten-geodaten\/afrika\/landkarten-fuer-aegypten\/\">\u00c4gypten<\/a><\/li> <li><a href=\"https:\/\/www.mbi-geodata.com\/p2\/mbi-ihr-lieferant-und-hersteller-von-weltweiten-geodaten\/afrika\/landkarten-fuer-algerien\/\">Algerien<\/a><\/li> <li><a href=\"https:\/\/www.mbi-geodata.com\/p2\/mbi-ihr-lieferant-und-hersteller-von-weltweiten-geodaten\/afrika\/landkarten-fuer-angola\/\">Angola<\/a><\/li> <li><a href=\"https:\/\/www.mbi-geodata.com\/p2\/mbi-ihr-lieferant-und-hersteller-von-weltweiten-geodaten\/afrika\/landkarten-fuer-aethiopien\/\">\u00c4thiopien<\/a><\/li> <li><a href=\"https:\/\/www.mbi-geodata.com\/p2\/mbi-ihr-lieferant-und-hersteller-von-weltweiten-geodaten\/afrika\/landkarten-fuer-botswana\/\">Botswana<\/a><\/li> <li><a href=\"https:\/\/www.mbi-geodata.com\/p2\/mbi-ihr-lieferant-und-hersteller-von-weltweiten-geodaten\/afrika\/landkarten-fuer-cote-divoire\/\">C\u00f4te d&#039;Ivoire<\/a><\/li> <li><a href=\"https:\/\/www.mbi-geodata.com\/p2\/mbi-ihr-lieferant-und-hersteller-von-weltweiten-geodaten\/afrika\/landkarten-fuer-swasiland\/\">Eswatini<\/a><\/li> <li><a href=\"https:\/\/www.mbi-geodata.com\/p2\/mbi-ihr-lieferant-und-hersteller-von-weltweiten-geodaten\/afrika\/landkarten-fuer-gabun\/\">Gabun<\/a><\/li> <li><a href=\"https:\/\/www.mbi-geodata.com\/p2\/mbi-ihr-lieferant-und-hersteller-von-weltweiten-geodaten\/afrika\/landkarten-fuer-ghana\/\">Ghana<\/a><\/li> <li><a href=\"https:\/\/www.mbi-geodata.com\/p2\/mbi-ihr-lieferant-und-hersteller-von-weltweiten-geodaten\/afrika\/landkarten-fuer-guinea\/\">Guinea<\/a><\/li> <li><a href=\"https:\/\/www.mbi-geodata.com\/p2\/mbi-ihr-lieferant-und-hersteller-von-weltweiten-geodaten\/afrika\/landkarten-fuer-kamerun\/\">Kamerun<\/a><\/li> <li><a href=\"https:\/\/www.mbi-geodata.com\/p2\/mbi-ihr-lieferant-und-hersteller-von-weltweiten-geodaten\/afrika\/landkarten-fuer-kenia\/\">Kenia<\/a><\/li> <li><a href=\"https:\/\/www.mbi-geodata.com\/p2\/mbi-ihr-lieferant-und-hersteller-von-weltweiten-geodaten\/afrika\/landkarten-fuer-lesotho\/\">Lesotho<\/a><\/li> <li><a href=\"https:\/\/www.mbi-geodata.com\/p2\/mbi-ihr-lieferant-und-hersteller-von-weltweiten-geodaten\/afrika\/landkarten-fuer-malawi\/\">Malawi<\/a><\/li> <li><a href=\"https:\/\/www.mbi-geodata.com\/p2\/mbi-ihr-lieferant-und-hersteller-von-weltweiten-geodaten\/afrika\/landkarten-fuer-marokko\/\">Marokko<\/a><\/li> <li><a href=\"https:\/\/www.mbi-geodata.com\/p2\/mbi-ihr-lieferant-und-hersteller-von-weltweiten-geodaten\/afrika\/landkarten-fuer-mauritius\/\">Mauritius<\/a><\/li> <li><a href=\"https:\/\/www.mbi-geodata.com\/p2\/mbi-ihr-lieferant-und-hersteller-von-weltweiten-geodaten\/afrika\/landkarten-fuer-mosambik\/\">Mosambik<\/a><\/li> <li><a href=\"https:\/\/www.mbi-geodata.com\/p2\/mbi-ihr-lieferant-und-hersteller-von-weltweiten-geodaten\/afrika\/landkarten-fuer-namibia\/\">Namibia<\/a><\/li> <li><a href=\"https:\/\/www.mbi-geodata.com\/p2\/mbi-ihr-lieferant-und-hersteller-von-weltweiten-geodaten\/afrika\/landkarten-fuer-nigeria\/\">Nigeria<\/a><\/li> <li><a href=\"https:\/\/www.mbi-geodata.com\/p2\/mbi-ihr-lieferant-und-hersteller-von-weltweiten-geodaten\/afrika\/landkarten-fuer-reunion\/\">R\u00e9union<\/a><\/li> <li><a href=\"https:\/\/www.mbi-geodata.com\/p2\/mbi-ihr-lieferant-und-hersteller-von-weltweiten-geodaten\/afrika\/landkarten-fuer-sambia\/\">Sambia<\/a><\/li> <li><a href=\"https:\/\/www.mbi-geodata.com\/p2\/mbi-ihr-lieferant-und-hersteller-von-weltweiten-geodaten\/afrika\/landkarten-fuer-senegal\/\">Senegal<\/a><\/li> <li><a href=\"https:\/\/www.mbi-geodata.com\/p2\/mbi-ihr-lieferant-und-hersteller-von-weltweiten-geodaten\/afrika\/landkarten-fuer-sierra-leone\/\">Sierra Leone<\/a><\/li> <li><a href=\"https:\/\/www.mbi-geodata.com\/p2\/mbi-ihr-lieferant-und-hersteller-von-weltweiten-geodaten\/afrika\/landkarten-fuer-simbabwe\/\">Simbabwe<\/a><\/li> <li><a href=\"https:\/\/www.mbi-geodata.com\/p2\/mbi-ihr-lieferant-und-hersteller-von-weltweiten-geodaten\/afrika\/landkarten-fuer-suedafrika\/\">S\u00fcdafrika<\/a><\/li> <li><a href=\"https:\/\/www.mbi-geodata.com\/p2\/mbi-ihr-lieferant-und-hersteller-von-weltweiten-geodaten\/afrika\/landkarten-fuer-sudan\/\">Sudan<\/a><\/li> <li><a href=\"https:\/\/www.mbi-geodata.com\/p2\/mbi-ihr-lieferant-und-hersteller-von-weltweiten-geodaten\/afrika\/landkarten-fuer-tansania-vereinigte-rep\/\">Tansania, Vereinigte Rep.<\/a><\/li> <li><a href=\"https:\/\/www.mbi-geodata.com\/p2\/mbi-ihr-lieferant-und-hersteller-von-weltweiten-geodaten\/afrika\/landkarten-fuer-tunesien\/\">Tunesien<\/a><\/li> <li><a href=\"https:\/\/www.mbi-geodata.com\/p2\/mbi-ihr-lieferant-und-hersteller-von-weltweiten-geodaten\/afrika\/landkarten-fuer-uganda\/\">Uganda<\/a><\/li> <\/ul>\n<h2 class=\"formats\">STANDARD DATEN-FORMATE<\/h2>\n<ul>\n<li>Tab delimited file (TXT)<\/li>\n<li>KML<\/li>\n<li>Access database (MDB)<\/li>\n<li>Excel (xls)<\/li>\n<\/ul>\n<h2 class=\"formats\">STANDARD GIS-FORMATE F\u00dcR UNSERE GEBIETSGRENZEN (VEKTORDATEN)<\/h2>\n<p>Zur Verwendung in einem GIS (Geographisches Informationssystem) k\u00f6nnen wir Ihnen passende digitale&nbsp;<a title=\"Gebietsgrenzen\" href=\"https:\/\/www.mbi-geodata.com\/de\/gebietsgrenzen\/\">GEBIETSGRENZEN<\/a>&nbsp;in folgenden Formaten liefern:<\/p>\n<ul>\n<li>Esri Shape file (.shp)<\/li>\n<li>Esri Geodatabase (.gdb)<\/li>\n<li>MapInfo (.tab)<\/li>\n<li>MapInfo MIF\/MID<\/li>\n<\/ul>\n<p>Auf Wunsch binden wir die Daten dabei gleich in Ihre digitalen Grenzen ein \u2013 Sie k\u00f6nnen die Daten dann ohne Zwischenschritte direkt in Ihr System laden und sofort verwenden.<\/p>\n<p>Bitte&nbsp;<a title=\"Kontakt\" href=\"https:\/\/www.mbi-geodata.com\/de\/kontakt\/\">KONTAKTIEREN<\/a>&nbsp;Sie uns, falls die gesuchten Daten nicht aufgelistet sein sollten. Gerne recherchieren wir f\u00fcr Sie alternative Datenangebote.<\/p>\n","protected":false},"excerpt":{"rendered":"<p>Nachfolgend erhalten Sie einen \u00dcberblick \u00fcber unser Angebot an Markt- und Geodaten f\u00fcr Afrika. Wir bieten Ihnen Daten wie Bev\u00f6lkerung, Haushalte, Altersklassen, Arbeitslosenzahl, Geschlecht, Kaufkraft, Kaufkraft f\u00fcr Produktgruppen. Diese Variablen liegen auf&nbsp; Postleitzahlebene, administrativen Ebenen und oftmals auch auf kleinr\u00e4umigeren Gebietsebenen vor. STANDARD DATEN-FORMATE Tab delimited file (TXT) KML Access database (MDB) Excel (xls) STANDARD [&hellip;]<\/p>\n","protected":false},"author":5,"featured_media":0,"parent":6091,"menu_order":0,"comment_status":"closed","ping_status":"open","template":"","meta":{"_acf_changed":false,"ngg_post_thumbnail":0,"footnotes":""},"class_list":["post-30","page","type-page","status-publish","hentry"],"acf":[],"_links":{"self":[{"href":"https:\/\/www.mbi-geodata.com\/p2\/wp-json\/wp\/v2\/pages\/30","targetHints":{"allow":["GET"]}}],"collection":[{"href":"https:\/\/www.mbi-geodata.com\/p2\/wp-json\/wp\/v2\/pages"}],"about":[{"href":"https:\/\/www.mbi-geodata.com\/p2\/wp-json\/wp\/v2\/types\/page"}],"author":[{"embeddable":true,"href":"https:\/\/www.mbi-geodata.com\/p2\/wp-json\/wp\/v2\/users\/5"}],"replies":[{"embeddable":true,"href":"https:\/\/www.mbi-geodata.com\/p2\/wp-json\/wp\/v2\/comments?post=30"}],"version-history":[{"count":0,"href":"https:\/\/www.mbi-geodata.com\/p2\/wp-json\/wp\/v2\/pages\/30\/revisions"}],"up":[{"embeddable":true,"href":"https:\/\/www.mbi-geodata.com\/p2\/wp-json\/wp\/v2\/pages\/6091"}],"wp:attachment":[{"href":"https:\/\/www.mbi-geodata.com\/p2\/wp-json\/wp\/v2\/media?parent=30"}],"curies":[{"name":"wp","href":"https:\/\/api.w.org\/{rel}","templated":true}]}}