{"id":28,"date":"2014-03-11T13:35:41","date_gmt":"2014-03-11T12:35:41","guid":{"rendered":"https:\/\/www.mbi-geodata.com\/de\/datenangebot\/asien\/"},"modified":"2014-03-11T13:35:41","modified_gmt":"2014-03-11T12:35:41","slug":"asien","status":"publish","type":"page","link":"https:\/\/www.mbi-geodata.com\/p2\/mbi-ihr-lieferant-und-hersteller-von-weltweiten-geodaten\/asien\/","title":{"rendered":"GEODATEN F\u00dcR ASIEN"},"content":{"rendered":"<p><img loading=\"lazy\" decoding=\"async\" class=\"alignleft size-full wp-image-594\" src=\"https:\/\/www.mbi-geodata.com\/de\/wp-content\/uploads\/sites\/2\/2014\/03\/asia.png\" alt=\"Asien\" width=\"150\" height=\"150\" srcset=\"https:\/\/www.mbi-geodata.com\/p2\/wp-content\/uploads\/sites\/7\/2014\/03\/asia.png 150w, https:\/\/www.mbi-geodata.com\/p2\/wp-content\/uploads\/sites\/7\/2014\/03\/asia-88x88.png 88w, https:\/\/www.mbi-geodata.com\/p2\/wp-content\/uploads\/sites\/7\/2014\/03\/asia-125x125.png 125w\" sizes=\"auto, (max-width: 150px) 100vw, 150px\" \/>Nachfolgend erhalten Sie einen \u00dcberblick \u00fcber unser Angebot an <strong>Markt- und Geodaten f\u00fcr Asien<\/strong>.<br \/>\nWir bieten Ihnen Daten wie Bev\u00f6lkerung, Haushalte, Altersklassen, Arbeitslosenzahl, Geschlecht, Kaufkraft, Kaufkraft f\u00fcr Produktgruppen.<\/p>\n<p>Diese Variablen liegen auf&nbsp; Postleitzahlebene, administrativen Ebenen und oftmals auch auf kleinr\u00e4umigeren Gebietsebenen vor.<\/p>\n<ul class=\"country-list\"><li><a href=\"https:\/\/www.mbi-geodata.com\/p2\/mbi-ihr-lieferant-und-hersteller-von-weltweiten-geodaten\/asien\/landkarten-fuer-armenien\/\">Armenien<\/a><\/li> <li><a href=\"https:\/\/www.mbi-geodata.com\/p2\/mbi-ihr-lieferant-und-hersteller-von-weltweiten-geodaten\/asien\/landkarten-fuer-aserbaidschan\/\">Aserbaidschan<\/a><\/li> <li><a href=\"https:\/\/www.mbi-geodata.com\/p2\/mbi-ihr-lieferant-und-hersteller-von-weltweiten-geodaten\/asien\/landkarten-fuer-bahrain\/\">Bahrain<\/a><\/li> <li><a href=\"https:\/\/www.mbi-geodata.com\/p2\/mbi-ihr-lieferant-und-hersteller-von-weltweiten-geodaten\/asien\/landkarten-fuer-bangladesch\/\">Bangladesch<\/a><\/li> <li><a href=\"https:\/\/www.mbi-geodata.com\/p2\/mbi-ihr-lieferant-und-hersteller-von-weltweiten-geodaten\/asien\/landkarten-fuer-china\/\">China<\/a><\/li> <li><a href=\"https:\/\/www.mbi-geodata.com\/p2\/mbi-ihr-lieferant-und-hersteller-von-weltweiten-geodaten\/asien\/landkarten-fuer-georgien\/\">Georgien<\/a><\/li> <li><a href=\"https:\/\/www.mbi-geodata.com\/p2\/mbi-ihr-lieferant-und-hersteller-von-weltweiten-geodaten\/asien\/landkarten-fuer-hong-kong\/\">Hongkong<\/a><\/li> <li><a href=\"https:\/\/www.mbi-geodata.com\/p2\/mbi-ihr-lieferant-und-hersteller-von-weltweiten-geodaten\/asien\/landkarten-fuer-indien\/\">Indien<\/a><\/li> <li><a href=\"https:\/\/www.mbi-geodata.com\/p2\/mbi-ihr-lieferant-und-hersteller-von-weltweiten-geodaten\/asien\/landkarten-fuer-indonesien\/\">Indonesien<\/a><\/li> <li><a href=\"https:\/\/www.mbi-geodata.com\/p2\/mbi-ihr-lieferant-und-hersteller-von-weltweiten-geodaten\/asien\/landkarten-fuer-israel\/\">Israel<\/a><\/li> <li><a href=\"https:\/\/www.mbi-geodata.com\/p2\/mbi-ihr-lieferant-und-hersteller-von-weltweiten-geodaten\/asien\/landkarten-fuer-japan\/\">Japan<\/a><\/li> <li><a href=\"https:\/\/www.mbi-geodata.com\/p2\/mbi-ihr-lieferant-und-hersteller-von-weltweiten-geodaten\/asien\/landkarten-fuer-jemen\/\">Jemen<\/a><\/li> <li><a href=\"https:\/\/www.mbi-geodata.com\/p2\/mbi-ihr-lieferant-und-hersteller-von-weltweiten-geodaten\/asien\/landkarten-fuer-jordanien\/\">Jordanien<\/a><\/li> <li><a href=\"https:\/\/www.mbi-geodata.com\/p2\/mbi-ihr-lieferant-und-hersteller-von-weltweiten-geodaten\/asien\/landkarten-fuer-kambodscha\/\">Kambodscha<\/a><\/li> <li><a href=\"https:\/\/www.mbi-geodata.com\/p2\/mbi-ihr-lieferant-und-hersteller-von-weltweiten-geodaten\/asien\/landkarten-fuer-kasachstan\/\">Kasachstan<\/a><\/li> <li><a href=\"https:\/\/www.mbi-geodata.com\/p2\/mbi-ihr-lieferant-und-hersteller-von-weltweiten-geodaten\/asien\/landkarten-fuer-katar\/\">Katar<\/a><\/li> <li><a href=\"https:\/\/www.mbi-geodata.com\/p2\/mbi-ihr-lieferant-und-hersteller-von-weltweiten-geodaten\/asien\/landkarten-fuer-kirgisistan\/\">Kirgisistan<\/a><\/li> <li><a href=\"https:\/\/www.mbi-geodata.com\/p2\/mbi-ihr-lieferant-und-hersteller-von-weltweiten-geodaten\/asien\/landkarten-fuer-kuwait\/\">Kuwait<\/a><\/li> <li><a href=\"https:\/\/www.mbi-geodata.com\/p2\/mbi-ihr-lieferant-und-hersteller-von-weltweiten-geodaten\/asien\/landkarten-fuer-libanon\/\">Libanon<\/a><\/li> <li><a href=\"https:\/\/www.mbi-geodata.com\/p2\/mbi-ihr-lieferant-und-hersteller-von-weltweiten-geodaten\/asien\/landkarten-fuer-macao\/\">Macao<\/a><\/li> <li><a href=\"https:\/\/www.mbi-geodata.com\/p2\/mbi-ihr-lieferant-und-hersteller-von-weltweiten-geodaten\/asien\/landkarten-fuer-malaysia\/\">Malaysia<\/a><\/li> <li><a href=\"https:\/\/www.mbi-geodata.com\/p2\/mbi-ihr-lieferant-und-hersteller-von-weltweiten-geodaten\/asien\/landkarten-fuer-malediven\/\">Malediven<\/a><\/li> <li><a href=\"https:\/\/www.mbi-geodata.com\/p2\/mbi-ihr-lieferant-und-hersteller-von-weltweiten-geodaten\/asien\/landkarten-fuer-mongolei\/\">Mongolei<\/a><\/li> <li><a href=\"https:\/\/www.mbi-geodata.com\/p2\/mbi-ihr-lieferant-und-hersteller-von-weltweiten-geodaten\/asien\/landkarten-fuer-myanmar\/\">Myanmar<\/a><\/li> <li><a href=\"https:\/\/www.mbi-geodata.com\/p2\/mbi-ihr-lieferant-und-hersteller-von-weltweiten-geodaten\/asien\/landkarten-fuer-nepal\/\">Nepal<\/a><\/li> <li><a href=\"https:\/\/www.mbi-geodata.com\/p2\/mbi-ihr-lieferant-und-hersteller-von-weltweiten-geodaten\/asien\/landkarten-fuer-oman\/\">Oman<\/a><\/li> <li><a href=\"https:\/\/www.mbi-geodata.com\/p2\/mbi-ihr-lieferant-und-hersteller-von-weltweiten-geodaten\/asien\/landkarten-fuer-pakistan\/\">Pakistan<\/a><\/li> <li><a href=\"https:\/\/www.mbi-geodata.com\/p2\/mbi-ihr-lieferant-und-hersteller-von-weltweiten-geodaten\/asien\/landkarten-fuer-philippinen\/\">Philippinen<\/a><\/li> <li><a href=\"https:\/\/www.mbi-geodata.com\/p2\/mbi-ihr-lieferant-und-hersteller-von-weltweiten-geodaten\/asien\/landkarten-fuer-saudi-arabien\/\">Saudi-Arabien<\/a><\/li> <li><a href=\"https:\/\/www.mbi-geodata.com\/p2\/mbi-ihr-lieferant-und-hersteller-von-weltweiten-geodaten\/asien\/landkarten-fuer-singapur\/\">Singapur<\/a><\/li> <li><a href=\"https:\/\/www.mbi-geodata.com\/p2\/mbi-ihr-lieferant-und-hersteller-von-weltweiten-geodaten\/asien\/landkarten-fuer-sri-lanka\/\">Sri Lanka<\/a><\/li> <li><a href=\"https:\/\/www.mbi-geodata.com\/p2\/mbi-ihr-lieferant-und-hersteller-von-weltweiten-geodaten\/asien\/landkarten-fuer-korea-rep\/\">S\u00fcdkorea<\/a><\/li> <li><a href=\"https:\/\/www.mbi-geodata.com\/p2\/mbi-ihr-lieferant-und-hersteller-von-weltweiten-geodaten\/asien\/landkarten-fuer-syrien-arab-rep\/\">Syrien, Arab. Rep.<\/a><\/li> <li><a href=\"https:\/\/www.mbi-geodata.com\/p2\/mbi-ihr-lieferant-und-hersteller-von-weltweiten-geodaten\/asien\/landkarten-fuer-tadschikistan\/\">Tadschikistan<\/a><\/li> <li><a href=\"https:\/\/www.mbi-geodata.com\/p2\/mbi-ihr-lieferant-und-hersteller-von-weltweiten-geodaten\/asien\/landkarten-fuer-taiwan\/\">Taiwan<\/a><\/li> <li><a href=\"https:\/\/www.mbi-geodata.com\/p2\/mbi-ihr-lieferant-und-hersteller-von-weltweiten-geodaten\/asien\/landkarten-fuer-thailand\/\">Thailand<\/a><\/li> <li><a href=\"https:\/\/www.mbi-geodata.com\/p2\/mbi-ihr-lieferant-und-hersteller-von-weltweiten-geodaten\/asien\/landkarten-fuer-usbekistan\/\">Usbekistan<\/a><\/li> <li><a href=\"https:\/\/www.mbi-geodata.com\/p2\/mbi-ihr-lieferant-und-hersteller-von-weltweiten-geodaten\/asien\/landkarten-fuer-vereinigte-arabische-emirate\/\">Vereinigte Arabische Emirate<\/a><\/li> <li><a href=\"https:\/\/www.mbi-geodata.com\/p2\/mbi-ihr-lieferant-und-hersteller-von-weltweiten-geodaten\/asien\/landkarten-fuer-vietnam\/\">Vietnam<\/a><\/li> <\/ul>\n<h2 class=\"formats\">STANDARD DATEN-FORMATE<\/h2>\n<ul>\n<li>Tab delimited file (TXT)<\/li>\n<li>KML<\/li>\n<li>Access database (MDB)<\/li>\n<li>Excel (xls)<\/li>\n<\/ul>\n<h2 class=\"formats\">STANDARD GIS-FORMATE F\u00dcR UNSERE GEBIETSGRENZEN (VEKTORDATEN)<\/h2>\n<p>Zur Verwendung in einem GIS (Geographisches Informationssystem) k\u00f6nnen wir Ihnen passende digitale&nbsp;<a title=\"Gebietsgrenzen\" href=\"https:\/\/www.mbi-geodata.com\/de\/gebietsgrenzen\/\">GEBIETSGRENZEN<\/a>&nbsp;in folgenden Formaten liefern:<\/p>\n<ul>\n<li>Esri Shape file (.shp)<\/li>\n<li>Esri Geodatabase (.gdb)<\/li>\n<li>MapInfo (.tab)<\/li>\n<li>MapInfo MIF\/MID<\/li>\n<\/ul>\n<p>Auf Wunsch binden wir die Daten dabei gleich in Ihre digitalen Grenzen ein \u2013 Sie k\u00f6nnen die Daten dann ohne Zwischenschritte direkt in Ihr System laden und sofort verwenden.<br \/>\nBitte&nbsp;<a title=\"Kontakt\" href=\"https:\/\/www.mbi-geodata.com\/de\/kontakt\/\">KONTAKTIEREN<\/a>&nbsp;Sie uns, falls die gesuchten Daten nicht aufgelistet sein sollten. Gerne recherchieren wir f\u00fcr Sie alternative Datenangebote.<\/p>\n","protected":false},"excerpt":{"rendered":"<p>Nachfolgend erhalten Sie einen \u00dcberblick \u00fcber unser Angebot an Markt- und Geodaten f\u00fcr Asien. Wir bieten Ihnen Daten wie Bev\u00f6lkerung, Haushalte, Altersklassen, Arbeitslosenzahl, Geschlecht, Kaufkraft, Kaufkraft f\u00fcr Produktgruppen. Diese Variablen liegen auf&nbsp; Postleitzahlebene, administrativen Ebenen und oftmals auch auf kleinr\u00e4umigeren Gebietsebenen vor. STANDARD DATEN-FORMATE Tab delimited file (TXT) KML Access database (MDB) Excel (xls) STANDARD [&hellip;]<\/p>\n","protected":false},"author":5,"featured_media":0,"parent":6091,"menu_order":0,"comment_status":"closed","ping_status":"open","template":"","meta":{"_acf_changed":false,"ngg_post_thumbnail":0,"footnotes":""},"class_list":["post-28","page","type-page","status-publish","hentry"],"acf":[],"_links":{"self":[{"href":"https:\/\/www.mbi-geodata.com\/p2\/wp-json\/wp\/v2\/pages\/28","targetHints":{"allow":["GET"]}}],"collection":[{"href":"https:\/\/www.mbi-geodata.com\/p2\/wp-json\/wp\/v2\/pages"}],"about":[{"href":"https:\/\/www.mbi-geodata.com\/p2\/wp-json\/wp\/v2\/types\/page"}],"author":[{"embeddable":true,"href":"https:\/\/www.mbi-geodata.com\/p2\/wp-json\/wp\/v2\/users\/5"}],"replies":[{"embeddable":true,"href":"https:\/\/www.mbi-geodata.com\/p2\/wp-json\/wp\/v2\/comments?post=28"}],"version-history":[{"count":0,"href":"https:\/\/www.mbi-geodata.com\/p2\/wp-json\/wp\/v2\/pages\/28\/revisions"}],"up":[{"embeddable":true,"href":"https:\/\/www.mbi-geodata.com\/p2\/wp-json\/wp\/v2\/pages\/6091"}],"wp:attachment":[{"href":"https:\/\/www.mbi-geodata.com\/p2\/wp-json\/wp\/v2\/media?parent=28"}],"curies":[{"name":"wp","href":"https:\/\/api.w.org\/{rel}","templated":true}]}}