{"id":65,"date":"2014-03-24T15:52:39","date_gmt":"2014-03-24T15:52:39","guid":{"rendered":"https:\/\/www.mbi-geodata.com\/en\/sociodemographic-data\/households\/"},"modified":"2024-10-21T08:10:24","modified_gmt":"2024-10-21T08:10:24","slug":"households","status":"publish","type":"page","link":"https:\/\/www.mbi-geodata.com\/p1\/sociodemographic-data\/households\/","title":{"rendered":"HOUSEHOLDS"},"content":{"rendered":"\n<div class=\"wp-block-cover alignfull\" style=\"min-height:290px;aspect-ratio:unset;\"><span aria-hidden=\"true\" class=\"wp-block-cover__background has-background-dim-60 has-background-dim\"><\/span><img loading=\"lazy\" decoding=\"async\" width=\"1536\" height=\"864\" class=\"wp-block-cover__image-background wp-image-14896\" alt=\"The houses in a neighborhood represent MBI's household data.\" src=\"https:\/\/www.mbi-geodata.com\/p1\/wp-content\/uploads\/sites\/5\/2023\/07\/household_data.jpg\" data-object-fit=\"cover\" srcset=\"https:\/\/www.mbi-geodata.com\/p1\/wp-content\/uploads\/sites\/5\/2023\/07\/household_data.jpg 1536w, https:\/\/www.mbi-geodata.com\/p1\/wp-content\/uploads\/sites\/5\/2023\/07\/household_data-300x169.jpg 300w, https:\/\/www.mbi-geodata.com\/p1\/wp-content\/uploads\/sites\/5\/2023\/07\/household_data-1024x576.jpg 1024w, https:\/\/www.mbi-geodata.com\/p1\/wp-content\/uploads\/sites\/5\/2023\/07\/household_data-768x432.jpg 768w, https:\/\/www.mbi-geodata.com\/p1\/wp-content\/uploads\/sites\/5\/2023\/07\/household_data-88x50.jpg 88w\" sizes=\"auto, (max-width: 1536px) 100vw, 1536px\" \/><div class=\"wp-block-cover__inner-container is-layout-flow wp-block-cover-is-layout-flow\">\n<div class=\"wp-block-ugb-heading ugb-heading ugb-44b7b8a ugb-main-block\"><style>.ugb-44b7b8a .ugb-heading__title{font-size:40px !important;text-transform:uppercase !important;text-align:center}<\/style><div class=\"ugb-inner-block\"><div class=\"ugb-block-content\"><h1 class=\"ugb-heading__title\">HOUSEHOLDS<\/h1><\/div><\/div><\/div>\n<\/div><\/div>\n\n\n\n<header class=\"wp-block-mbi-blocks-heading wp-block-mbi-blocks-heading_layout_xl sociodemographics\"><h2 class=\"wp-block-mbi-blocks-heading__heading\">WHAT IS HOUSEHOLD DATA?<\/h2><\/header>\n\n\n\n<p><strong>Household Data<\/strong>&nbsp;comprises:<\/p>\n\n\n\n<ul class=\"wp-block-list\">\n<li>Two digit country code by&nbsp;ISO 3166<\/li>\n\n\n\n<li>Administrative Code\/ Postal Code\/ Micro-Code<\/li>\n\n\n\n<li>Name of&nbsp;administrative area\/ Name of the most populous administrative area\/ Name of the respective micro-area or the next higher level<\/li>\n\n\n\n<li>Population year average: total number<\/li>\n\n\n\n<li>Population year average: per mill of country<\/li>\n\n\n\n<li>Households:&nbsp;total number<\/li>\n<\/ul>\n\n\n\n<p><strong>Sample of the Data Structure: Households on municipality level for the Czech Republic<\/strong><\/p>\n\n\n<div>\n<table style=\"width: 100%;height: 434px\" border=\"0\" cellspacing=\"0\" cellpadding=\"0\">\n<thead>\n<tr style=\"height: 55px\">\n<td style=\"height: 55px\"><strong>Admincode<\/strong><\/td>\n<td style=\"height: 55px\"><strong>Name<\/strong><\/td>\n<td style=\"text-align: center;height: 55px\" colspan=\"2\"><strong>Population year average<\/strong><\/td>\n<td style=\"text-align: right;height: 55px\"><strong>Households<br \/>year average<\/strong><\/td>\n<\/tr>\n<tr style=\"height: 55px\">\n<td style=\"height: 55px\">&nbsp;<\/td>\n<td style=\"height: 55px\">Municipality\/Obce<\/td>\n<td style=\"text-align: right;height: 55px\">number<\/td>\n<td style=\"text-align: right;height: 55px\">per mill<br \/>of country<\/td>\n<td style=\"text-align: right;height: 55px\">number<\/td>\n<\/tr>\n<\/thead>\n<tbody>\n<tr style=\"height: 27px\">\n<td style=\"height: 27px\" height=\"18\"><span style=\"color: #808080\">532100<\/span><\/td>\n<td style=\"height: 27px\"><span style=\"color: #808080\">Blevice<\/span><\/td>\n<td style=\"height: 27px\" align=\"right\"><span style=\"color: #808080\">285<\/span><\/td>\n<td style=\"height: 27px\" align=\"right\"><span style=\"color: #808080\">0,027<\/span><\/td>\n<td style=\"height: 27px\" align=\"right\"><span style=\"color: #808080\">115<\/span><\/td>\n<\/tr>\n<tr style=\"height: 27px\">\n<td style=\"height: 27px\" height=\"18\"><span style=\"color: #808080\">532169<\/span><\/td>\n<td style=\"height: 27px\"><span style=\"color: #808080\">Bu\u0161t\u011bhrad<\/span><\/td>\n<td style=\"height: 27px\" align=\"right\"><span style=\"color: #808080\">2.791<\/span><\/td>\n<td style=\"height: 27px\" align=\"right\"><span style=\"color: #808080\">0,265<\/span><\/td>\n<td style=\"height: 27px\" align=\"right\"><span style=\"color: #808080\">1.220<\/span><\/td>\n<\/tr>\n<tr style=\"height: 27px\">\n<td style=\"height: 27px\" height=\"18\"><span style=\"color: #808080\">532282<\/span><\/td>\n<td style=\"height: 27px\"><span style=\"color: #808080\">D\u0159etovice<\/span><\/td>\n<td style=\"height: 27px\" align=\"right\"><span style=\"color: #808080\">500<\/span><\/td>\n<td style=\"height: 27px\" align=\"right\"><span style=\"color: #808080\">0,048<\/span><\/td>\n<td style=\"height: 27px\" align=\"right\"><span style=\"color: #808080\">209<\/span><\/td>\n<\/tr>\n<tr style=\"height: 27px\">\n<td style=\"height: 27px\" height=\"18\"><span style=\"color: #808080\">532495<\/span><\/td>\n<td style=\"height: 27px\"><span style=\"color: #808080\">Kole\u010d<\/span><\/td>\n<td style=\"height: 27px\" align=\"right\"><span style=\"color: #808080\">623<\/span><\/td>\n<td style=\"height: 27px\" align=\"right\"><span style=\"color: #808080\">0,059<\/span><\/td>\n<td style=\"height: 27px\" align=\"right\"><span style=\"color: #808080\">265<\/span><\/td>\n<\/tr>\n<tr style=\"height: 27px\">\n<td style=\"height: 27px\" height=\"18\"><span style=\"color: #808080\">532681<\/span><\/td>\n<td style=\"height: 27px\"><span style=\"color: #808080\">Otvovice<\/span><\/td>\n<td style=\"height: 27px\" align=\"right\"><span style=\"color: #808080\">674<\/span><\/td>\n<td style=\"height: 27px\" align=\"right\"><span style=\"color: #808080\">0,064<\/span><\/td>\n<td style=\"height: 27px\" align=\"right\"><span style=\"color: #808080\">304<\/span><\/td>\n<\/tr>\n<tr style=\"height: 27px\">\n<td style=\"height: 27px\" height=\"18\"><span style=\"color: #808080\">532827<\/span><\/td>\n<td style=\"height: 27px\"><span style=\"color: #808080\">Slatina<\/span><\/td>\n<td style=\"height: 27px\" align=\"right\"><span style=\"color: #808080\">444<\/span><\/td>\n<td style=\"height: 27px\" align=\"right\"><span style=\"color: #808080\">0,042<\/span><\/td>\n<td style=\"height: 27px\" align=\"right\"><span style=\"color: #808080\">193<\/span><\/td>\n<\/tr>\n<tr style=\"height: 27px\">\n<td style=\"height: 27px\" height=\"18\"><span style=\"color: #808080\">532851<\/span><\/td>\n<td style=\"height: 27px\"><span style=\"color: #808080\">Stehel\u010deves<\/span><\/td>\n<td style=\"height: 27px\" align=\"right\"><span style=\"color: #808080\">723<\/span><\/td>\n<td style=\"height: 27px\" align=\"right\"><span style=\"color: #808080\">0,069<\/span><\/td>\n<td style=\"height: 27px\" align=\"right\"><span style=\"color: #808080\">324<\/span><\/td>\n<\/tr>\n<tr style=\"height: 27px\">\n<td style=\"height: 27px\" height=\"18\"><span style=\"color: #808080\">532975<\/span><\/td>\n<td style=\"height: 27px\"><span style=\"color: #808080\">T\u0159ebusice<\/span><\/td>\n<td style=\"height: 27px\" align=\"right\"><span style=\"color: #808080\">510<\/span><\/td>\n<td style=\"height: 27px\" align=\"right\"><span style=\"color: #808080\">0,048<\/span><\/td>\n<td style=\"height: 27px\" align=\"right\"><span style=\"color: #808080\">209<\/span><\/td>\n<\/tr>\n<tr style=\"height: 27px\">\n<td style=\"height: 27px\" height=\"18\"><span style=\"color: #808080\">533092<\/span><\/td>\n<td style=\"height: 27px\"><span style=\"color: #808080\">Z\u00e1kolany<\/span><\/td>\n<td style=\"height: 27px\" align=\"right\"><span style=\"color: #808080\">541<\/span><\/td>\n<td style=\"height: 27px\" align=\"right\"><span style=\"color: #808080\">0,051<\/span><\/td>\n<td style=\"height: 27px\" align=\"right\"><span style=\"color: #808080\">249<\/span><\/td>\n<\/tr>\n<tr style=\"height: 27px\">\n<td style=\"height: 27px\" height=\"18\"><span style=\"color: #808080\">534951<\/span><\/td>\n<td style=\"height: 27px\"><span style=\"color: #808080\">Kralupy nad Vltavou<\/span><\/td>\n<td style=\"height: 27px\" align=\"right\"><span style=\"color: #808080\">17.726<\/span><\/td>\n<td style=\"height: 27px\" align=\"right\"><span style=\"color: #808080\">1,685<\/span><\/td>\n<td style=\"height: 27px\" align=\"right\"><span style=\"color: #808080\">8.057<\/span><\/td>\n<\/tr>\n<tr style=\"height: 27px\">\n<td style=\"height: 27px\" height=\"18\"><span style=\"color: #808080\">\u2026<\/span><\/td>\n<td style=\"height: 27px\">&nbsp;<\/td>\n<td style=\"height: 27px\">&nbsp;<\/td>\n<td style=\"height: 27px\">&nbsp;<\/td>\n<td style=\"height: 27px\">&nbsp;<\/td>\n<\/tr>\n<tr style=\"height: 27px\">\n<td style=\"height: 27px\" height=\"18\"><span style=\"color: #808080\">Czech Republic<\/span><\/td>\n<td style=\"height: 27px\">&nbsp;<\/td>\n<td style=\"height: 27px\" align=\"right\"><span style=\"color: #808080\">10.518.570<\/span><\/td>\n<td style=\"height: 27px\" align=\"right\"><span style=\"color: #808080\">1.000,000<\/span><\/td>\n<td style=\"height: 27px\" align=\"right\"><span style=\"color: #808080\">4.567.667<\/span><\/td>\n<\/tr>\n<\/tbody>\n<\/table>\n<\/div>\n\n\n<div class=\"alignfull wp-block-ugb-columns ugb-columns ugb-053c20e ugb-columns--design-plain ugb-columns--columns-5 ugb-main-block ugb-main-block--inner-full ugb--has-block-background\"><style>.ugb-053c20e{padding-left:0 !important;padding-right:0 !important;padding:0 !important}.ugb-053c20e .ugb-inner-block{text-align:center}.ugb-053c20e.ugb-columns{background-color:rgba(68,68,68,0.1)}.ugb-053c20e.ugb-columns:before{background-color:#444}.ugb-053c20e .ugb-block-title{font-size:32px !important;text-transform:uppercase !important;color:#ffffff}@media screen and (min-width:768px){.ugb-053c20e.ugb-columns{margin-top:35px !important;padding-top:35px !important;padding-right:35px !important;padding-bottom:35px !important;padding-left:35px !important}}<\/style><div class=\"ugb-inner-block ugb-inner-block--full\"><h2 class=\"ugb-block-title\"><span style=\"color: #444\" class=\"ugb-highlight\">Key Differentiators<\/span><\/h2><div class=\"ugb-block-content\"><div class=\"ugb-columns__item ugb-053c20e-content-wrapper\">\n<div class=\"wp-block-ugb-column ugb-column ugb-ea0ef0c ugb-column--design-plain ugb-main-block\"><div class=\"ugb-inner-block\"><div class=\"ugb-block-content\"><div class=\"ugb-column__item ugb-ea0ef0c-column-wrapper\"><div class=\"ugb-column__content-wrapper\"><div class=\"wp-block-image\">\n<figure class=\"aligncenter size-full is-resized\"><img loading=\"lazy\" decoding=\"async\" width=\"512\" height=\"512\" src=\"https:\/\/mbi.test-umgebung.de\/p1\/wp-content\/uploads\/sites\/5\/2022\/03\/worldwide_comparable.png\" alt=\"\" class=\"wp-image-10934\" style=\"width:200px\" srcset=\"https:\/\/www.mbi-geodata.com\/p1\/wp-content\/uploads\/sites\/5\/2022\/03\/worldwide_comparable.png 512w, https:\/\/www.mbi-geodata.com\/p1\/wp-content\/uploads\/sites\/5\/2022\/03\/worldwide_comparable-300x300.png 300w, https:\/\/www.mbi-geodata.com\/p1\/wp-content\/uploads\/sites\/5\/2022\/03\/worldwide_comparable-150x150.png 150w, https:\/\/www.mbi-geodata.com\/p1\/wp-content\/uploads\/sites\/5\/2022\/03\/worldwide_comparable-88x88.png 88w, https:\/\/www.mbi-geodata.com\/p1\/wp-content\/uploads\/sites\/5\/2022\/03\/worldwide_comparable-125x125.png 125w\" sizes=\"auto, (max-width: 512px) 100vw, 512px\" \/><\/figure><\/div>\n\n\n<p class=\"has-text-align-center has-white-color has-text-color\"><span style=\"color: #444\" class=\"ugb-highlight\"><span style=\"color: #444\" class=\"ugb-highlight\">Globally consistent and comparable data <\/span><\/span><\/p>\n<\/div><\/div><\/div><\/div><\/div>\n\n\n\n<div class=\"wp-block-ugb-column ugb-column ugb-326f8af ugb-column--design-plain ugb-main-block\"><div class=\"ugb-inner-block\"><div class=\"ugb-block-content\"><div class=\"ugb-column__item ugb-326f8af-column-wrapper\"><div class=\"ugb-column__content-wrapper\"><div class=\"wp-block-image\">\n<figure class=\"aligncenter size-full is-resized\"><img loading=\"lazy\" decoding=\"async\" width=\"512\" height=\"512\" src=\"https:\/\/mbi.test-umgebung.de\/p1\/wp-content\/uploads\/sites\/5\/2022\/03\/quality_certificate.png\" alt=\"\" class=\"wp-image-10936\" style=\"width:200px\" srcset=\"https:\/\/www.mbi-geodata.com\/p1\/wp-content\/uploads\/sites\/5\/2022\/03\/quality_certificate.png 512w, https:\/\/www.mbi-geodata.com\/p1\/wp-content\/uploads\/sites\/5\/2022\/03\/quality_certificate-300x300.png 300w, https:\/\/www.mbi-geodata.com\/p1\/wp-content\/uploads\/sites\/5\/2022\/03\/quality_certificate-150x150.png 150w, https:\/\/www.mbi-geodata.com\/p1\/wp-content\/uploads\/sites\/5\/2022\/03\/quality_certificate-88x88.png 88w, https:\/\/www.mbi-geodata.com\/p1\/wp-content\/uploads\/sites\/5\/2022\/03\/quality_certificate-125x125.png 125w\" sizes=\"auto, (max-width: 512px) 100vw, 512px\" \/><\/figure><\/div>\n\n\n<p class=\"has-text-align-center has-white-color has-text-color\"><span style=\"color: #444\" class=\"ugb-highlight\"><span style=\"color: #444\" class=\"ugb-highlight\">Strict quality control <\/span><\/span><\/p>\n<\/div><\/div><\/div><\/div><\/div>\n\n\n\n<div class=\"wp-block-ugb-column ugb-column ugb-2e493ae ugb-column--design-plain ugb-main-block\"><div class=\"ugb-inner-block\"><div class=\"ugb-block-content\"><div class=\"ugb-column__item ugb-2e493ae-column-wrapper\"><div class=\"ugb-column__content-wrapper\"><div class=\"wp-block-image\">\n<figure class=\"aligncenter size-full is-resized\"><img loading=\"lazy\" decoding=\"async\" width=\"512\" height=\"512\" src=\"https:\/\/mbi.test-umgebung.de\/p1\/wp-content\/uploads\/sites\/5\/2022\/03\/support.png\" alt=\"\" class=\"wp-image-10938\" style=\"width:200px\" srcset=\"https:\/\/www.mbi-geodata.com\/p1\/wp-content\/uploads\/sites\/5\/2022\/03\/support.png 512w, https:\/\/www.mbi-geodata.com\/p1\/wp-content\/uploads\/sites\/5\/2022\/03\/support-300x300.png 300w, https:\/\/www.mbi-geodata.com\/p1\/wp-content\/uploads\/sites\/5\/2022\/03\/support-150x150.png 150w, https:\/\/www.mbi-geodata.com\/p1\/wp-content\/uploads\/sites\/5\/2022\/03\/support-88x88.png 88w, https:\/\/www.mbi-geodata.com\/p1\/wp-content\/uploads\/sites\/5\/2022\/03\/support-125x125.png 125w\" sizes=\"auto, (max-width: 512px) 100vw, 512px\" \/><\/figure><\/div>\n\n\n<p class=\"has-text-align-center\"><span class=\"tadv-color\" style=\"color:#fff\"><span style=\"color: #444\" class=\"ugb-highlight\"><span class=\"tadv-color\" style=\"color:#fff\"><span style=\"color: #444\" class=\"ugb-highlight\">Individual consulting and support<\/span><\/span><\/span><\/span><\/p>\n<\/div><\/div><\/div><\/div><\/div>\n\n\n\n<div class=\"wp-block-ugb-column ugb-column ugb-16e1894 ugb-column--design-plain ugb-main-block\"><div class=\"ugb-inner-block\"><div class=\"ugb-block-content\"><div class=\"ugb-column__item ugb-16e1894-column-wrapper\"><div class=\"ugb-column__content-wrapper\"><div class=\"wp-block-image\">\n<figure class=\"aligncenter size-full is-resized\"><img loading=\"lazy\" decoding=\"async\" width=\"512\" height=\"512\" src=\"https:\/\/mbi.test-umgebung.de\/p1\/wp-content\/uploads\/sites\/5\/2022\/03\/update.png\" alt=\"\" class=\"wp-image-10939\" style=\"width:200px\" srcset=\"https:\/\/www.mbi-geodata.com\/p1\/wp-content\/uploads\/sites\/5\/2022\/03\/update.png 512w, https:\/\/www.mbi-geodata.com\/p1\/wp-content\/uploads\/sites\/5\/2022\/03\/update-300x300.png 300w, https:\/\/www.mbi-geodata.com\/p1\/wp-content\/uploads\/sites\/5\/2022\/03\/update-150x150.png 150w, https:\/\/www.mbi-geodata.com\/p1\/wp-content\/uploads\/sites\/5\/2022\/03\/update-88x88.png 88w, https:\/\/www.mbi-geodata.com\/p1\/wp-content\/uploads\/sites\/5\/2022\/03\/update-125x125.png 125w\" sizes=\"auto, (max-width: 512px) 100vw, 512px\" \/><\/figure><\/div>\n\n\n<p class=\"has-mbi-dark-gray-color has-text-color\"><span class=\"tadv-color\" style=\"color:#fff\"><span style=\"color: #444\" class=\"ugb-highlight\"><span class=\"tadv-color\" style=\"color:#fff\"><span style=\"color: #313131\" class=\"stk-highlight\">Continuous updating<\/span><\/span> after every release<\/span><\/span><\/p>\n<\/div><\/div><\/div><\/div><\/div>\n\n\n\n<div class=\"wp-block-ugb-column ugb-column ugb-8e20eb4 ugb-column--design-plain ugb-main-block\"><div class=\"ugb-inner-block\"><div class=\"ugb-block-content\"><div class=\"ugb-column__item ugb-8e20eb4-column-wrapper\"><div class=\"ugb-column__content-wrapper\"><div class=\"wp-block-image\">\n<figure class=\"aligncenter size-full is-resized\"><img loading=\"lazy\" decoding=\"async\" width=\"512\" height=\"512\" src=\"https:\/\/mbi.test-umgebung.de\/p1\/wp-content\/uploads\/sites\/5\/2022\/03\/dataprotection.png\" alt=\"\" class=\"wp-image-10940\" style=\"width:200px\" srcset=\"https:\/\/www.mbi-geodata.com\/p1\/wp-content\/uploads\/sites\/5\/2022\/03\/dataprotection.png 512w, https:\/\/www.mbi-geodata.com\/p1\/wp-content\/uploads\/sites\/5\/2022\/03\/dataprotection-300x300.png 300w, https:\/\/www.mbi-geodata.com\/p1\/wp-content\/uploads\/sites\/5\/2022\/03\/dataprotection-150x150.png 150w, https:\/\/www.mbi-geodata.com\/p1\/wp-content\/uploads\/sites\/5\/2022\/03\/dataprotection-88x88.png 88w, https:\/\/www.mbi-geodata.com\/p1\/wp-content\/uploads\/sites\/5\/2022\/03\/dataprotection-125x125.png 125w\" sizes=\"auto, (max-width: 512px) 100vw, 512px\" \/><\/figure><\/div>\n\n\n<p><span class=\"tadv-color\" style=\"color:#fff\"><span style=\"color: #444\" class=\"ugb-highlight\"><span class=\"tadv-color\" style=\"color:#fff\"><span style=\"color: #444\" class=\"ugb-highlight\">100 % GDPR<\/span><\/span> <span class=\"tadv-color\" style=\"color:#fff\"><span style=\"color: #444\" class=\"ugb-highlight\">compliant<\/span><\/span><\/span><\/span><\/p>\n<\/div><\/div><\/div><\/div><\/div>\n<\/div><\/div><\/div><\/div>\n\n\n\n<div class=\"alignwide wp-block-ugb-image-box ugb-image-box ugb-5894c2b ugb-image-box--v4 ugb-image-box--columns-4 ugb-image-box--design-basic ugb-image-box--align-left ugb-main-block\"><style>.ugb-5894c2b .ugb-image-box__box{border-radius:0px !important}.ugb-5894c2b .ugb-image-box__item{height:300px !important;justify-content:flex-start !important}.ugb-5894c2b .ugb-image-box__item1 .ugb-image-box__image{background-image:url(https:\/\/www.mbi-geodata.com\/de\/wp-content\/uploads\/sites\/2\/2021\/06\/nasa-Q1p7bh3SHj8-unsplash-1024x681.jpg)}.ugb-5894c2b .ugb-image-box__item2 .ugb-image-box__image{background-image:url(https:\/\/mbi.test-umgebung.de\/p1\/wp-content\/uploads\/sites\/5\/2021\/11\/61125ebea8d26_klein.jpg)}.ugb-5894c2b .ugb-image-box__item3 .ugb-image-box__image{background-image:url(https:\/\/www.mbi-geodata.com\/de\/wp-content\/uploads\/sites\/2\/2021\/05\/MBI-CONIAS-Einschaetzung-Politischer-Risiken-e1620724560386-1024x532.jpg)}.ugb-5894c2b .ugb-image-box__item4 .ugb-image-box__image{background-image:url(https:\/\/mbi.test-umgebung.de\/p1\/wp-content\/uploads\/sites\/5\/2021\/11\/artificial_intelligennce_pixabay-3_klein.jpg)}.ugb-5894c2b .ugb-image-box__item:hover .ugb-image-box__overlay-hover{opacity:0.7 !important}.ugb-5894c2b .ugb-image-box__title{font-size:20px !important;text-align:center !important;margin-bottom:20px !important}.ugb-5894c2b .ugb-inner-block{text-align:left}@media screen and (min-width:768px){.ugb-5894c2b.ugb-image-box{padding-right:0px !important;padding-left:0px !important}}<\/style><div class=\"ugb-inner-block\"><div class=\"ugb-block-content\"><div class=\"ugb-image-box__item ugb-image-box__item1 ugb-image-box__box\"><div class=\"ugb-image-box__box ugb-image-box__image-wrapper\"><div class=\"ugb-image-box__box ugb-image-box__image\" role=\"img\" aria-label=\"COUNTRY AVAILABILITY\"><\/div><\/div><div class=\"ugb-image-box__box ugb-image-box__overlay-hover\"><\/div><div class=\"ugb-image-box__content\"><div class=\"ugb-image-box__header\"><h4 class=\"ugb-image-box__title\">COUNTRY AVAILABILITY<\/h4><\/div><p class=\"ugb-image-box__description\"><a href=\"https:\/\/www.mbi-geodata.com\/p1\/mbi-supplier-manufacturer-worldwide-geodata\/europe\/\">Europe<\/a> | <a href=\"https:\/\/www.mbi-geodata.com\/p1\/mbi-supplier-manufacturer-worldwide-geodata\/north-america\/\">North America<\/a> | <a href=\"https:\/\/www.mbi-geodata.com\/p1\/mbi-supplier-manufacturer-worldwide-geodata\/south-america\/\">South America<\/a> | <a href=\"https:\/\/www.mbi-geodata.com\/p1\/mbi-supplier-manufacturer-worldwide-geodata\/asia\/\">Asia<\/a> | <a href=\"https:\/\/mbi-geodata.com\/p1\/mbi-supplier-manufacturer-worldwide-geodata\/oceania\/\">Oceania<\/a> | <a href=\"https:\/\/mbi-geodata.com\/p1\/mbi-supplier-manufacturer-worldwide-geodata\/africa\/\">Africa<\/a><\/p><\/div><\/div><div class=\"ugb-image-box__item ugb-image-box__item2 ugb-image-box__box\"><div class=\"ugb-image-box__box ugb-image-box__image-wrapper\"><div class=\"ugb-image-box__box ugb-image-box__image\" role=\"img\" aria-label=\"AREA BOUNDARIES\"><\/div><\/div><div class=\"ugb-image-box__box ugb-image-box__overlay-hover\"><\/div><div class=\"ugb-image-box__content\"><div class=\"ugb-image-box__header\"><h4 class=\"ugb-image-box__title\">AREA BOUNDARIES<\/h4><\/div><p class=\"ugb-image-box__description\">\u2022  Postcode Level<br>\u2022  Administrative Area Level<br>\u2022  Small Area Level<br><br><a href=\"https:\/\/\/www.mbi-geodata.com\/p1\/area-boundaries\/\">&gt; LEARN MORE<\/a><\/p><\/div><a class=\"ugb-image-box__overlay-link\" href=\"https:\/\/\/www.mbi-geodata.com\/p1\/area-boundaries\/\" title=\"AREA BOUNDARIES\" aria-label=\"AREA BOUNDARIES\"><\/a><\/div><div class=\"ugb-image-box__item ugb-image-box__item3 ugb-image-box__box\"><div class=\"ugb-image-box__box ugb-image-box__image-wrapper\"><div class=\"ugb-image-box__box ugb-image-box__image\" role=\"img\" aria-label=\"DATA FORMATS\"><\/div><\/div><div class=\"ugb-image-box__box ugb-image-box__overlay-hover\"><\/div><div class=\"ugb-image-box__content\"><div class=\"ugb-image-box__header\"><h4 class=\"ugb-image-box__title\">DATA FORMATS<\/h4><\/div><p class=\"ugb-image-box__description\">Tab delimited file (TXT) | KML | Access database (MDB) | Excel (xls) | Esri Shapefile (.shp) | Esri Geodatabase (.gdb) | MapInfo (.tab) | MapInfo MIF\/MID | more on request<\/p><\/div><\/div><div class=\"ugb-image-box__item ugb-image-box__item4 ugb-image-box__box\"><div class=\"ugb-image-box__box ugb-image-box__image-wrapper\"><div class=\"ugb-image-box__box ugb-image-box__image\" role=\"img\" aria-label=\"DATALINK API\"><\/div><\/div><div class=\"ugb-image-box__box ugb-image-box__overlay-hover\"><\/div><div class=\"ugb-image-box__content\"><div class=\"ugb-image-box__header\"><h4 class=\"ugb-image-box__title\">DATALINK API<\/h4><\/div><p class=\"ugb-image-box__description\">Easy access to a variety of MBI data<br>\u2022  Datalink Desktop<br>\u2022  Datalink Rest API<\/p><\/div><\/div><\/div><\/div><\/div>\n","protected":false},"excerpt":{"rendered":"<p>Household Data&nbsp;comprises: Sample of the Data Structure: Households on municipality level for the Czech Republic Admincode Name Population year average Householdsyear average &nbsp; Municipality\/Obce number per millof country number 532100 Blevice 285 0,027 115 532169 Bu\u0161t\u011bhrad 2.791 0,265 1.220 532282 D\u0159etovice 500 0,048 209 532495 Kole\u010d 623 0,059 265 532681 Otvovice 674 0,064 304 532827 [&hellip;]<\/p>\n","protected":false},"author":1,"featured_media":14896,"parent":17972,"menu_order":25,"comment_status":"open","ping_status":"open","template":"","meta":{"_acf_changed":false,"ngg_post_thumbnail":0,"footnotes":""},"class_list":["post-65","page","type-page","status-publish","has-post-thumbnail","hentry"],"acf":[],"featured_image_urls_v2":{"full":["https:\/\/www.mbi-geodata.com\/p1\/wp-content\/uploads\/sites\/5\/2023\/07\/household_data.jpg",1536,864,false],"thumbnail":["https:\/\/www.mbi-geodata.com\/p1\/wp-content\/uploads\/sites\/5\/2023\/07\/household_data-150x150.jpg",150,150,true],"medium":["https:\/\/www.mbi-geodata.com\/p1\/wp-content\/uploads\/sites\/5\/2023\/07\/household_data-300x169.jpg",300,169,true],"medium_large":["https:\/\/www.mbi-geodata.com\/p1\/wp-content\/uploads\/sites\/5\/2023\/07\/household_data-768x432.jpg",698,393,true],"large":["https:\/\/www.mbi-geodata.com\/p1\/wp-content\/uploads\/sites\/5\/2023\/07\/household_data-1024x576.jpg",698,393,true],"1536x1536":["https:\/\/www.mbi-geodata.com\/p1\/wp-content\/uploads\/sites\/5\/2023\/07\/household_data.jpg",1536,864,false],"2048x2048":["https:\/\/www.mbi-geodata.com\/p1\/wp-content\/uploads\/sites\/5\/2023\/07\/household_data.jpg",1536,864,false],"mini":["https:\/\/www.mbi-geodata.com\/p1\/wp-content\/uploads\/sites\/5\/2023\/07\/household_data-88x50.jpg",88,50,true],"post-thumbnail":["https:\/\/www.mbi-geodata.com\/p1\/wp-content\/uploads\/sites\/5\/2023\/07\/household_data-125x125.jpg",125,125,true],"gform-image-choice-sm":["https:\/\/www.mbi-geodata.com\/p1\/wp-content\/uploads\/sites\/5\/2023\/07\/household_data.jpg",300,169,false],"gform-image-choice-md":["https:\/\/www.mbi-geodata.com\/p1\/wp-content\/uploads\/sites\/5\/2023\/07\/household_data.jpg",400,225,false],"gform-image-choice-lg":["https:\/\/www.mbi-geodata.com\/p1\/wp-content\/uploads\/sites\/5\/2023\/07\/household_data.jpg",600,338,false]},"post_excerpt_stackable_v2":"<p>HOUSEHOLDS WHAT IS HOUSEHOLD DATA? Household Data&nbsp;comprises: Two digit country code by&nbsp;ISO 3166 Administrative Code\/ Postal Code\/ Micro-Code Name of&nbsp;administrative area\/ Name of the most populous administrative area\/ Name of the respective micro-area or the next higher level Population year average: total number Population year average: per mill of country Households:&nbsp;total number Sample of the Data Structure: Households on municipality level for the Czech Republic Admincode Name Population year average Householdsyear average &nbsp; Municipality\/Obce number per millof country number 532100 Blevice 285 0,027 115 532169 Bu\u0161t\u011bhrad 2.791 0,265 1.220 532282 D\u0159etovice 500 0,048 209 532495 Kole\u010d 623 0,059 265 532681&hellip;<\/p>\n","category_list_v2":"","author_info_v2":{"name":"saasweb-admin","url":"https:\/\/www.mbi-geodata.com\/p1\/author\/saasweb-admin\/"},"comments_num_v2":"0 comments","_links":{"self":[{"href":"https:\/\/www.mbi-geodata.com\/p1\/wp-json\/wp\/v2\/pages\/65","targetHints":{"allow":["GET"]}}],"collection":[{"href":"https:\/\/www.mbi-geodata.com\/p1\/wp-json\/wp\/v2\/pages"}],"about":[{"href":"https:\/\/www.mbi-geodata.com\/p1\/wp-json\/wp\/v2\/types\/page"}],"author":[{"embeddable":true,"href":"https:\/\/www.mbi-geodata.com\/p1\/wp-json\/wp\/v2\/users\/1"}],"replies":[{"embeddable":true,"href":"https:\/\/www.mbi-geodata.com\/p1\/wp-json\/wp\/v2\/comments?post=65"}],"version-history":[{"count":1,"href":"https:\/\/www.mbi-geodata.com\/p1\/wp-json\/wp\/v2\/pages\/65\/revisions"}],"predecessor-version":[{"id":18893,"href":"https:\/\/www.mbi-geodata.com\/p1\/wp-json\/wp\/v2\/pages\/65\/revisions\/18893"}],"up":[{"embeddable":true,"href":"https:\/\/www.mbi-geodata.com\/p1\/wp-json\/wp\/v2\/pages\/17972"}],"wp:featuredmedia":[{"embeddable":true,"href":"https:\/\/www.mbi-geodata.com\/p1\/wp-json\/wp\/v2\/media\/14896"}],"wp:attachment":[{"href":"https:\/\/www.mbi-geodata.com\/p1\/wp-json\/wp\/v2\/media?parent=65"}],"curies":[{"name":"wp","href":"https:\/\/api.w.org\/{rel}","templated":true}]}}