{"id":8,"date":"2014-03-11T13:33:22","date_gmt":"2014-03-11T12:33:22","guid":{"rendered":"https:\/\/www.mbi-geodata.com\/de\/datenangebot\/"},"modified":"2024-05-16T08:35:49","modified_gmt":"2024-05-16T06:35:49","slug":"mbi-ihr-lieferant-und-hersteller-von-weltweiten-geodaten","status":"publish","type":"page","link":"https:\/\/www.mbi-geodata.com\/de\/mbi-ihr-lieferant-und-hersteller-von-weltweiten-geodaten\/","title":{"rendered":"GEODATEN &#8211; WELTWEIT EINHEITLICH UND VERGLEICHBAR"},"content":{"rendered":"\n<div style=\"height:50px\" aria-hidden=\"true\" class=\"wp-block-spacer\"><\/div>\n\n\n\n<h2 class=\"wp-block-heading\">MBI GEODATEN \u2013 IHR LIEFERANT UND HERSTELLER VON INTERNATIONALEN GEODATEN, MARKTDATEN UND RISIKODATEN<\/h2>\n\n\n\n<div class=\"wp-block-stackable-heading stk-block-heading stk-block stk-7915525\" id=\"strong-weltweit-einheitlich-und-vergleichbar-strong\" data-block-id=\"7915525\"><style>.stk-7915525{margin-bottom:50px !important}.stk-7915525{top:-15px !important}.stk-7915525 .stk-block-heading__text{font-size:16px !important}@media screen and (max-width:1023px){.stk-7915525 .stk-block-heading__text{font-size:16px !important}}<\/style><h2 class=\"stk-block-heading__text\"><strong>Weltweit einheitlich und vergleichbar<\/strong><\/h2><\/div>\n\n\n\n<p>Michael Bauer International GmbH ist einer der gr\u00f6\u00dften internationalen Datenanbieter. Als Spezialist f\u00fcr kleinr\u00e4umige Daten f\u00fcr das Geomarketing erstellen wir mit Leidenschaft und wissenschaftlichem Know-how weltweite und einheitliche Geodaten, Marktdaten und Risikodaten.<\/p>\n\n\n\n<p>Unsere Daten zu&nbsp;<a href=\"https:\/\/www.mbi-geodata.com\/de\/kaufkraft\/\"><strong>Kaufkraft<\/strong><\/a>,&nbsp;<a href=\"https:\/\/www.mbi-geodata.com\/de\/soziodemographie\/\"><strong>Soziodemographie<\/strong><\/a>, weltweiten&nbsp;<a href=\"https:\/\/www.mbi-geodata.com\/de\/gebietsgrenzen\/\"><strong>Postleitzahl- und administrativen Grenzen<\/strong><\/a>&nbsp;bef\u00e4higen Unternehmen aller Branchen beim Treffen von fundierten und datengest\u00fctzten Entscheidungen. Sie sind Grundlage f\u00fcr Markt- und Standortanalysen sowie Vertriebs- und Expansionsplanungen. MBI\u2019s Data Scientists liefern mit <a href=\"https:\/\/www.mbi-geodata.com\/de\/mobile-trace-data\/\"><strong>Bewegungsdaten<\/strong><\/a> wertvolle Einblicke in das globale Konsumentenverhalten und die Customer Journey.<\/p>\n\n\n\n<p>MB-International ist einer der weltweit ersten <a href=\"https:\/\/www.mbi-geodata.com\/de\/strassenkarte-here\/\"><strong>HERE Technologies Distributoren<\/strong><\/a>. HERE ist der f\u00fchrende Anbieter in der Entwicklung digitaler Karten und ortsbezogener Dienste.<\/p>\n\n\n\n<p>Mit CONIAS Risk Intelligence unterst\u00fctzen wir international operierende Unternehmen und Organisationen dabei, politische Risiken f\u00fcr Standort-, Logistik- und Investitionssicherheit fr\u00fchzeitig zu erkennen und zielgerichtete Anpassungsstrategien zu entwickeln. In unserer CONIAS Academy in Heidelberg bieten wir au\u00dferdem Seminare zur Analyse und Bewertung globaler <a href=\"https:\/\/www.mbi-geodata.com\/de\/politischer-risiko-index\/\"><strong>politischer&nbsp;Risikodaten<\/strong><\/a> an.<\/p>\n\n\n\n<p>Zur Michael Bauer Gruppe geh\u00f6ren neben der Michael Bauer International GmbH die&nbsp;<a href=\"https:\/\/www.mb-research.de\/\"><strong>Michael Bauer Research GmbH<\/strong><\/a>&nbsp;und die&nbsp;<a href=\"https:\/\/www.mb-micromarketing.de\/\"><strong>Michael Bauer Micromarketing GmbH<\/strong><\/a>.<\/p>\n<div class=\"shariff shariff-align-center shariff-widget-align-left\"><div class=\"ShariffHeadline\"><h3 class=\"shariff_headline\">Teilen<\/h3><\/div><ul class=\"shariff-buttons theme-round orientation-horizontal buttonsize-medium\"><li class=\"shariff-button twitter shariff-nocustomcolor\" style=\"background-color:#595959\"><a href=\"https:\/\/twitter.com\/share?url=https%3A%2F%2Fwww.mbi-geodata.com%2Fde%2Fmbi-ihr-lieferant-und-hersteller-von-weltweiten-geodaten%2F&text=GEODATEN%20%E2%80%93%20WELTWEIT%20EINHEITLICH%20UND%20VERGLEICHBAR&via=MBIgeodata\" title=\"Bei X teilen\" aria-label=\"Bei X teilen\" role=\"button\" rel=\"noopener nofollow\" class=\"shariff-link\" style=\"; background-color:#000; color:#fff\" target=\"_blank\"><span class=\"shariff-icon\" style=\"\"><svg width=\"32px\" height=\"20px\" xmlns=\"http:\/\/www.w3.org\/2000\/svg\" viewBox=\"0 0 24 24\"><path fill=\"#000\" d=\"M14.258 10.152L23.176 0h-2.113l-7.747 8.813L7.133 0H0l9.352 13.328L0 23.973h2.113l8.176-9.309 6.531 9.309h7.133zm-2.895 3.293l-.949-1.328L2.875 1.56h3.246l6.086 8.523.945 1.328 7.91 11.078h-3.246zm0 0\"\/><\/svg><\/span><\/a><\/li><li class=\"shariff-button xing shariff-nocustomcolor\" style=\"background-color:#29888a\"><a href=\"https:\/\/www.xing.com\/spi\/shares\/new?url=https%3A%2F%2Fwww.mbi-geodata.com%2Fde%2Fmbi-ihr-lieferant-und-hersteller-von-weltweiten-geodaten%2F\" title=\"Bei XING teilen\" aria-label=\"Bei XING teilen\" role=\"button\" rel=\"noopener nofollow\" class=\"shariff-link\" style=\"; background-color:#126567; color:#fff\" target=\"_blank\"><span class=\"shariff-icon\" style=\"\"><svg width=\"32px\" height=\"20px\" xmlns=\"http:\/\/www.w3.org\/2000\/svg\" viewBox=\"0 0 25 32\"><path fill=\"#126567\" d=\"M10.7 11.9q-0.2 0.3-4.6 8.2-0.5 0.8-1.2 0.8h-4.3q-0.4 0-0.5-0.3t0-0.6l4.5-8q0 0 0 0l-2.9-5q-0.2-0.4 0-0.7 0.2-0.3 0.5-0.3h4.3q0.7 0 1.2 0.8zM25.1 0.4q0.2 0.3 0 0.7l-9.4 16.7 6 11q0.2 0.4 0 0.6-0.2 0.3-0.6 0.3h-4.3q-0.7 0-1.2-0.8l-6-11.1q0.3-0.6 9.5-16.8 0.4-0.8 1.2-0.8h4.3q0.4 0 0.5 0.3z\"\/><\/svg><\/span><\/a><\/li><li class=\"shariff-button linkedin shariff-nocustomcolor\" style=\"background-color:#1488bf\"><a href=\"https:\/\/www.linkedin.com\/sharing\/share-offsite\/?url=https%3A%2F%2Fwww.mbi-geodata.com%2Fde%2Fmbi-ihr-lieferant-und-hersteller-von-weltweiten-geodaten%2F\" title=\"Bei LinkedIn teilen\" aria-label=\"Bei LinkedIn teilen\" role=\"button\" rel=\"noopener nofollow\" class=\"shariff-link\" style=\"; background-color:#0077b5; color:#fff\" target=\"_blank\"><span class=\"shariff-icon\" style=\"\"><svg width=\"32px\" height=\"20px\" xmlns=\"http:\/\/www.w3.org\/2000\/svg\" viewBox=\"0 0 27 32\"><path fill=\"#0077b5\" d=\"M6.2 11.2v17.7h-5.9v-17.7h5.9zM6.6 5.7q0 1.3-0.9 2.2t-2.4 0.9h0q-1.5 0-2.4-0.9t-0.9-2.2 0.9-2.2 2.4-0.9 2.4 0.9 0.9 2.2zM27.4 18.7v10.1h-5.9v-9.5q0-1.9-0.7-2.9t-2.3-1.1q-1.1 0-1.9 0.6t-1.2 1.5q-0.2 0.5-0.2 1.4v9.9h-5.9q0-7.1 0-11.6t0-5.3l0-0.9h5.9v2.6h0q0.4-0.6 0.7-1t1-0.9 1.6-0.8 2-0.3q3 0 4.9 2t1.9 6z\"\/><\/svg><\/span><\/a><\/li><li class=\"shariff-button facebook shariff-nocustomcolor\" style=\"background-color:#4273c8\"><a href=\"https:\/\/www.facebook.com\/sharer\/sharer.php?u=https%3A%2F%2Fwww.mbi-geodata.com%2Fde%2Fmbi-ihr-lieferant-und-hersteller-von-weltweiten-geodaten%2F\" title=\"Bei Facebook teilen\" aria-label=\"Bei Facebook teilen\" role=\"button\" rel=\"nofollow\" class=\"shariff-link\" style=\"; background-color:#3b5998; color:#fff\" target=\"_blank\"><span class=\"shariff-icon\" style=\"\"><svg width=\"32px\" height=\"20px\" xmlns=\"http:\/\/www.w3.org\/2000\/svg\" viewBox=\"0 0 18 32\"><path fill=\"#3b5998\" d=\"M17.1 0.2v4.7h-2.8q-1.5 0-2.1 0.6t-0.5 1.9v3.4h5.2l-0.7 5.3h-4.5v13.6h-5.5v-13.6h-4.5v-5.3h4.5v-3.9q0-3.3 1.9-5.2t5-1.8q2.6 0 4.1 0.2z\"\/><\/svg><\/span><\/a><\/li><li class=\"shariff-button mailto shariff-nocustomcolor\" style=\"background-color:#a8a8a8\"><a href=\"mailto:?body=https%3A%2F%2Fwww.mbi-geodata.com%2Fde%2Fmbi-ihr-lieferant-und-hersteller-von-weltweiten-geodaten%2F&subject=GEODATEN%20%E2%80%93%20WELTWEIT%20EINHEITLICH%20UND%20VERGLEICHBAR\" title=\"Per E-Mail versenden\" aria-label=\"Per E-Mail versenden\" role=\"button\" rel=\"noopener nofollow\" class=\"shariff-link\" style=\"; background-color:#999; color:#fff\"><span class=\"shariff-icon\" style=\"\"><svg width=\"32px\" height=\"20px\" xmlns=\"http:\/\/www.w3.org\/2000\/svg\" viewBox=\"0 0 32 32\"><path fill=\"#999\" d=\"M32 12.7v14.2q0 1.2-0.8 2t-2 0.9h-26.3q-1.2 0-2-0.9t-0.8-2v-14.2q0.8 0.9 1.8 1.6 6.5 4.4 8.9 6.1 1 0.8 1.6 1.2t1.7 0.9 2 0.4h0.1q0.9 0 2-0.4t1.7-0.9 1.6-1.2q3-2.2 8.9-6.1 1-0.7 1.8-1.6zM32 7.4q0 1.4-0.9 2.7t-2.2 2.2q-6.7 4.7-8.4 5.8-0.2 0.1-0.7 0.5t-1 0.7-0.9 0.6-1.1 0.5-0.9 0.2h-0.1q-0.4 0-0.9-0.2t-1.1-0.5-0.9-0.6-1-0.7-0.7-0.5q-1.6-1.1-4.7-3.2t-3.6-2.6q-1.1-0.7-2.1-2t-1-2.5q0-1.4 0.7-2.3t2.1-0.9h26.3q1.2 0 2 0.8t0.9 2z\"\/><\/svg><\/span><\/a><\/li><\/ul><\/div>","protected":false},"excerpt":{"rendered":"<p>MBI GEODATEN \u2013 IHR LIEFERANT UND HERSTELLER VON INTERNATIONALEN GEODATEN, MARKTDATEN UND RISIKODATEN Weltweit einheitlich und vergleichbar Michael Bauer International GmbH ist einer der gr\u00f6\u00dften internationalen Datenanbieter. Als Spezialist f\u00fcr [&hellip;]<\/p>\n","protected":false},"author":5,"featured_media":18658,"parent":0,"menu_order":26,"comment_status":"closed","ping_status":"open","template":"template-max-menu.php","meta":{"_acf_changed":false,"_uag_custom_page_level_css":"","ngg_post_thumbnail":0,"_EventAllDay":false,"_EventTimezone":"","_EventStartDate":"","_EventEndDate":"","_EventStartDateUTC":"","_EventEndDateUTC":"","_EventShowMap":false,"_EventShowMapLink":false,"_EventURL":"","_EventCost":"","_EventCostDescription":"","_EventCurrencySymbol":"","_EventCurrencyCode":"","_EventCurrencyPosition":"","_EventDateTimeSeparator":"","_EventTimeRangeSeparator":"","_EventOrganizerID":[],"_EventVenueID":[],"_OrganizerEmail":"","_OrganizerPhone":"","_OrganizerWebsite":"","_VenueAddress":"","_VenueCity":"","_VenueCountry":"","_VenueProvince":"","_VenueState":"","_VenueZip":"","_VenuePhone":"","_VenueURL":"","_VenueStateProvince":"","_VenueLat":"","_VenueLng":"","_VenueShowMap":false,"_VenueShowMapLink":false,"footnotes":""},"class_list":["post-8","page","type-page","status-publish","has-post-thumbnail","hentry"],"acf":[],"featured_image_urls_v2":{"full":["https:\/\/www.mbi-geodata.com\/de\/wp-content\/uploads\/sites\/2\/2022\/04\/MBI-Webseite-Homepage-Menue.jpg",1383,892,false],"thumbnail":["https:\/\/www.mbi-geodata.com\/de\/wp-content\/uploads\/sites\/2\/2022\/04\/MBI-Webseite-Homepage-Menue-150x150.jpg",150,150,true],"medium":["https:\/\/www.mbi-geodata.com\/de\/wp-content\/uploads\/sites\/2\/2022\/04\/MBI-Webseite-Homepage-Menue-300x193.jpg",300,193,true],"medium_large":["https:\/\/www.mbi-geodata.com\/de\/wp-content\/uploads\/sites\/2\/2022\/04\/MBI-Webseite-Homepage-Menue-768x495.jpg",698,450,true],"large":["https:\/\/www.mbi-geodata.com\/de\/wp-content\/uploads\/sites\/2\/2022\/04\/MBI-Webseite-Homepage-Menue-1024x660.jpg",698,450,true],"1536x1536":["https:\/\/www.mbi-geodata.com\/de\/wp-content\/uploads\/sites\/2\/2022\/04\/MBI-Webseite-Homepage-Menue.jpg",1383,892,false],"2048x2048":["https:\/\/www.mbi-geodata.com\/de\/wp-content\/uploads\/sites\/2\/2022\/04\/MBI-Webseite-Homepage-Menue.jpg",1383,892,false],"mini":["https:\/\/www.mbi-geodata.com\/de\/wp-content\/uploads\/sites\/2\/2022\/04\/MBI-Webseite-Homepage-Menue-88x57.jpg",88,57,true],"post-thumbnail":["https:\/\/www.mbi-geodata.com\/de\/wp-content\/uploads\/sites\/2\/2022\/04\/MBI-Webseite-Homepage-Menue-125x125.jpg",125,125,true],"gform-image-choice-sm":["https:\/\/www.mbi-geodata.com\/de\/wp-content\/uploads\/sites\/2\/2022\/04\/MBI-Webseite-Homepage-Menue.jpg",300,193,false],"gform-image-choice-md":["https:\/\/www.mbi-geodata.com\/de\/wp-content\/uploads\/sites\/2\/2022\/04\/MBI-Webseite-Homepage-Menue.jpg",400,258,false],"gform-image-choice-lg":["https:\/\/www.mbi-geodata.com\/de\/wp-content\/uploads\/sites\/2\/2022\/04\/MBI-Webseite-Homepage-Menue.jpg",600,387,false]},"post_excerpt_stackable_v2":"<p>MBI GEODATEN \u2013 IHR LIEFERANT UND HERSTELLER VON INTERNATIONALEN GEODATEN, MARKTDATEN UND RISIKODATEN Weltweit einheitlich und vergleichbar Michael Bauer International GmbH ist einer der gr\u00f6\u00dften internationalen Datenanbieter. Als Spezialist f\u00fcr kleinr\u00e4umige Daten f\u00fcr das Geomarketing erstellen wir mit Leidenschaft und wissenschaftlichem Know-how weltweite und einheitliche Geodaten, Marktdaten und Risikodaten. Unsere Daten zu&nbsp;Kaufkraft,&nbsp;Soziodemographie, weltweiten&nbsp;Postleitzahl- und administrativen Grenzen&nbsp;bef\u00e4higen Unternehmen aller Branchen beim Treffen von fundierten und datengest\u00fctzten Entscheidungen. Sie sind Grundlage f\u00fcr Markt- und Standortanalysen sowie Vertriebs- und Expansionsplanungen. MBI\u2019s Data Scientists liefern mit Bewegungsdaten wertvolle Einblicke in das globale Konsumentenverhalten und die Customer Journey. MB-International ist einer der weltweit ersten HERE&hellip;<\/p>\n","category_list_v2":"","author_info_v2":{"name":"schwannauer","url":"https:\/\/www.mbi-geodata.com\/de\/author\/schwannauer\/"},"comments_num_v2":"0 comments","yoast_head":"<!-- This site is optimized with the Yoast SEO plugin v27.6 - https:\/\/yoast.com\/product\/yoast-seo-wordpress\/ -->\n<title>MBI Lieferant und Hersteller von weltweiten Geodaten<\/title>\n<meta name=\"description\" content=\"Wir bieten Ihnen als Hersteller ein weit reichendes Angebot an internationalen Markt- und Geodaten auf verschiedenen Gebietsebenen.\" \/>\n<meta name=\"robots\" content=\"index, follow, max-snippet:-1, max-image-preview:large, max-video-preview:-1\" \/>\n<link rel=\"canonical\" href=\"https:\/\/www.mbi-geodata.com\/de\/mbi-ihr-lieferant-und-hersteller-von-weltweiten-geodaten\/\" \/>\n<meta property=\"og:locale\" content=\"de_DE\" \/>\n<meta property=\"og:type\" content=\"article\" \/>\n<meta property=\"og:title\" content=\"MBI Lieferant und Hersteller von weltweiten Geodaten\" \/>\n<meta property=\"og:description\" content=\"Wir bieten Ihnen als Hersteller ein weit reichendes Angebot an internationalen Markt- und Geodaten auf verschiedenen Gebietsebenen.\" \/>\n<meta property=\"og:url\" content=\"https:\/\/www.mbi-geodata.com\/de\/mbi-ihr-lieferant-und-hersteller-von-weltweiten-geodaten\/\" \/>\n<meta property=\"og:site_name\" content=\"MBI Weltweite Geodaten\" \/>\n<meta property=\"article:publisher\" content=\"https:\/\/www.facebook.com\/MBIgeodata\/?locale=de_DE\" \/>\n<meta property=\"article:modified_time\" content=\"2024-05-16T06:35:49+00:00\" \/>\n<meta property=\"og:image\" content=\"https:\/\/www.mbi-geodata.com\/de\/wp-content\/uploads\/sites\/2\/2022\/04\/MBI-Webseite-Homepage-Menue.jpg\" \/>\n\t<meta property=\"og:image:width\" content=\"1383\" \/>\n\t<meta property=\"og:image:height\" content=\"892\" \/>\n\t<meta property=\"og:image:type\" content=\"image\/jpeg\" \/>\n<meta name=\"twitter:card\" content=\"summary_large_image\" \/>\n<meta name=\"twitter:site\" content=\"@MBIgeodata\" \/>\n<meta name=\"twitter:label1\" content=\"Gesch\u00e4tzte Lesezeit\" \/>\n\t<meta name=\"twitter:data1\" content=\"2\u00a0Minuten\" \/>\n<script type=\"application\/ld+json\" class=\"yoast-schema-graph\">{\"@context\":\"https:\\\/\\\/schema.org\",\"@graph\":[{\"@type\":\"WebPage\",\"@id\":\"https:\\\/\\\/www.mbi-geodata.com\\\/de\\\/mbi-ihr-lieferant-und-hersteller-von-weltweiten-geodaten\\\/\",\"url\":\"https:\\\/\\\/www.mbi-geodata.com\\\/de\\\/mbi-ihr-lieferant-und-hersteller-von-weltweiten-geodaten\\\/\",\"name\":\"MBI Lieferant und Hersteller von weltweiten Geodaten\",\"isPartOf\":{\"@id\":\"https:\\\/\\\/www.mbi-geodata.com\\\/de\\\/#website\"},\"primaryImageOfPage\":{\"@id\":\"https:\\\/\\\/www.mbi-geodata.com\\\/de\\\/mbi-ihr-lieferant-und-hersteller-von-weltweiten-geodaten\\\/#primaryimage\"},\"image\":{\"@id\":\"https:\\\/\\\/www.mbi-geodata.com\\\/de\\\/mbi-ihr-lieferant-und-hersteller-von-weltweiten-geodaten\\\/#primaryimage\"},\"thumbnailUrl\":\"https:\\\/\\\/www.mbi-geodata.com\\\/de\\\/wp-content\\\/uploads\\\/sites\\\/2\\\/2022\\\/04\\\/MBI-Webseite-Homepage-Menue.jpg\",\"datePublished\":\"2014-03-11T12:33:22+00:00\",\"dateModified\":\"2024-05-16T06:35:49+00:00\",\"description\":\"Wir bieten Ihnen als Hersteller ein weit reichendes Angebot an internationalen Markt- und Geodaten auf verschiedenen Gebietsebenen.\",\"breadcrumb\":{\"@id\":\"https:\\\/\\\/www.mbi-geodata.com\\\/de\\\/mbi-ihr-lieferant-und-hersteller-von-weltweiten-geodaten\\\/#breadcrumb\"},\"inLanguage\":\"de\",\"potentialAction\":[{\"@type\":\"ReadAction\",\"target\":[\"https:\\\/\\\/www.mbi-geodata.com\\\/de\\\/mbi-ihr-lieferant-und-hersteller-von-weltweiten-geodaten\\\/\"]}]},{\"@type\":\"ImageObject\",\"inLanguage\":\"de\",\"@id\":\"https:\\\/\\\/www.mbi-geodata.com\\\/de\\\/mbi-ihr-lieferant-und-hersteller-von-weltweiten-geodaten\\\/#primaryimage\",\"url\":\"https:\\\/\\\/www.mbi-geodata.com\\\/de\\\/wp-content\\\/uploads\\\/sites\\\/2\\\/2022\\\/04\\\/MBI-Webseite-Homepage-Menue.jpg\",\"contentUrl\":\"https:\\\/\\\/www.mbi-geodata.com\\\/de\\\/wp-content\\\/uploads\\\/sites\\\/2\\\/2022\\\/04\\\/MBI-Webseite-Homepage-Menue.jpg\",\"width\":1383,\"height\":892,\"caption\":\"Screenshot der MBI Homepage und des Men\u00fcs\"},{\"@type\":\"BreadcrumbList\",\"@id\":\"https:\\\/\\\/www.mbi-geodata.com\\\/de\\\/mbi-ihr-lieferant-und-hersteller-von-weltweiten-geodaten\\\/#breadcrumb\",\"itemListElement\":[{\"@type\":\"ListItem\",\"position\":1,\"name\":\"Startseite\",\"item\":\"https:\\\/\\\/www.mbi-geodata.com\\\/de\\\/\"},{\"@type\":\"ListItem\",\"position\":2,\"name\":\"GEODATEN &#8211; WELTWEIT EINHEITLICH UND VERGLEICHBAR\"}]},{\"@type\":\"WebSite\",\"@id\":\"https:\\\/\\\/www.mbi-geodata.com\\\/de\\\/#website\",\"url\":\"https:\\\/\\\/www.mbi-geodata.com\\\/de\\\/\",\"name\":\"MBI Weltweite Geodaten\",\"description\":\"Weltweit einheitlich und vergleichbar\",\"publisher\":{\"@id\":\"https:\\\/\\\/www.mbi-geodata.com\\\/de\\\/#organization\"},\"potentialAction\":[{\"@type\":\"SearchAction\",\"target\":{\"@type\":\"EntryPoint\",\"urlTemplate\":\"https:\\\/\\\/www.mbi-geodata.com\\\/de\\\/?s={search_term_string}\"},\"query-input\":{\"@type\":\"PropertyValueSpecification\",\"valueRequired\":true,\"valueName\":\"search_term_string\"}}],\"inLanguage\":\"de\"},{\"@type\":\"Organization\",\"@id\":\"https:\\\/\\\/www.mbi-geodata.com\\\/de\\\/#organization\",\"name\":\"Michael Bauer International GmbH\",\"alternateName\":\"MBI\",\"url\":\"https:\\\/\\\/www.mbi-geodata.com\\\/de\\\/\",\"logo\":{\"@type\":\"ImageObject\",\"inLanguage\":\"de\",\"@id\":\"https:\\\/\\\/www.mbi-geodata.com\\\/de\\\/#\\\/schema\\\/logo\\\/image\\\/\",\"url\":\"https:\\\/\\\/www.mbi-geodata.com\\\/de\\\/wp-content\\\/uploads\\\/sites\\\/2\\\/2022\\\/07\\\/MBI_Logo.png\",\"contentUrl\":\"https:\\\/\\\/www.mbi-geodata.com\\\/de\\\/wp-content\\\/uploads\\\/sites\\\/2\\\/2022\\\/07\\\/MBI_Logo.png\",\"width\":481,\"height\":482,\"caption\":\"Michael Bauer International GmbH\"},\"image\":{\"@id\":\"https:\\\/\\\/www.mbi-geodata.com\\\/de\\\/#\\\/schema\\\/logo\\\/image\\\/\"},\"sameAs\":[\"https:\\\/\\\/www.facebook.com\\\/MBIgeodata\\\/?locale=de_DE\",\"https:\\\/\\\/x.com\\\/MBIgeodata\",\"https:\\\/\\\/de.linkedin.com\\\/company\\\/michael-bauer-international-gmbh\",\"https:\\\/\\\/www.youtube.com\\\/channel\\\/UCSqLxdr6Dj1INWxeHuAB0Aw\\\/featured\",\"https:\\\/\\\/www.xing.com\\\/pages\\\/michaelbauerinternationalgmbh\"]}]}<\/script>\n<!-- \/ Yoast SEO plugin. -->","yoast_head_json":{"title":"MBI Lieferant und Hersteller von weltweiten Geodaten","description":"Wir bieten Ihnen als Hersteller ein weit reichendes Angebot an internationalen Markt- und Geodaten auf verschiedenen Gebietsebenen.","robots":{"index":"index","follow":"follow","max-snippet":"max-snippet:-1","max-image-preview":"max-image-preview:large","max-video-preview":"max-video-preview:-1"},"canonical":"https:\/\/www.mbi-geodata.com\/de\/mbi-ihr-lieferant-und-hersteller-von-weltweiten-geodaten\/","og_locale":"de_DE","og_type":"article","og_title":"MBI Lieferant und Hersteller von weltweiten Geodaten","og_description":"Wir bieten Ihnen als Hersteller ein weit reichendes Angebot an internationalen Markt- und Geodaten auf verschiedenen Gebietsebenen.","og_url":"https:\/\/www.mbi-geodata.com\/de\/mbi-ihr-lieferant-und-hersteller-von-weltweiten-geodaten\/","og_site_name":"MBI Weltweite Geodaten","article_publisher":"https:\/\/www.facebook.com\/MBIgeodata\/?locale=de_DE","article_modified_time":"2024-05-16T06:35:49+00:00","og_image":[{"width":1383,"height":892,"url":"https:\/\/www.mbi-geodata.com\/de\/wp-content\/uploads\/sites\/2\/2022\/04\/MBI-Webseite-Homepage-Menue.jpg","type":"image\/jpeg"}],"twitter_card":"summary_large_image","twitter_site":"@MBIgeodata","twitter_misc":{"Gesch\u00e4tzte Lesezeit":"2\u00a0Minuten"},"schema":{"@context":"https:\/\/schema.org","@graph":[{"@type":"WebPage","@id":"https:\/\/www.mbi-geodata.com\/de\/mbi-ihr-lieferant-und-hersteller-von-weltweiten-geodaten\/","url":"https:\/\/www.mbi-geodata.com\/de\/mbi-ihr-lieferant-und-hersteller-von-weltweiten-geodaten\/","name":"MBI Lieferant und Hersteller von weltweiten Geodaten","isPartOf":{"@id":"https:\/\/www.mbi-geodata.com\/de\/#website"},"primaryImageOfPage":{"@id":"https:\/\/www.mbi-geodata.com\/de\/mbi-ihr-lieferant-und-hersteller-von-weltweiten-geodaten\/#primaryimage"},"image":{"@id":"https:\/\/www.mbi-geodata.com\/de\/mbi-ihr-lieferant-und-hersteller-von-weltweiten-geodaten\/#primaryimage"},"thumbnailUrl":"https:\/\/www.mbi-geodata.com\/de\/wp-content\/uploads\/sites\/2\/2022\/04\/MBI-Webseite-Homepage-Menue.jpg","datePublished":"2014-03-11T12:33:22+00:00","dateModified":"2024-05-16T06:35:49+00:00","description":"Wir bieten Ihnen als Hersteller ein weit reichendes Angebot an internationalen Markt- und Geodaten auf verschiedenen Gebietsebenen.","breadcrumb":{"@id":"https:\/\/www.mbi-geodata.com\/de\/mbi-ihr-lieferant-und-hersteller-von-weltweiten-geodaten\/#breadcrumb"},"inLanguage":"de","potentialAction":[{"@type":"ReadAction","target":["https:\/\/www.mbi-geodata.com\/de\/mbi-ihr-lieferant-und-hersteller-von-weltweiten-geodaten\/"]}]},{"@type":"ImageObject","inLanguage":"de","@id":"https:\/\/www.mbi-geodata.com\/de\/mbi-ihr-lieferant-und-hersteller-von-weltweiten-geodaten\/#primaryimage","url":"https:\/\/www.mbi-geodata.com\/de\/wp-content\/uploads\/sites\/2\/2022\/04\/MBI-Webseite-Homepage-Menue.jpg","contentUrl":"https:\/\/www.mbi-geodata.com\/de\/wp-content\/uploads\/sites\/2\/2022\/04\/MBI-Webseite-Homepage-Menue.jpg","width":1383,"height":892,"caption":"Screenshot der MBI Homepage und des Men\u00fcs"},{"@type":"BreadcrumbList","@id":"https:\/\/www.mbi-geodata.com\/de\/mbi-ihr-lieferant-und-hersteller-von-weltweiten-geodaten\/#breadcrumb","itemListElement":[{"@type":"ListItem","position":1,"name":"Startseite","item":"https:\/\/www.mbi-geodata.com\/de\/"},{"@type":"ListItem","position":2,"name":"GEODATEN &#8211; WELTWEIT EINHEITLICH UND VERGLEICHBAR"}]},{"@type":"WebSite","@id":"https:\/\/www.mbi-geodata.com\/de\/#website","url":"https:\/\/www.mbi-geodata.com\/de\/","name":"MBI Weltweite Geodaten","description":"Weltweit einheitlich und vergleichbar","publisher":{"@id":"https:\/\/www.mbi-geodata.com\/de\/#organization"},"potentialAction":[{"@type":"SearchAction","target":{"@type":"EntryPoint","urlTemplate":"https:\/\/www.mbi-geodata.com\/de\/?s={search_term_string}"},"query-input":{"@type":"PropertyValueSpecification","valueRequired":true,"valueName":"search_term_string"}}],"inLanguage":"de"},{"@type":"Organization","@id":"https:\/\/www.mbi-geodata.com\/de\/#organization","name":"Michael Bauer International GmbH","alternateName":"MBI","url":"https:\/\/www.mbi-geodata.com\/de\/","logo":{"@type":"ImageObject","inLanguage":"de","@id":"https:\/\/www.mbi-geodata.com\/de\/#\/schema\/logo\/image\/","url":"https:\/\/www.mbi-geodata.com\/de\/wp-content\/uploads\/sites\/2\/2022\/07\/MBI_Logo.png","contentUrl":"https:\/\/www.mbi-geodata.com\/de\/wp-content\/uploads\/sites\/2\/2022\/07\/MBI_Logo.png","width":481,"height":482,"caption":"Michael Bauer International GmbH"},"image":{"@id":"https:\/\/www.mbi-geodata.com\/de\/#\/schema\/logo\/image\/"},"sameAs":["https:\/\/www.facebook.com\/MBIgeodata\/?locale=de_DE","https:\/\/x.com\/MBIgeodata","https:\/\/de.linkedin.com\/company\/michael-bauer-international-gmbh","https:\/\/www.youtube.com\/channel\/UCSqLxdr6Dj1INWxeHuAB0Aw\/featured","https:\/\/www.xing.com\/pages\/michaelbauerinternationalgmbh"]}]}},"uagb_featured_image_src":{"full":["https:\/\/www.mbi-geodata.com\/de\/wp-content\/uploads\/sites\/2\/2022\/04\/MBI-Webseite-Homepage-Menue.jpg",1383,892,false],"thumbnail":["https:\/\/www.mbi-geodata.com\/de\/wp-content\/uploads\/sites\/2\/2022\/04\/MBI-Webseite-Homepage-Menue-150x150.jpg",150,150,true],"medium":["https:\/\/www.mbi-geodata.com\/de\/wp-content\/uploads\/sites\/2\/2022\/04\/MBI-Webseite-Homepage-Menue-300x193.jpg",300,193,true],"medium_large":["https:\/\/www.mbi-geodata.com\/de\/wp-content\/uploads\/sites\/2\/2022\/04\/MBI-Webseite-Homepage-Menue-768x495.jpg",698,450,true],"large":["https:\/\/www.mbi-geodata.com\/de\/wp-content\/uploads\/sites\/2\/2022\/04\/MBI-Webseite-Homepage-Menue-1024x660.jpg",698,450,true],"1536x1536":["https:\/\/www.mbi-geodata.com\/de\/wp-content\/uploads\/sites\/2\/2022\/04\/MBI-Webseite-Homepage-Menue.jpg",1383,892,false],"2048x2048":["https:\/\/www.mbi-geodata.com\/de\/wp-content\/uploads\/sites\/2\/2022\/04\/MBI-Webseite-Homepage-Menue.jpg",1383,892,false],"mini":["https:\/\/www.mbi-geodata.com\/de\/wp-content\/uploads\/sites\/2\/2022\/04\/MBI-Webseite-Homepage-Menue-88x57.jpg",88,57,true],"post-thumbnail":["https:\/\/www.mbi-geodata.com\/de\/wp-content\/uploads\/sites\/2\/2022\/04\/MBI-Webseite-Homepage-Menue-125x125.jpg",125,125,true],"gform-image-choice-sm":["https:\/\/www.mbi-geodata.com\/de\/wp-content\/uploads\/sites\/2\/2022\/04\/MBI-Webseite-Homepage-Menue.jpg",300,193,false],"gform-image-choice-md":["https:\/\/www.mbi-geodata.com\/de\/wp-content\/uploads\/sites\/2\/2022\/04\/MBI-Webseite-Homepage-Menue.jpg",400,258,false],"gform-image-choice-lg":["https:\/\/www.mbi-geodata.com\/de\/wp-content\/uploads\/sites\/2\/2022\/04\/MBI-Webseite-Homepage-Menue.jpg",600,387,false]},"uagb_author_info":{"display_name":"schwannauer","author_link":"https:\/\/www.mbi-geodata.com\/de\/author\/schwannauer\/"},"uagb_comment_info":0,"uagb_excerpt":"MBI GEODATEN \u2013 IHR LIEFERANT UND HERSTELLER VON INTERNATIONALEN GEODATEN, MARKTDATEN UND RISIKODATEN Weltweit einheitlich und vergleichbar Michael Bauer International GmbH ist einer der gr\u00f6\u00dften internationalen Datenanbieter. Als Spezialist f\u00fcr [&hellip;]","_links":{"self":[{"href":"https:\/\/www.mbi-geodata.com\/de\/wp-json\/wp\/v2\/pages\/8","targetHints":{"allow":["GET"]}}],"collection":[{"href":"https:\/\/www.mbi-geodata.com\/de\/wp-json\/wp\/v2\/pages"}],"about":[{"href":"https:\/\/www.mbi-geodata.com\/de\/wp-json\/wp\/v2\/types\/page"}],"author":[{"embeddable":true,"href":"https:\/\/www.mbi-geodata.com\/de\/wp-json\/wp\/v2\/users\/5"}],"replies":[{"embeddable":true,"href":"https:\/\/www.mbi-geodata.com\/de\/wp-json\/wp\/v2\/comments?post=8"}],"version-history":[{"count":113,"href":"https:\/\/www.mbi-geodata.com\/de\/wp-json\/wp\/v2\/pages\/8\/revisions"}],"predecessor-version":[{"id":17756,"href":"https:\/\/www.mbi-geodata.com\/de\/wp-json\/wp\/v2\/pages\/8\/revisions\/17756"}],"wp:featuredmedia":[{"embeddable":true,"href":"https:\/\/www.mbi-geodata.com\/de\/wp-json\/wp\/v2\/media\/18658"}],"wp:attachment":[{"href":"https:\/\/www.mbi-geodata.com\/de\/wp-json\/wp\/v2\/media?parent=8"}],"curies":[{"name":"wp","href":"https:\/\/api.w.org\/{rel}","templated":true}]}}