{"id":1047,"date":"2014-03-28T18:44:48","date_gmt":"2014-03-28T17:44:48","guid":{"rendered":"https:\/\/www.mbi-geodata.com\/de\/newsletter\/"},"modified":"2018-02-18T17:06:50","modified_gmt":"2018-02-18T16:06:50","slug":"newsletter","status":"publish","type":"page","link":"https:\/\/www.mbi-geodata.com\/de\/newsletter\/","title":{"rendered":"Newsletter Abmeldung (Felder ausf\u00fcllen und Abonnieren klicken)"},"content":{"rendered":"<p><div class=\"tnp tnp-subscription \">\n<form method=\"post\" action=\"https:\/\/www.mbi-geodata.com\/de\/wp-admin\/admin-ajax.php?action=tnp&amp;na=s\">\n<input type=\"hidden\" name=\"nlang\" value=\"\">\n<div class=\"tnp-field tnp-field-firstname\"><label for=\"tnp-1\">Vorname<\/label>\n<input class=\"tnp-name\" type=\"text\" name=\"nn\" id=\"tnp-1\" value=\"\" placeholder=\"\"><\/div>\n<div class=\"tnp-field tnp-field-surname\"><label for=\"tnp-2\">Nachname<\/label>\n<input class=\"tnp-surname\" type=\"text\" name=\"ns\" id=\"tnp-2\" value=\"\" placeholder=\"\"><\/div><div class=\"tnp-field tnp-field-email\"><label for=\"tnp-3\">E-Mail<\/label>\n<input class=\"tnp-email\" type=\"email\" name=\"ne\" id=\"tnp-3\" value=\"\" placeholder=\"\" required><\/div>\n<div class=\"tnp-field tnp-privacy-field\"><label><input type=\"checkbox\" name=\"ny\" required class=\"tnp-privacy\"> <a target=\"_blank\" href=\"https:\/\/www.mbi-geodata.com\/de\/datenschutz\/\">Ihre personenbezogenen Daten werden entsprechend den Ausf\u00fchrungen der Datenschutzerkl\u00e4rung verarbeitet, die Ihnen unter diesem Link frei zug\u00e4nglich ist.<\/a><\/label><\/div><div class=\"tnp-field tnp-field-button\" style=\"text-align: left\"><input class=\"tnp-submit\" type=\"submit\" value=\"Abonnieren\" style=\"\">\n<\/div>\n<\/form>\n<\/div>\n<\/p>\n<div class=\"shariff shariff-align-center shariff-widget-align-flex-start\"><div class=\"ShariffHeadline\"><h3 class=\"shariff_headline\">Teilen<\/h3><\/div><ul class=\"shariff-buttons theme-round orientation-horizontal buttonsize-medium\"><li class=\"shariff-button twitter shariff-nocustomcolor\" style=\"background-color:#595959\"><a href=\"https:\/\/twitter.com\/share?url=https%3A%2F%2Fwww.mbi-geodata.com%2Fde%2Fnewsletter%2F&text=Newsletter%20Abmeldung%20%28Felder%20ausf%C3%BCllen%20und%20Abonnieren%20klicken%29&via=MBIgeodata\" title=\"Bei X teilen\" aria-label=\"Bei X teilen\" role=\"button\" rel=\"noopener nofollow\" class=\"shariff-link\" style=\"; background-color:#000; color:#fff\" target=\"_blank\"><span class=\"shariff-icon\" style=\"\"><svg width=\"32px\" height=\"20px\" xmlns=\"http:\/\/www.w3.org\/2000\/svg\" viewBox=\"0 0 24 24\"><path fill=\"#000\" d=\"M14.258 10.152L23.176 0h-2.113l-7.747 8.813L7.133 0H0l9.352 13.328L0 23.973h2.113l8.176-9.309 6.531 9.309h7.133zm-2.895 3.293l-.949-1.328L2.875 1.56h3.246l6.086 8.523.945 1.328 7.91 11.078h-3.246zm0 0\"\/><\/svg><\/span><\/a><\/li><li class=\"shariff-button xing shariff-nocustomcolor\" style=\"background-color:#29888a\"><a href=\"https:\/\/www.xing.com\/spi\/shares\/new?url=https%3A%2F%2Fwww.mbi-geodata.com%2Fde%2Fnewsletter%2F\" title=\"Bei XING teilen\" aria-label=\"Bei XING teilen\" role=\"button\" rel=\"noopener nofollow\" class=\"shariff-link\" style=\"; background-color:#126567; color:#fff\" target=\"_blank\"><span class=\"shariff-icon\" style=\"\"><svg width=\"32px\" height=\"20px\" xmlns=\"http:\/\/www.w3.org\/2000\/svg\" viewBox=\"0 0 25 32\"><path fill=\"#126567\" d=\"M10.7 11.9q-0.2 0.3-4.6 8.2-0.5 0.8-1.2 0.8h-4.3q-0.4 0-0.5-0.3t0-0.6l4.5-8q0 0 0 0l-2.9-5q-0.2-0.4 0-0.7 0.2-0.3 0.5-0.3h4.3q0.7 0 1.2 0.8zM25.1 0.4q0.2 0.3 0 0.7l-9.4 16.7 6 11q0.2 0.4 0 0.6-0.2 0.3-0.6 0.3h-4.3q-0.7 0-1.2-0.8l-6-11.1q0.3-0.6 9.5-16.8 0.4-0.8 1.2-0.8h4.3q0.4 0 0.5 0.3z\"\/><\/svg><\/span><\/a><\/li><li class=\"shariff-button linkedin shariff-nocustomcolor\" style=\"background-color:#1488bf\"><a href=\"https:\/\/www.linkedin.com\/sharing\/share-offsite\/?url=https%3A%2F%2Fwww.mbi-geodata.com%2Fde%2Fnewsletter%2F\" title=\"Bei LinkedIn teilen\" aria-label=\"Bei LinkedIn teilen\" role=\"button\" rel=\"noopener nofollow\" class=\"shariff-link\" style=\"; background-color:#0077b5; color:#fff\" target=\"_blank\"><span class=\"shariff-icon\" style=\"\"><svg width=\"32px\" height=\"20px\" xmlns=\"http:\/\/www.w3.org\/2000\/svg\" viewBox=\"0 0 27 32\"><path fill=\"#0077b5\" d=\"M6.2 11.2v17.7h-5.9v-17.7h5.9zM6.6 5.7q0 1.3-0.9 2.2t-2.4 0.9h0q-1.5 0-2.4-0.9t-0.9-2.2 0.9-2.2 2.4-0.9 2.4 0.9 0.9 2.2zM27.4 18.7v10.1h-5.9v-9.5q0-1.9-0.7-2.9t-2.3-1.1q-1.1 0-1.9 0.6t-1.2 1.5q-0.2 0.5-0.2 1.4v9.9h-5.9q0-7.1 0-11.6t0-5.3l0-0.9h5.9v2.6h0q0.4-0.6 0.7-1t1-0.9 1.6-0.8 2-0.3q3 0 4.9 2t1.9 6z\"\/><\/svg><\/span><\/a><\/li><li class=\"shariff-button facebook shariff-nocustomcolor\" style=\"background-color:#4273c8\"><a href=\"https:\/\/www.facebook.com\/sharer\/sharer.php?u=https%3A%2F%2Fwww.mbi-geodata.com%2Fde%2Fnewsletter%2F\" title=\"Bei Facebook teilen\" aria-label=\"Bei Facebook teilen\" role=\"button\" rel=\"nofollow\" class=\"shariff-link\" style=\"; background-color:#3b5998; color:#fff\" target=\"_blank\"><span class=\"shariff-icon\" style=\"\"><svg width=\"32px\" height=\"20px\" xmlns=\"http:\/\/www.w3.org\/2000\/svg\" viewBox=\"0 0 18 32\"><path fill=\"#3b5998\" d=\"M17.1 0.2v4.7h-2.8q-1.5 0-2.1 0.6t-0.5 1.9v3.4h5.2l-0.7 5.3h-4.5v13.6h-5.5v-13.6h-4.5v-5.3h4.5v-3.9q0-3.3 1.9-5.2t5-1.8q2.6 0 4.1 0.2z\"\/><\/svg><\/span><\/a><\/li><li class=\"shariff-button mailto shariff-nocustomcolor\" style=\"background-color:#a8a8a8\"><a href=\"mailto:?body=https%3A%2F%2Fwww.mbi-geodata.com%2Fde%2Fnewsletter%2F&subject=Newsletter%20Abmeldung%20%28Felder%20ausf%C3%BCllen%20und%20Abonnieren%20klicken%29\" title=\"Per E-Mail versenden\" aria-label=\"Per E-Mail versenden\" role=\"button\" rel=\"noopener nofollow\" class=\"shariff-link\" style=\"; background-color:#999; color:#fff\"><span class=\"shariff-icon\" style=\"\"><svg width=\"32px\" height=\"20px\" xmlns=\"http:\/\/www.w3.org\/2000\/svg\" viewBox=\"0 0 32 32\"><path fill=\"#999\" d=\"M32 12.7v14.2q0 1.2-0.8 2t-2 0.9h-26.3q-1.2 0-2-0.9t-0.8-2v-14.2q0.8 0.9 1.8 1.6 6.5 4.4 8.9 6.1 1 0.8 1.6 1.2t1.7 0.9 2 0.4h0.1q0.9 0 2-0.4t1.7-0.9 1.6-1.2q3-2.2 8.9-6.1 1-0.7 1.8-1.6zM32 7.4q0 1.4-0.9 2.7t-2.2 2.2q-6.7 4.7-8.4 5.8-0.2 0.1-0.7 0.5t-1 0.7-0.9 0.6-1.1 0.5-0.9 0.2h-0.1q-0.4 0-0.9-0.2t-1.1-0.5-0.9-0.6-1-0.7-0.7-0.5q-1.6-1.1-4.7-3.2t-3.6-2.6q-1.1-0.7-2.1-2t-1-2.5q0-1.4 0.7-2.3t2.1-0.9h26.3q1.2 0 2 0.8t0.9 2z\"\/><\/svg><\/span><\/a><\/li><\/ul><\/div>","protected":false},"excerpt":{"rendered":"","protected":false},"author":5,"featured_media":0,"parent":0,"menu_order":44,"comment_status":"closed","ping_status":"closed","template":"","meta":{"_acf_changed":false,"_uag_custom_page_level_css":"","ngg_post_thumbnail":0,"_EventAllDay":false,"_EventTimezone":"","_EventStartDate":"","_EventEndDate":"","_EventStartDateUTC":"","_EventEndDateUTC":"","_EventShowMap":false,"_EventShowMapLink":false,"_EventURL":"","_EventCost":"","_EventCostDescription":"","_EventCurrencySymbol":"","_EventCurrencyCode":"","_EventCurrencyPosition":"","_EventDateTimeSeparator":"","_EventTimeRangeSeparator":"","_EventOrganizerID":[],"_EventVenueID":[],"_OrganizerEmail":"","_OrganizerPhone":"","_OrganizerWebsite":"","_VenueAddress":"","_VenueCity":"","_VenueCountry":"","_VenueProvince":"","_VenueState":"","_VenueZip":"","_VenuePhone":"","_VenueURL":"","_VenueStateProvince":"","_VenueLat":"","_VenueLng":"","_VenueShowMap":false,"_VenueShowMapLink":false,"footnotes":""},"class_list":["post-1047","page","type-page","status-publish","hentry"],"acf":[],"featured_image_urls_v2":{"full":"","thumbnail":"","medium":"","medium_large":"","large":"","1536x1536":"","2048x2048":"","mini":"","post-thumbnail":"","gform-image-choice-sm":"","gform-image-choice-md":"","gform-image-choice-lg":""},"post_excerpt_stackable_v2":"<p>Vorname Nachname E-Mail Ihre personenbezogenen Daten werden entsprechend den Ausf\u00fchrungen der Datenschutzerkl\u00e4rung verarbeitet, die Ihnen unter diesem Link frei zug\u00e4nglich ist.  <\/p>\n","category_list_v2":"","author_info_v2":{"name":"schwannauer","url":"https:\/\/www.mbi-geodata.com\/de\/author\/schwannauer\/"},"comments_num_v2":"0 comments","yoast_head":"<!-- This site is optimized with the Yoast SEO plugin v27.3 - https:\/\/yoast.com\/product\/yoast-seo-wordpress\/ -->\n<title>Newsletter Abmeldung (Felder ausf\u00fcllen und Abonnieren klicken) - MBI Weltweite Geodaten<\/title>\n<meta name=\"robots\" content=\"index, follow, max-snippet:-1, max-image-preview:large, max-video-preview:-1\" \/>\n<link rel=\"canonical\" href=\"https:\/\/www.mbi-geodata.com\/de\/newsletter\/\" \/>\n<meta property=\"og:locale\" content=\"de_DE\" \/>\n<meta property=\"og:type\" content=\"article\" \/>\n<meta property=\"og:title\" content=\"Newsletter Abmeldung (Felder ausf\u00fcllen und Abonnieren klicken) - MBI Weltweite Geodaten\" \/>\n<meta property=\"og:url\" content=\"https:\/\/www.mbi-geodata.com\/de\/newsletter\/\" \/>\n<meta property=\"og:site_name\" content=\"MBI Weltweite Geodaten\" \/>\n<meta property=\"article:publisher\" content=\"https:\/\/www.facebook.com\/MBIgeodata\/?locale=de_DE\" \/>\n<meta property=\"article:modified_time\" content=\"2018-02-18T16:06:50+00:00\" \/>\n<meta name=\"twitter:card\" content=\"summary_large_image\" \/>\n<meta name=\"twitter:site\" content=\"@MBIgeodata\" \/>\n<script type=\"application\/ld+json\" class=\"yoast-schema-graph\">{\"@context\":\"https:\\\/\\\/schema.org\",\"@graph\":[{\"@type\":\"WebPage\",\"@id\":\"https:\\\/\\\/www.mbi-geodata.com\\\/de\\\/newsletter\\\/\",\"url\":\"https:\\\/\\\/www.mbi-geodata.com\\\/de\\\/newsletter\\\/\",\"name\":\"Newsletter Abmeldung (Felder ausf\u00fcllen und Abonnieren klicken) - MBI Weltweite Geodaten\",\"isPartOf\":{\"@id\":\"https:\\\/\\\/www.mbi-geodata.com\\\/de\\\/#website\"},\"datePublished\":\"2014-03-28T17:44:48+00:00\",\"dateModified\":\"2018-02-18T16:06:50+00:00\",\"breadcrumb\":{\"@id\":\"https:\\\/\\\/www.mbi-geodata.com\\\/de\\\/newsletter\\\/#breadcrumb\"},\"inLanguage\":\"de\",\"potentialAction\":[{\"@type\":\"ReadAction\",\"target\":[\"https:\\\/\\\/www.mbi-geodata.com\\\/de\\\/newsletter\\\/\"]}]},{\"@type\":\"BreadcrumbList\",\"@id\":\"https:\\\/\\\/www.mbi-geodata.com\\\/de\\\/newsletter\\\/#breadcrumb\",\"itemListElement\":[{\"@type\":\"ListItem\",\"position\":1,\"name\":\"Startseite\",\"item\":\"https:\\\/\\\/www.mbi-geodata.com\\\/de\\\/\"},{\"@type\":\"ListItem\",\"position\":2,\"name\":\"Newsletter Abmeldung (Felder ausf\u00fcllen und Abonnieren klicken)\"}]},{\"@type\":\"WebSite\",\"@id\":\"https:\\\/\\\/www.mbi-geodata.com\\\/de\\\/#website\",\"url\":\"https:\\\/\\\/www.mbi-geodata.com\\\/de\\\/\",\"name\":\"MBI Weltweite Geodaten\",\"description\":\"Weltweit einheitlich und vergleichbar\",\"publisher\":{\"@id\":\"https:\\\/\\\/www.mbi-geodata.com\\\/de\\\/#organization\"},\"potentialAction\":[{\"@type\":\"SearchAction\",\"target\":{\"@type\":\"EntryPoint\",\"urlTemplate\":\"https:\\\/\\\/www.mbi-geodata.com\\\/de\\\/?s={search_term_string}\"},\"query-input\":{\"@type\":\"PropertyValueSpecification\",\"valueRequired\":true,\"valueName\":\"search_term_string\"}}],\"inLanguage\":\"de\"},{\"@type\":\"Organization\",\"@id\":\"https:\\\/\\\/www.mbi-geodata.com\\\/de\\\/#organization\",\"name\":\"Michael Bauer International GmbH\",\"alternateName\":\"MBI\",\"url\":\"https:\\\/\\\/www.mbi-geodata.com\\\/de\\\/\",\"logo\":{\"@type\":\"ImageObject\",\"inLanguage\":\"de\",\"@id\":\"https:\\\/\\\/www.mbi-geodata.com\\\/de\\\/#\\\/schema\\\/logo\\\/image\\\/\",\"url\":\"https:\\\/\\\/www.mbi-geodata.com\\\/de\\\/wp-content\\\/uploads\\\/sites\\\/2\\\/2022\\\/07\\\/MBI_Logo.png\",\"contentUrl\":\"https:\\\/\\\/www.mbi-geodata.com\\\/de\\\/wp-content\\\/uploads\\\/sites\\\/2\\\/2022\\\/07\\\/MBI_Logo.png\",\"width\":481,\"height\":482,\"caption\":\"Michael Bauer International GmbH\"},\"image\":{\"@id\":\"https:\\\/\\\/www.mbi-geodata.com\\\/de\\\/#\\\/schema\\\/logo\\\/image\\\/\"},\"sameAs\":[\"https:\\\/\\\/www.facebook.com\\\/MBIgeodata\\\/?locale=de_DE\",\"https:\\\/\\\/x.com\\\/MBIgeodata\",\"https:\\\/\\\/de.linkedin.com\\\/company\\\/michael-bauer-international-gmbh\",\"https:\\\/\\\/www.youtube.com\\\/channel\\\/UCSqLxdr6Dj1INWxeHuAB0Aw\\\/featured\",\"https:\\\/\\\/www.xing.com\\\/pages\\\/michaelbauerinternationalgmbh\"]}]}<\/script>\n<!-- \/ Yoast SEO plugin. -->","yoast_head_json":{"title":"Newsletter Abmeldung (Felder ausf\u00fcllen und Abonnieren klicken) - MBI Weltweite Geodaten","robots":{"index":"index","follow":"follow","max-snippet":"max-snippet:-1","max-image-preview":"max-image-preview:large","max-video-preview":"max-video-preview:-1"},"canonical":"https:\/\/www.mbi-geodata.com\/de\/newsletter\/","og_locale":"de_DE","og_type":"article","og_title":"Newsletter Abmeldung (Felder ausf\u00fcllen und Abonnieren klicken) - MBI Weltweite Geodaten","og_url":"https:\/\/www.mbi-geodata.com\/de\/newsletter\/","og_site_name":"MBI Weltweite Geodaten","article_publisher":"https:\/\/www.facebook.com\/MBIgeodata\/?locale=de_DE","article_modified_time":"2018-02-18T16:06:50+00:00","twitter_card":"summary_large_image","twitter_site":"@MBIgeodata","schema":{"@context":"https:\/\/schema.org","@graph":[{"@type":"WebPage","@id":"https:\/\/www.mbi-geodata.com\/de\/newsletter\/","url":"https:\/\/www.mbi-geodata.com\/de\/newsletter\/","name":"Newsletter Abmeldung (Felder ausf\u00fcllen und Abonnieren klicken) - MBI Weltweite Geodaten","isPartOf":{"@id":"https:\/\/www.mbi-geodata.com\/de\/#website"},"datePublished":"2014-03-28T17:44:48+00:00","dateModified":"2018-02-18T16:06:50+00:00","breadcrumb":{"@id":"https:\/\/www.mbi-geodata.com\/de\/newsletter\/#breadcrumb"},"inLanguage":"de","potentialAction":[{"@type":"ReadAction","target":["https:\/\/www.mbi-geodata.com\/de\/newsletter\/"]}]},{"@type":"BreadcrumbList","@id":"https:\/\/www.mbi-geodata.com\/de\/newsletter\/#breadcrumb","itemListElement":[{"@type":"ListItem","position":1,"name":"Startseite","item":"https:\/\/www.mbi-geodata.com\/de\/"},{"@type":"ListItem","position":2,"name":"Newsletter Abmeldung (Felder ausf\u00fcllen und Abonnieren klicken)"}]},{"@type":"WebSite","@id":"https:\/\/www.mbi-geodata.com\/de\/#website","url":"https:\/\/www.mbi-geodata.com\/de\/","name":"MBI Weltweite Geodaten","description":"Weltweit einheitlich und vergleichbar","publisher":{"@id":"https:\/\/www.mbi-geodata.com\/de\/#organization"},"potentialAction":[{"@type":"SearchAction","target":{"@type":"EntryPoint","urlTemplate":"https:\/\/www.mbi-geodata.com\/de\/?s={search_term_string}"},"query-input":{"@type":"PropertyValueSpecification","valueRequired":true,"valueName":"search_term_string"}}],"inLanguage":"de"},{"@type":"Organization","@id":"https:\/\/www.mbi-geodata.com\/de\/#organization","name":"Michael Bauer International GmbH","alternateName":"MBI","url":"https:\/\/www.mbi-geodata.com\/de\/","logo":{"@type":"ImageObject","inLanguage":"de","@id":"https:\/\/www.mbi-geodata.com\/de\/#\/schema\/logo\/image\/","url":"https:\/\/www.mbi-geodata.com\/de\/wp-content\/uploads\/sites\/2\/2022\/07\/MBI_Logo.png","contentUrl":"https:\/\/www.mbi-geodata.com\/de\/wp-content\/uploads\/sites\/2\/2022\/07\/MBI_Logo.png","width":481,"height":482,"caption":"Michael Bauer International GmbH"},"image":{"@id":"https:\/\/www.mbi-geodata.com\/de\/#\/schema\/logo\/image\/"},"sameAs":["https:\/\/www.facebook.com\/MBIgeodata\/?locale=de_DE","https:\/\/x.com\/MBIgeodata","https:\/\/de.linkedin.com\/company\/michael-bauer-international-gmbh","https:\/\/www.youtube.com\/channel\/UCSqLxdr6Dj1INWxeHuAB0Aw\/featured","https:\/\/www.xing.com\/pages\/michaelbauerinternationalgmbh"]}]}},"uagb_featured_image_src":{"full":false,"thumbnail":false,"medium":false,"medium_large":false,"large":false,"1536x1536":false,"2048x2048":false,"mini":false,"post-thumbnail":false,"gform-image-choice-sm":false,"gform-image-choice-md":false,"gform-image-choice-lg":false},"uagb_author_info":{"display_name":"schwannauer","author_link":"https:\/\/www.mbi-geodata.com\/de\/author\/schwannauer\/"},"uagb_comment_info":0,"uagb_excerpt":null,"_links":{"self":[{"href":"https:\/\/www.mbi-geodata.com\/de\/wp-json\/wp\/v2\/pages\/1047","targetHints":{"allow":["GET"]}}],"collection":[{"href":"https:\/\/www.mbi-geodata.com\/de\/wp-json\/wp\/v2\/pages"}],"about":[{"href":"https:\/\/www.mbi-geodata.com\/de\/wp-json\/wp\/v2\/types\/page"}],"author":[{"embeddable":true,"href":"https:\/\/www.mbi-geodata.com\/de\/wp-json\/wp\/v2\/users\/5"}],"replies":[{"embeddable":true,"href":"https:\/\/www.mbi-geodata.com\/de\/wp-json\/wp\/v2\/comments?post=1047"}],"version-history":[{"count":3,"href":"https:\/\/www.mbi-geodata.com\/de\/wp-json\/wp\/v2\/pages\/1047\/revisions"}],"predecessor-version":[{"id":2166,"href":"https:\/\/www.mbi-geodata.com\/de\/wp-json\/wp\/v2\/pages\/1047\/revisions\/2166"}],"wp:attachment":[{"href":"https:\/\/www.mbi-geodata.com\/de\/wp-json\/wp\/v2\/media?parent=1047"}],"curies":[{"name":"wp","href":"https:\/\/api.w.org\/{rel}","templated":true}]}}